{"id":706404,"date":"2025-08-27T15:55:29","date_gmt":"2025-08-27T12:55:29","guid":{"rendered":"https:\/\/roveyayinevi.com.tr\/index.php\/urun\/bilgic-kedi-anlatiyor-dunya\/"},"modified":"2026-04-16T02:14:59","modified_gmt":"2026-04-15T23:14:59","slug":"bilgic-kedi-anlatiyor-dunya","status":"publish","type":"product","link":"https:\/\/roveyayinevi.com.tr\/index.php\/urun\/bilgic-kedi-anlatiyor-dunya\/","title":{"rendered":"Bilgi\u00e7 Kedi Anlat\u0131yor &#8211; D\u00fcnya"},"content":{"rendered":"<p>Bilgi\u00e7 Kedi ile e\u011flenceli bir yolculu\u011fa ne dersin? \u0130\u015fte sana G\u00fcne\u015f Sistemi ve galaksimizi daha iyi tan\u0131mak i\u00e7in bir f\u0131rsat! Bilgi\u00e7 Kedi e\u015fsiz gezegenimizi ke\u015ffe \u00e7\u0131k\u0131yor. D\u00fcnya&#8217;n\u0131n yap\u0131s\u0131, nelerden meydana geldi\u011fi ve D\u00fcnya&#8217;n\u0131n neden \u00fczerinde canl\u0131lar\u0131n ya\u015fayabildi\u011fi tek gezegen oldu\u011fu gibi pek \u00e7ok ilgi \u00e7ekici konuyu ayr\u0131nt\u0131lar\u0131yla incelerken bir s\u00fcr\u00fc ilgin\u00e7 bilgi edineceksin. D\u00fcnyam\u0131z hakk\u0131nda merak etti\u011fin her \u015fey, ola\u011fan\u00fcst\u00fc g\u00fczellikteki foto\u011fraflar e\u015fli\u011finde bu kitab\u0131n sayfalar\u0131 aras\u0131nda.<\/p>\n","protected":false},"excerpt":{"rendered":"<p>Bilgi\u00e7 Kedi ile e\u011flenceli bir yolculu\u011fa ne dersin? \u0130\u015fte sana G\u00fcne\u015f Sistemi ve galaksimizi daha iyi tan\u0131mak i\u00e7in bir f\u0131rsat! Bilgi\u00e7 Kedi e\u015fsiz gezegenimizi ke\u015ffe \u00e7\u0131k\u0131yor.<span class=\"excerpt-hellip\"> [\u2026]<\/span><\/p>\n","protected":false},"featured_media":0,"template":"","meta":{"_monsterinsights_skip_tracking":false,"_monsterinsights_sitenote_active":false,"_monsterinsights_sitenote_note":"","_monsterinsights_sitenote_category":0},"product_brand":[],"product_cat":[12274,15842],"product_tag":[],"class_list":{"0":"post-706404","1":"product","2":"type-product","3":"status-publish","5":"product_cat-cocuk-ve-genclik-kitaplari","6":"product_cat-egitici-kitaplar","7":"pa_cilt-ciltsiz","8":"pa_tur-kitap","9":"pa_yayinevi-almidilli","10":"pa_yazar-alice-harman","12":"first","13":"instock","14":"sale","15":"shipping-taxable","16":"purchasable","17":"product-type-simple"},"_links":{"self":[{"href":"https:\/\/roveyayinevi.com.tr\/index.php\/wp-json\/wp\/v2\/product\/706404","targetHints":{"allow":["GET"]}}],"collection":[{"href":"https:\/\/roveyayinevi.com.tr\/index.php\/wp-json\/wp\/v2\/product"}],"about":[{"href":"https:\/\/roveyayinevi.com.tr\/index.php\/wp-json\/wp\/v2\/types\/product"}],"wp:attachment":[{"href":"https:\/\/roveyayinevi.com.tr\/index.php\/wp-json\/wp\/v2\/media?parent=706404"}],"wp:term":[{"taxonomy":"product_brand","embeddable":true,"href":"https:\/\/roveyayinevi.com.tr\/index.php\/wp-json\/wp\/v2\/product_brand?post=706404"},{"taxonomy":"product_cat","embeddable":true,"href":"https:\/\/roveyayinevi.com.tr\/index.php\/wp-json\/wp\/v2\/product_cat?post=706404"},{"taxonomy":"product_tag","embeddable":true,"href":"https:\/\/roveyayinevi.com.tr\/index.php\/wp-json\/wp\/v2\/product_tag?post=706404"}],"curies":[{"name":"wp","href":"https:\/\/api.w.org\/{rel}","templated":true}]}}