{"id":706400,"date":"2025-08-27T15:55:28","date_gmt":"2025-08-27T12:55:28","guid":{"rendered":"https:\/\/roveyayinevi.com.tr\/index.php\/urun\/canavardan-korkulmaz-ki\/"},"modified":"2026-04-13T02:19:07","modified_gmt":"2026-04-12T23:19:07","slug":"canavardan-korkulmaz-ki","status":"publish","type":"product","link":"https:\/\/roveyayinevi.com.tr\/index.php\/urun\/canavardan-korkulmaz-ki\/","title":{"rendered":"Canavar&#8217;dan Korkulmaz ki\u2026"},"content":{"rendered":"<p>Kokulmaz ki\u2026 Canavar dan Minik kurt Cansu \u00e7ok cesurdur. Hi\u00e7bir \u015feyden korkmaz. Fakat canavardan biraz korkuyor. Minik kurt Cansu canavar\u0131 yakalay\u0131p, ondan korkmad\u0131\u011f\u0131n\u0131 g\u00f6stermek istiyor. Canavar\u0131n olmad\u0131\u011f\u0131n\u0131 \u00f6\u011frenince art\u0131k canavardan hi\u00e7 korkmuyor.<\/p>\n","protected":false},"excerpt":{"rendered":"<p>Kokulmaz ki\u2026 Canavar dan Minik kurt Cansu \u00e7ok cesurdur. Hi\u00e7bir \u015feyden korkmaz. Fakat canavardan biraz korkuyor. Minik kurt Cansu canavar\u0131 yakalay\u0131p, ondan korkmad\u0131\u011f\u0131n\u0131 g\u00f6stermek istiyor. Canavar\u0131n<span class=\"excerpt-hellip\"> [\u2026]<\/span><\/p>\n","protected":false},"featured_media":0,"template":"","meta":{"_monsterinsights_skip_tracking":false,"_monsterinsights_sitenote_active":false,"_monsterinsights_sitenote_note":"","_monsterinsights_sitenote_category":0},"product_brand":[],"product_cat":[12274,12284],"product_tag":[],"class_list":{"0":"post-706400","1":"product","2":"type-product","3":"status-publish","5":"product_cat-cocuk-ve-genclik-kitaplari","6":"product_cat-hikayeler","7":"pa_cilt-ciltsiz","8":"pa_tur-kitap","9":"pa_yayinevi-almidilli","10":"pa_yazar-carole-bauvers","12":"first","13":"instock","14":"sale","15":"shipping-taxable","16":"purchasable","17":"product-type-simple"},"_links":{"self":[{"href":"https:\/\/roveyayinevi.com.tr\/index.php\/wp-json\/wp\/v2\/product\/706400","targetHints":{"allow":["GET"]}}],"collection":[{"href":"https:\/\/roveyayinevi.com.tr\/index.php\/wp-json\/wp\/v2\/product"}],"about":[{"href":"https:\/\/roveyayinevi.com.tr\/index.php\/wp-json\/wp\/v2\/types\/product"}],"wp:attachment":[{"href":"https:\/\/roveyayinevi.com.tr\/index.php\/wp-json\/wp\/v2\/media?parent=706400"}],"wp:term":[{"taxonomy":"product_brand","embeddable":true,"href":"https:\/\/roveyayinevi.com.tr\/index.php\/wp-json\/wp\/v2\/product_brand?post=706400"},{"taxonomy":"product_cat","embeddable":true,"href":"https:\/\/roveyayinevi.com.tr\/index.php\/wp-json\/wp\/v2\/product_cat?post=706400"},{"taxonomy":"product_tag","embeddable":true,"href":"https:\/\/roveyayinevi.com.tr\/index.php\/wp-json\/wp\/v2\/product_tag?post=706400"}],"curies":[{"name":"wp","href":"https:\/\/api.w.org\/{rel}","templated":true}]}}