{"id":706394,"date":"2025-08-27T15:55:25","date_gmt":"2025-08-27T12:55:25","guid":{"rendered":"https:\/\/roveyayinevi.com.tr\/index.php\/urun\/turkiyenin-karanlik-yillari\/"},"modified":"2026-04-16T02:14:59","modified_gmt":"2026-04-15T23:14:59","slug":"turkiyenin-karanlik-yillari","status":"publish","type":"product","link":"https:\/\/roveyayinevi.com.tr\/index.php\/urun\/turkiyenin-karanlik-yillari\/","title":{"rendered":"T\u00fcrkiye\u2019nin Karanl\u0131k Y\u0131llar\u0131"},"content":{"rendered":"<p>T\u00fcrkiye&#8217;miz \u00e7ok zor g\u00fcnlerden ge\u00e7iyor. \u0130\u00e7te ve d\u0131\u015fta her g\u00fcn ya\u015fanan \u00fcz\u00fcc\u00fc ve d\u00fc\u015f\u00fcnd\u00fcr\u00fcc\u00fc olaylar, &#8220;Nereye Gidiyoruz?&#8221; sorusunu s\u0131kl\u0131kla ak\u0131llara getiriyor.  P KK ter\u00f6r\u00fc hortlad\u0131. &#8220;\u00c7\u00f6z\u00fcm S\u00fcreci&#8221; fos \u00e7\u0131kt\u0131 ve tam bir \u00e7\u00f6z\u00fcms\u00fczl\u00fck sarmal\u0131na girdi. \u00dclkemiz ate\u015f topuna d\u00f6nd\u00fc. Suriye g\u00fcneyimizde kanayan bir yara\u2026 Suriye ile birlikte I \u015e\u0130D tehdit haline geldi. Rusya, ABD ve AB ile ili\u015fkiler dibe vurdu. &#8220;0&#8221; sorundan &#8220;Hep Sorun&#8221; durumuna gelindi. Yaln\u0131zla\u015ft\u0131k. Ba\u015fkanl\u0131k tart\u0131\u015fmalar\u0131 da son nokta oldu ve T\u00fcrk Halk\u0131n\u0131 gittik\u00e7e kutupla\u015fmaya g\u00f6t\u00fcr\u00fcyor. Gelecek g\u00fcnler tart\u0131\u015fmal\u0131 g\u00fcnlerin habercisi gibi\u2026 Osman \u00d6zbek, AKP&#8217;nin 14 y\u0131ll\u0131k bu iktidar s\u00fcrecini mercek alt\u0131na al\u0131yor. Bu s\u00fcreci &#8220;karanl\u0131k y\u0131llar&#8221; olarak adland\u0131r\u0131yor. Bu ya\u015fananlar\u0131, T\u00fcrkiye&#8217;nin nas\u0131l bir enkaza \u00e7evrildi\u011fini detaylar\u0131 ile anlat\u0131yor.  &#8220;T\u00fcrkiye&#8217;nin Karanl\u0131k Y\u0131llar\u0131&#8221;, haf\u0131za tazelemek ve ya\u015fananlar\u0131 bir daha irdelemek i\u00e7in bir ba\u015fucu kitab\u0131\u2026 Osman \u00d6zbek kurtulu\u015f i\u00e7in \u00e7\u00f6z\u00fcm re\u00e7etelerini de kitap i\u00e7inde detaylar\u0131yla veriyor\u2026 14 y\u0131ll\u0131k enkaz\u0131 kald\u0131rmak ve bu enkazla y\u00fczle\u015fmek T\u00fcrkiye&#8217;nin en b\u00fcy\u00fck sorunu.  De\u011ferli gazeteci, hukuk\u00e7u Arslan Bulut kitab\u0131n \u00f6zetini yapm\u0131\u015f asl\u0131nda:  &#8220;AKP, Cumhuriyet&#8217;in kurucu felsefesini y\u0131karak ABD&#8217;de yaz\u0131lan gizli belge \u00e7er\u00e7evesinde yeni bir devlet kurma pe\u015finde! Bu bak\u0131mdan, ya T\u00fcrkiye durur ya da AKP! \u0130kisi bir arada ya\u015fayamaz!&#8217; Sorunu irdelemek ve \u00e7\u00f6zmek i\u00e7in okumaya davet ediyor, iyi okumalar diliyoruz. <\/p>\n","protected":false},"excerpt":{"rendered":"<p>T\u00fcrkiye&#8217;miz \u00e7ok zor g\u00fcnlerden ge\u00e7iyor. \u0130\u00e7te ve d\u0131\u015fta her g\u00fcn ya\u015fanan \u00fcz\u00fcc\u00fc ve d\u00fc\u015f\u00fcnd\u00fcr\u00fcc\u00fc olaylar, &#8220;Nereye Gidiyoruz?&#8221; sorusunu s\u0131kl\u0131kla ak\u0131llara getiriyor. P KK ter\u00f6r\u00fc hortlad\u0131. &#8220;\u00c7\u00f6z\u00fcm<span class=\"excerpt-hellip\"> [\u2026]<\/span><\/p>\n","protected":false},"featured_media":0,"template":"","meta":{"_monsterinsights_skip_tracking":false,"_monsterinsights_sitenote_active":false,"_monsterinsights_sitenote_note":"","_monsterinsights_sitenote_category":0},"product_brand":[],"product_cat":[31194,12337],"product_tag":[],"class_list":{"0":"post-706394","1":"product","2":"type-product","3":"status-publish","5":"product_cat-guncel-siyaset","6":"product_cat-politika-siyaset","7":"pa_cilt-ciltsiz","8":"pa_tur-kitap","9":"pa_yayinevi-alibi-yayincilik","10":"pa_yazar-osman-ozbek","12":"first","13":"instock","14":"sale","15":"shipping-taxable","16":"purchasable","17":"product-type-simple"},"_links":{"self":[{"href":"https:\/\/roveyayinevi.com.tr\/index.php\/wp-json\/wp\/v2\/product\/706394","targetHints":{"allow":["GET"]}}],"collection":[{"href":"https:\/\/roveyayinevi.com.tr\/index.php\/wp-json\/wp\/v2\/product"}],"about":[{"href":"https:\/\/roveyayinevi.com.tr\/index.php\/wp-json\/wp\/v2\/types\/product"}],"wp:attachment":[{"href":"https:\/\/roveyayinevi.com.tr\/index.php\/wp-json\/wp\/v2\/media?parent=706394"}],"wp:term":[{"taxonomy":"product_brand","embeddable":true,"href":"https:\/\/roveyayinevi.com.tr\/index.php\/wp-json\/wp\/v2\/product_brand?post=706394"},{"taxonomy":"product_cat","embeddable":true,"href":"https:\/\/roveyayinevi.com.tr\/index.php\/wp-json\/wp\/v2\/product_cat?post=706394"},{"taxonomy":"product_tag","embeddable":true,"href":"https:\/\/roveyayinevi.com.tr\/index.php\/wp-json\/wp\/v2\/product_tag?post=706394"}],"curies":[{"name":"wp","href":"https:\/\/api.w.org\/{rel}","templated":true}]}}