{"id":706393,"date":"2025-08-27T15:55:25","date_gmt":"2025-08-27T12:55:25","guid":{"rendered":"https:\/\/roveyayinevi.com.tr\/index.php\/urun\/her-seyin-anlami\/"},"modified":"2026-03-23T02:17:11","modified_gmt":"2026-03-22T23:17:11","slug":"her-seyin-anlami","status":"publish","type":"product","link":"https:\/\/roveyayinevi.com.tr\/index.php\/urun\/her-seyin-anlami\/","title":{"rendered":"Her \u015eeyin Anlam\u0131"},"content":{"rendered":"<p>Richard P. Feynman, Nisan 1963\u2019de Seattle\u2019da Washington \u00dcniversitesinde verdi\u011fi \u00fc\u00e7 konu\u015fmada bir fizik\u00e7i olarak de\u011fil \u00e7e\u015fitli sorunlarla ilgilenen bir yurtta\u015f olarak konu\u015ftu. Dine, politikaya ve g\u00fcn\u00fcn sosyal konular\u0131na ili\u015fkin g\u00f6r\u00fc\u015flerini a\u00e7\u0131klad\u0131. Bu konu\u015fmalar Her \u015eeyin Anlam\u0131 ba\u015fl\u0131\u011f\u0131 alt\u0131nda yay\u0131mland\u0131. Bu kitapta Feynman, ba\u015fkas\u0131n\u0131n zihnindekini anlama, olas\u0131l\u0131k yasalar\u0131, istatistik, duan\u0131n iyile\u015fme \u00fczerindeki \u015f\u00fcpheli etkisi ve insanlar aras\u0131ndaki ili\u015fkiler \u00fczerinde duruyor. Feynman basit m\u00fchendislik projelerinin yoksulluk belas\u0131 \u00fczerindeki \u00e7arp\u0131c\u0131 etkilerini, yarat\u0131c\u0131l\u0131\u011f\u0131n bilimdeki ya\u015famsal rol\u00fcn\u00fc, bilim ile din aras\u0131ndaki \u00e7eli\u015fkileri, bilimsel ger\u00e7e\u011fe ula\u015fmada \u015f\u00fcphenin ve kesinsizli\u011fin i\u015flevini ve d\u00fcr\u00fcst politikac\u0131lar\u0131n ni\u00e7in asla ba\u015far\u0131l\u0131 olamad\u0131klar\u0131n\u0131 a\u00e7\u0131klarken yurtta\u015f bir bilim adam\u0131 olarak konu\u015fmaktad\u0131r\u201cHarika bir konu! Feynman \u00e7ok kapsaml\u0131 ve derin sorunlar\u0131, basit d\u00fc\u015f\u00fcnceler ve anekdotlarla ortaya serme h\u00fcnerini g\u00f6stermi\u015f. B\u00fct\u00fcn d\u00fcnya b\u00f6ylesine a\u00e7\u0131k anla\u015f\u0131l\u0131r d\u00fc\u015f\u00fcncelerden \u00e7ok \u015fey \u00f6\u011frenecek.\u201d Paul Davies, Tanr\u0131 ve Yeni Fizik\u2019in yazar\u0131 Richard Feynman\u2019\u0131n bu yeni konferanslar\u0131 ger\u00e7ekten ola\u011fan\u00fcst\u00fcd\u00fcr. Feynman\u2019\u0131n bilimsel d\u00fcnya konusundaki derin kavray\u0131\u015f\u0131n\u0131, dine, so\u011fuk sava\u015fa ve politikaya, kendi al\u0131\u015f\u0131lm\u0131\u015f a\u00e7\u0131kl\u0131\u011f\u0131 ve benzersiz tarz\u0131yla uygulay\u0131\u015f\u0131n\u0131 g\u00f6rmek ger\u00e7ekten \u015fa\u015f\u0131rt\u0131c\u0131d\u0131r. Feynman dikkatini g\u00fcnl\u00fck ya\u015fama \u00e7evirdi\u011finde, yalana ve sahtek\u00e2rl\u0131\u011fa kar\u015f\u0131 a\u00e7\u0131k bir tav\u0131r al\u0131yor. Bu kitap, hi\u00e7 ku\u015fku yok ki, temel Feynman koleksiyonunun \u00f6nemli bir b\u00f6l\u00fcm\u00fc olacak.\u201d Tony Hey, Einstein\u2019s Mirror\u2019\u0131n yazar\u0131 <\/p>\n","protected":false},"excerpt":{"rendered":"<p>Richard P. Feynman, Nisan 1963\u2019de Seattle\u2019da Washington \u00dcniversitesinde verdi\u011fi \u00fc\u00e7 konu\u015fmada bir fizik\u00e7i olarak de\u011fil \u00e7e\u015fitli sorunlarla ilgilenen bir yurtta\u015f olarak konu\u015ftu. Dine, politikaya ve g\u00fcn\u00fcn<span class=\"excerpt-hellip\"> [\u2026]<\/span><\/p>\n","protected":false},"featured_media":0,"template":"","meta":{"_monsterinsights_skip_tracking":false,"_monsterinsights_sitenote_active":false,"_monsterinsights_sitenote_note":"","_monsterinsights_sitenote_category":0},"product_brand":[],"product_cat":[13005,37328],"product_tag":[],"class_list":{"0":"post-706393","1":"product","2":"type-product","3":"status-publish","5":"product_cat-bilim-muhendislik","6":"product_cat-diger-bilim-muhendislik","7":"pa_cilt-ciltsiz","8":"pa_tur-kitap","9":"pa_yayinevi-alfa-yayinlari","10":"pa_yazar-richard-p-feynman","12":"first","13":"instock","14":"sale","15":"shipping-taxable","16":"purchasable","17":"product-type-simple"},"_links":{"self":[{"href":"https:\/\/roveyayinevi.com.tr\/index.php\/wp-json\/wp\/v2\/product\/706393","targetHints":{"allow":["GET"]}}],"collection":[{"href":"https:\/\/roveyayinevi.com.tr\/index.php\/wp-json\/wp\/v2\/product"}],"about":[{"href":"https:\/\/roveyayinevi.com.tr\/index.php\/wp-json\/wp\/v2\/types\/product"}],"wp:attachment":[{"href":"https:\/\/roveyayinevi.com.tr\/index.php\/wp-json\/wp\/v2\/media?parent=706393"}],"wp:term":[{"taxonomy":"product_brand","embeddable":true,"href":"https:\/\/roveyayinevi.com.tr\/index.php\/wp-json\/wp\/v2\/product_brand?post=706393"},{"taxonomy":"product_cat","embeddable":true,"href":"https:\/\/roveyayinevi.com.tr\/index.php\/wp-json\/wp\/v2\/product_cat?post=706393"},{"taxonomy":"product_tag","embeddable":true,"href":"https:\/\/roveyayinevi.com.tr\/index.php\/wp-json\/wp\/v2\/product_tag?post=706393"}],"curies":[{"name":"wp","href":"https:\/\/api.w.org\/{rel}","templated":true}]}}