{"id":706392,"date":"2025-08-27T15:55:24","date_gmt":"2025-08-27T12:55:24","guid":{"rendered":"https:\/\/roveyayinevi.com.tr\/index.php\/urun\/dunya-sanat-tarihi-ciltli\/"},"modified":"2026-04-16T02:14:59","modified_gmt":"2026-04-15T23:14:59","slug":"dunya-sanat-tarihi-ciltli","status":"publish","type":"product","link":"https:\/\/roveyayinevi.com.tr\/index.php\/urun\/dunya-sanat-tarihi-ciltli\/","title":{"rendered":"D\u00fcnya Sanat Tarihi (Ciltli)"},"content":{"rendered":"<p>\u0130ki sanat tarih\u00e7isinin, geleneksel bir resmi e\u011fitim yerine k\u0131ta k\u0131ta dola\u015farak sanat eserlerini kendi g\u00f6zleriyle g\u00f6zlemlemeleri ve ara\u015ft\u0131rmas\u0131yla yaz\u0131lan D\u00fcnya Sanat Tarihi, yay\u0131mland\u0131\u011f\u0131 ilk g\u00fcnden beri en kapsaml\u0131 ve g\u00fcncel sanat kitab\u0131 olarak kabul ediliyor. Yedinci g\u00fcncellenmi\u015f bask\u0131s\u0131 arkeolojideki ve sanat tarihi ara\u015ft\u0131rmalar\u0131ndaki yeni geli\u015fmeleri de i\u00e7eriyor. Roman gibi kolay okunabilen kitap okuyucular\u0131n\u0131 s\u0131kmadan bir sanat turuna \u00e7\u0131karmay\u0131 ba\u015far\u0131yor. Y\u0131l\u0131n en \u00e7ok arzulanan sanat kitab\u0131. \u2013The Times K\u0131talar\u0131 ve y\u00fczy\u0131llar\u0131 dola\u015farak insanl\u0131\u011f\u0131n ilk duvar resimlerinden Picasso ve \u00f6tesine kadar kavrayan b\u00fcy\u00fck bir kitap. Birikimlerinin \u00e7oklu\u011fu, heveslerinin derinli\u011fi ve yaz\u0131lar\u0131n\u0131n imrenilecek tazeli\u011fi sayesinde Honor ve Fleming, kafalar\u0131na koyduklar\u0131 bu zorlu g\u00f6revi ba\u015far\u0131yla tamaml\u0131yorlar. \u2013Andrew Graham Dixon D\u00fcnya Sanat Tarihi sadece sanat tarihine klasik bir giri\u015f yapmakla kalm\u0131yor, insano\u011flunun estetik miras\u0131n\u0131n i\u00e7inde yapt\u0131rd\u0131\u011f\u0131 yolculukla bir g\u00f6vde g\u00f6sterisi de sunuyor. Bu sanat tarihi turu, yirmiden fazla y\u0131ld\u0131r insanl\u0131\u011f\u0131n sanatsal tarihine klasikle\u015fmi\u015f giri\u015f oldu\u011funu s\u00fcrekli olarak kan\u0131tl\u0131yor. \u2013Good Book Guide Sanat\u0131n geli\u015fimini, d\u00fcnya tarihinin en \u00f6nemli olaylar\u0131yla birlikte antik d\u00fcnyadan bug\u00fcne uzman de\u011ferlendirmeler ve renkli resimlerle \u00f6n\u00fcn\u00fcze sunuyor. -express.co.uk Farkl\u0131 k\u00fclt\u00fcrlerin de\u011fer yarg\u0131lar\u0131n\u0131, d\u00fcnya tarihinin \u00f6nemli olaylar\u0131yla birlikte ele alma f\u0131rsat\u0131 verirken Erken \u0130slam Sanat\u0131ndan Avrupa\u2019ya, yery\u00fcz\u00fcn\u00fcn her k\u00f6\u015fesinde sanat\u0131n nas\u0131l \u00fcretildi\u011fini anlamam\u0131z\u0131 sa\u011fl\u0131yor. -Aesthetica Magazine Sanatsal \u00f6gelerin k\u00fclt\u00fcr\u00fc sadece yans\u0131tan de\u011fil ayn\u0131 zamanda koruyan bir unsur oldu\u011funu s\u00f6yleyen ve \u00fcretimlerinin arkas\u0131ndaki ruhu anlamaya \u00e7al\u0131\u015fan Hugh Honour, John Fleming\u2019le birlikte ortaya koyduklar\u0131 eserde tarihin ve sanat\u0131n yolculuklarla, ke\u015fiflerle, hatta g\u00fcndelik e\u015fyalarla nas\u0131l i\u00e7 i\u00e7e oldu\u011funu anlatm\u0131\u015f. -telegraph.co.uk Hugh Honour, 26 Eyl\u00fcl 1927\u2019de Sussex, \u0130ngiltere\u2019de do\u011fdu. En \u00e7ok ilgilendi\u011fi alan 18. Y\u00fczy\u0131l romantik \u00e7a\u011f\u0131 olsa da, d\u00fcnya sanat tarihi \u00fczerine de say\u0131s\u0131z eser yazd\u0131. Honour, e\u011fitimini Fleming\u2019le tan\u0131\u015ft\u0131\u011f\u0131 Cambridge\u2019de tamamlad\u0131. John Fleming, 12 Haziran 1919\u2019da Northumbberland, \u0130ngiltere\u2019de do\u011fdu. Fleming\u2019in as\u0131l ebedi merak\u0131 ise \u0130ngiltere ve \u0130talya aras\u0131ndaki yarat\u0131c\u0131 etkile\u015fimdi. Honour\u2019la birlikte b\u00fct\u00fcn jargonlardan ve inan\u00e7lardan ba\u011f\u0131ms\u0131z bir \u00fcslupla kapsaml\u0131 yap\u0131tlar \u00fcrettiler. Honour ve Fleming, resmi bir e\u011fitim yerine seyahat ederek ve sanat eserlerinin kendisiyle bire bir ileti\u015fim kurarak \u00f6\u011frenen son sanat tarih\u00e7ilerindendi. 1962 y\u0131l\u0131nda Honour ve Fleming \u0130talya\u2019da bir ev al\u0131p oraya ta\u015f\u0131nd\u0131lar ve 2001\u2019de Fleming \u00f6lene kadar orada kald\u0131lar. Venedik yak\u0131nlar\u0131ndaki evlerinde ya\u015fad\u0131klar\u0131 s\u0131rada olduk\u00e7a verimli bir yay\u0131n ortakl\u0131\u011f\u0131na giri\u015ftiler. Uzun ve \u00fcretken yazma hayatlar\u0131n\u0131n b\u00fcy\u00fck k\u0131sm\u0131n\u0131 sanat kitaplar\u0131 i\u00e7in ara\u015ft\u0131rmalar yapmakla ya da yazmakla ge\u00e7irdiler. Birlikte yazd\u0131klar\u0131 D\u00fcnya Sanat Tarihi, alan\u0131ndaki en kapsaml\u0131 kitap olmas\u0131n\u0131n yan\u0131  s\u0131ra, e\u011fitimciler, \u00f6\u011frenciler ve merakl\u0131 okurlar taraf\u0131ndan en \u00e7ok ba\u015fvurulan referans oldu. <\/p>\n","protected":false},"excerpt":{"rendered":"<p>\u0130ki sanat tarih\u00e7isinin, geleneksel bir resmi e\u011fitim yerine k\u0131ta k\u0131ta dola\u015farak sanat eserlerini kendi g\u00f6zleriyle g\u00f6zlemlemeleri ve ara\u015ft\u0131rmas\u0131yla yaz\u0131lan D\u00fcnya Sanat Tarihi, yay\u0131mland\u0131\u011f\u0131 ilk g\u00fcnden beri<span class=\"excerpt-hellip\"> [\u2026]<\/span><\/p>\n","protected":false},"featured_media":0,"template":"","meta":{"_monsterinsights_skip_tracking":false,"_monsterinsights_sitenote_active":false,"_monsterinsights_sitenote_note":"","_monsterinsights_sitenote_category":0},"product_brand":[],"product_cat":[12305,12304],"product_tag":[],"class_list":{"0":"post-706392","1":"product","2":"type-product","3":"status-publish","5":"product_cat-dunya-tarihi","6":"product_cat-tarih","7":"pa_cilt-ciltli","8":"pa_tur-kitap","9":"pa_yayinevi-alfa-yayinlari","10":"pa_yazar-hugh-honour","12":"first","13":"instock","14":"sale","15":"shipping-taxable","16":"purchasable","17":"product-type-simple"},"_links":{"self":[{"href":"https:\/\/roveyayinevi.com.tr\/index.php\/wp-json\/wp\/v2\/product\/706392","targetHints":{"allow":["GET"]}}],"collection":[{"href":"https:\/\/roveyayinevi.com.tr\/index.php\/wp-json\/wp\/v2\/product"}],"about":[{"href":"https:\/\/roveyayinevi.com.tr\/index.php\/wp-json\/wp\/v2\/types\/product"}],"wp:attachment":[{"href":"https:\/\/roveyayinevi.com.tr\/index.php\/wp-json\/wp\/v2\/media?parent=706392"}],"wp:term":[{"taxonomy":"product_brand","embeddable":true,"href":"https:\/\/roveyayinevi.com.tr\/index.php\/wp-json\/wp\/v2\/product_brand?post=706392"},{"taxonomy":"product_cat","embeddable":true,"href":"https:\/\/roveyayinevi.com.tr\/index.php\/wp-json\/wp\/v2\/product_cat?post=706392"},{"taxonomy":"product_tag","embeddable":true,"href":"https:\/\/roveyayinevi.com.tr\/index.php\/wp-json\/wp\/v2\/product_tag?post=706392"}],"curies":[{"name":"wp","href":"https:\/\/api.w.org\/{rel}","templated":true}]}}