{"id":706391,"date":"2025-08-27T15:55:24","date_gmt":"2025-08-27T12:55:24","guid":{"rendered":"https:\/\/roveyayinevi.com.tr\/index.php\/urun\/eksi-mayali-ekmekler\/"},"modified":"2026-02-24T02:19:46","modified_gmt":"2026-02-23T23:19:46","slug":"eksi-mayali-ekmekler","status":"publish","type":"product","link":"https:\/\/roveyayinevi.com.tr\/index.php\/urun\/eksi-mayali-ekmekler\/","title":{"rendered":"Ek\u015fi Mayal\u0131 Ekmekler"},"content":{"rendered":"<p>\u201cKitab\u0131n as\u0131l amac\u0131, \u00f6ncelikle her kesimden okurun kitaptaki bilgi ve deneyimlerden yararlanarak kendi mutfaklar\u0131nda ek\u015fi mayal\u0131 ekmek yapmalar\u0131n\u0131 ve e\u011fer bunu yapam\u0131yorlarsa f\u0131r\u0131nlardan ek\u015fi mayal\u0131 ekmek talep etmelerini sa\u011flamak ve g\u0131da sekt\u00f6r\u00fcndeki t\u00fcm ekmek \u00fcreten kesimleri ek\u015fi maya kullanmaya te\u015fvik etmektir.Ek\u015fi maya konusu okura soru cevaplar, uygulamalar, \u00f6\u011frenci notlar\u0131 ve foto\u011fraflar ile birlikte aktar\u0131lmaya \u00e7al\u0131\u015f\u0131ld\u0131. B\u00f6ylece okurun ek\u015fi mayan\u0131n seyrine sanki dersteymi\u015f\u00e7esine kat\u0131lmas\u0131 ve konuyu canl\u0131 bir \u015fekilde kavramas\u0131 ama\u00e7land\u0131.\u00c7al\u0131\u015fmam\u0131zla ayn\u0131 zamanda ek\u015fi maya konusuna dikkat \u00e7ekmeyi, sekt\u00f6rdeki profesyonellerden ev han\u0131mlar\u0131na, \u00f6\u011frencilerden yemek merakl\u0131lar\u0131na her kesimde fark\u0131ndal\u0131k yaratmay\u0131 ve konuyla ilgili olarak kapsaml\u0131 bir \u00e7al\u0131\u015fmaya girmek isteyenlere bir yol rehberi olabilmeyi de \u00fcmit etmekteyim.Tabi ki ama\u00e7lar\u0131m\u0131n ve \u00fcmitlerimin birer iyi niyetli dilek oldu\u011funun fark\u0131nday\u0131m. Ancak bu kitab\u0131n etkileyece\u011fi her \u00f6\u011frencinin ve okurun ek\u015fi maya ser\u00fcvenine kat\u0131laca\u011f\u0131na ve mayadaki mucizeyi ke\u015ffedece\u011fine inan\u0131yorum.\u201d <\/p>\n","protected":false},"excerpt":{"rendered":"<p>\u201cKitab\u0131n as\u0131l amac\u0131, \u00f6ncelikle her kesimden okurun kitaptaki bilgi ve deneyimlerden yararlanarak kendi mutfaklar\u0131nda ek\u015fi mayal\u0131 ekmek yapmalar\u0131n\u0131 ve e\u011fer bunu yapam\u0131yorlarsa f\u0131r\u0131nlardan ek\u015fi mayal\u0131 ekmek<span class=\"excerpt-hellip\"> [\u2026]<\/span><\/p>\n","protected":false},"featured_media":0,"template":"","meta":{"_monsterinsights_skip_tracking":false,"_monsterinsights_sitenote_active":false,"_monsterinsights_sitenote_note":"","_monsterinsights_sitenote_category":0},"product_brand":[],"product_cat":[12458,12457],"product_tag":[],"class_list":{"0":"post-706391","1":"product","2":"type-product","3":"status-publish","5":"product_cat-turk-mutfagi","6":"product_cat-yemek-kitaplari","7":"pa_cilt-ciltsiz","8":"pa_tur-kitap","9":"pa_yayinevi-alfa-yayinlari","10":"pa_yazar-hakan-dogan","12":"first","13":"instock","14":"sale","15":"shipping-taxable","16":"purchasable","17":"product-type-simple"},"_links":{"self":[{"href":"https:\/\/roveyayinevi.com.tr\/index.php\/wp-json\/wp\/v2\/product\/706391","targetHints":{"allow":["GET"]}}],"collection":[{"href":"https:\/\/roveyayinevi.com.tr\/index.php\/wp-json\/wp\/v2\/product"}],"about":[{"href":"https:\/\/roveyayinevi.com.tr\/index.php\/wp-json\/wp\/v2\/types\/product"}],"wp:attachment":[{"href":"https:\/\/roveyayinevi.com.tr\/index.php\/wp-json\/wp\/v2\/media?parent=706391"}],"wp:term":[{"taxonomy":"product_brand","embeddable":true,"href":"https:\/\/roveyayinevi.com.tr\/index.php\/wp-json\/wp\/v2\/product_brand?post=706391"},{"taxonomy":"product_cat","embeddable":true,"href":"https:\/\/roveyayinevi.com.tr\/index.php\/wp-json\/wp\/v2\/product_cat?post=706391"},{"taxonomy":"product_tag","embeddable":true,"href":"https:\/\/roveyayinevi.com.tr\/index.php\/wp-json\/wp\/v2\/product_tag?post=706391"}],"curies":[{"name":"wp","href":"https:\/\/api.w.org\/{rel}","templated":true}]}}