{"id":706390,"date":"2025-08-27T15:55:23","date_gmt":"2025-08-27T12:55:23","guid":{"rendered":"https:\/\/roveyayinevi.com.tr\/index.php\/urun\/gizli-tarih-cilt-2\/"},"modified":"2026-04-16T02:14:59","modified_gmt":"2026-04-15T23:14:59","slug":"gizli-tarih-cilt-2","status":"publish","type":"product","link":"https:\/\/roveyayinevi.com.tr\/index.php\/urun\/gizli-tarih-cilt-2\/","title":{"rendered":"Gizli Tarih (Cilt 2)"},"content":{"rendered":"<p>G\u00fcn\u00fcm\u00fczden 300 y\u0131l kadar \u00f6nce \u00f6lmekte olan bir \u015faman 4 karde\u015fe 4 fildi\u015fi verir. Tarih, bu 4 karde\u015fin, bu \u00f6l\u00fcms\u00fcz arkhonlar\u0131n g\u00fc\u00e7 ve intikam oyunlar\u0131n\u0131n sahnelendi\u011fi bir alana d\u00f6n\u00fc\u015f\u00fcr. Tarot kartlar\u0131n\u0131n gizemli k\u00f6keninde belki de bu fildi\u015fleri yat\u0131yor! Bilindik tarihin gizli ger\u00e7eklerini ke\u015ffedin!tarihin onca a\u00e7\u0131klanamaz olay\u0131n\u0131n arkas\u0131nda nelerin yatt\u0131\u011f\u0131n\u0131 g\u00f6r\u00fcn. B\u00fcy\u00fck londra yang\u0131n\u0131 neden \u00e7\u0131kt\u0131? 1. D\u00fcnya sava\u015f\u0131n\u0131n ger\u00e7ek taraflar\u0131 kimlerdi? Napoleon&#8217;un m\u0131s\u0131r seferinin ger\u00e7ek amac\u0131 neydi?<\/p>\n","protected":false},"excerpt":{"rendered":"<p>G\u00fcn\u00fcm\u00fczden 300 y\u0131l kadar \u00f6nce \u00f6lmekte olan bir \u015faman 4 karde\u015fe 4 fildi\u015fi verir. Tarih, bu 4 karde\u015fin, bu \u00f6l\u00fcms\u00fcz arkhonlar\u0131n g\u00fc\u00e7 ve intikam oyunlar\u0131n\u0131n sahnelendi\u011fi<span class=\"excerpt-hellip\"> [\u2026]<\/span><\/p>\n","protected":false},"featured_media":0,"template":"","meta":{"_monsterinsights_skip_tracking":false,"_monsterinsights_sitenote_active":false,"_monsterinsights_sitenote_note":"","_monsterinsights_sitenote_category":0},"product_brand":[],"product_cat":[12416,12291],"product_tag":[],"class_list":{"0":"post-706390","1":"product","2":"type-product","3":"status-publish","5":"product_cat-cizgi-roman","6":"product_cat-edebiyat","7":"pa_cilt-ciltsiz","8":"pa_tur-kitap","9":"pa_yayinevi-alfa-yayinlari","10":"pa_yazar-kolektif","12":"first","13":"instock","14":"sale","15":"shipping-taxable","16":"purchasable","17":"product-type-simple"},"_links":{"self":[{"href":"https:\/\/roveyayinevi.com.tr\/index.php\/wp-json\/wp\/v2\/product\/706390","targetHints":{"allow":["GET"]}}],"collection":[{"href":"https:\/\/roveyayinevi.com.tr\/index.php\/wp-json\/wp\/v2\/product"}],"about":[{"href":"https:\/\/roveyayinevi.com.tr\/index.php\/wp-json\/wp\/v2\/types\/product"}],"wp:attachment":[{"href":"https:\/\/roveyayinevi.com.tr\/index.php\/wp-json\/wp\/v2\/media?parent=706390"}],"wp:term":[{"taxonomy":"product_brand","embeddable":true,"href":"https:\/\/roveyayinevi.com.tr\/index.php\/wp-json\/wp\/v2\/product_brand?post=706390"},{"taxonomy":"product_cat","embeddable":true,"href":"https:\/\/roveyayinevi.com.tr\/index.php\/wp-json\/wp\/v2\/product_cat?post=706390"},{"taxonomy":"product_tag","embeddable":true,"href":"https:\/\/roveyayinevi.com.tr\/index.php\/wp-json\/wp\/v2\/product_tag?post=706390"}],"curies":[{"name":"wp","href":"https:\/\/api.w.org\/{rel}","templated":true}]}}