{"id":706388,"date":"2025-08-27T15:55:22","date_gmt":"2025-08-27T12:55:22","guid":{"rendered":"https:\/\/roveyayinevi.com.tr\/index.php\/urun\/psiko-buyu\/"},"modified":"2026-04-16T02:14:58","modified_gmt":"2026-04-15T23:14:58","slug":"psiko-buyu","status":"publish","type":"product","link":"https:\/\/roveyayinevi.com.tr\/index.php\/urun\/psiko-buyu\/","title":{"rendered":"Psiko-B\u00fcy\u00fc"},"content":{"rendered":"<p>Psikob\u00fcy\u00fc, \u015fiirin karga\u015fada v\u00fccut buldu\u011fu, tiyatronun kurban etme rit\u00fceline d\u00f6n\u00fc\u015ft\u00fc\u011f\u00fc, mutfak b\u0131\u00e7a\u011f\u0131yla silahlanm\u0131\u015f ger\u00e7ek bir cad\u0131n\u0131n kanseri tedavi etti\u011fi ve kalp nakli yapt\u0131\u011f\u0131 bir d\u00fcnyaya a\u00e7\u0131lan kap\u0131\u2026Asl\u0131nda Jodorowsky\u2019nin kendisi, ayakl\u0131 bir psikob\u00fcy\u00fc performans\u0131, evrenimizin ilk bak\u0131\u015fta \u00f6ng\u00f6r\u00fclebilir hissi veren d\u00fczeninde y\u0131rt\u0131lmalara sebep olan, son derece ve tam anlam\u0131yla \u201cpanik\u201d bir ki\u015filik.R\u00fcyalardan beslenen, ger\u00e7e\u011fe hizmetk\u00e2rl\u0131k eden, deli bilgeler \u0131rk\u0131ndan gelen Jodorowsky, bu kitapla tiyatro yapm\u0131\u015f bir \u015faman h\u00fcneriyle, sizi b\u00fcy\u00fcl\u00fc bir yolculu\u011fa \u00e7\u0131karacak\u2026Meksikal\u0131 \u015fifac\u0131lar\u0131n kadim bilgeliklerini, y\u00f6netmen ve oyuncu kimliklerinin zenginli\u011fiyle bulu\u015fturan yazar hem kendinizi iyile\u015ftirmenizi sa\u011flayacak hem de sizi birbirinden ilgin\u00e7 hik\u00e2yelerin kahramanlar\u0131yla tan\u0131\u015ft\u0131racak. \u015eamanik bir rit\u00fcelin ortas\u0131nda bulacaks\u0131n\u0131z kendinizi. <\/p>\n","protected":false},"excerpt":{"rendered":"<p>Psikob\u00fcy\u00fc, \u015fiirin karga\u015fada v\u00fccut buldu\u011fu, tiyatronun kurban etme rit\u00fceline d\u00f6n\u00fc\u015ft\u00fc\u011f\u00fc, mutfak b\u0131\u00e7a\u011f\u0131yla silahlanm\u0131\u015f ger\u00e7ek bir cad\u0131n\u0131n kanseri tedavi etti\u011fi ve kalp nakli yapt\u0131\u011f\u0131 bir d\u00fcnyaya a\u00e7\u0131lan<span class=\"excerpt-hellip\"> [\u2026]<\/span><\/p>\n","protected":false},"featured_media":0,"template":"","meta":{"_monsterinsights_skip_tracking":false,"_monsterinsights_sitenote_active":false,"_monsterinsights_sitenote_note":"","_monsterinsights_sitenote_category":0},"product_brand":[],"product_cat":[13072,12291],"product_tag":[],"class_list":{"0":"post-706388","1":"product","2":"type-product","3":"status-publish","5":"product_cat-arastirma-inceleme-referans","6":"product_cat-edebiyat","7":"pa_cilt-ciltsiz","8":"pa_tur-kitap","9":"pa_yayinevi-alfa-yayinlari","10":"pa_yazar-alejandra-jodorawsky","12":"first","13":"instock","14":"sale","15":"shipping-taxable","16":"purchasable","17":"product-type-simple"},"_links":{"self":[{"href":"https:\/\/roveyayinevi.com.tr\/index.php\/wp-json\/wp\/v2\/product\/706388","targetHints":{"allow":["GET"]}}],"collection":[{"href":"https:\/\/roveyayinevi.com.tr\/index.php\/wp-json\/wp\/v2\/product"}],"about":[{"href":"https:\/\/roveyayinevi.com.tr\/index.php\/wp-json\/wp\/v2\/types\/product"}],"wp:attachment":[{"href":"https:\/\/roveyayinevi.com.tr\/index.php\/wp-json\/wp\/v2\/media?parent=706388"}],"wp:term":[{"taxonomy":"product_brand","embeddable":true,"href":"https:\/\/roveyayinevi.com.tr\/index.php\/wp-json\/wp\/v2\/product_brand?post=706388"},{"taxonomy":"product_cat","embeddable":true,"href":"https:\/\/roveyayinevi.com.tr\/index.php\/wp-json\/wp\/v2\/product_cat?post=706388"},{"taxonomy":"product_tag","embeddable":true,"href":"https:\/\/roveyayinevi.com.tr\/index.php\/wp-json\/wp\/v2\/product_tag?post=706388"}],"curies":[{"name":"wp","href":"https:\/\/api.w.org\/{rel}","templated":true}]}}