{"id":706387,"date":"2025-08-27T15:55:22","date_gmt":"2025-08-27T12:55:22","guid":{"rendered":"https:\/\/roveyayinevi.com.tr\/index.php\/urun\/bati-felsefesi-tarihi-cilt-1\/"},"modified":"2026-04-16T02:14:58","modified_gmt":"2026-04-15T23:14:58","slug":"bati-felsefesi-tarihi-cilt-1","status":"publish","type":"product","link":"https:\/\/roveyayinevi.com.tr\/index.php\/urun\/bati-felsefesi-tarihi-cilt-1\/","title":{"rendered":"Bat\u0131 Felsefesi Tarihi (Cilt 1)"},"content":{"rendered":"<p>Avrupa siyasal d\u00fc\u015f\u00fcncesine bug\u00fcne kadarki en a\u00e7\u0131k se\u00e7ik giri\u015f.\u2013The TimesBat\u0131 felsefesini ba\u011flam\u0131 i\u00e7inde \u00f6yle bir kapsay\u0131c\u0131l\u0131k ve keskinlikte i\u015fliyor ki. Zaman\u0131m\u0131z\u0131n Sokrates\u2019inden entelekt\u00fcel enerjiyle kotar\u0131lm\u0131\u015f bir ba\u015fyap\u0131t.\u2013A.L. RowseZaman\u0131m\u0131z\u0131n en de\u011ferli kitaplar\u0131ndan birisi.\u2013G.M. TrevelyanPythagoras, Herakleitos, Parmenides, Empedokles, Anaksagoras Atomcular, Protagoras, Sokrates, Platon, Aristoteles, Stoac\u0131l\u0131k <\/p>\n","protected":false},"excerpt":{"rendered":"<p>Avrupa siyasal d\u00fc\u015f\u00fcncesine bug\u00fcne kadarki en a\u00e7\u0131k se\u00e7ik giri\u015f.\u2013The TimesBat\u0131 felsefesini ba\u011flam\u0131 i\u00e7inde \u00f6yle bir kapsay\u0131c\u0131l\u0131k ve keskinlikte i\u015fliyor ki. Zaman\u0131m\u0131z\u0131n Sokrates\u2019inden entelekt\u00fcel enerjiyle kotar\u0131lm\u0131\u015f bir<span class=\"excerpt-hellip\"> [\u2026]<\/span><\/p>\n","protected":false},"featured_media":0,"template":"","meta":{"_monsterinsights_skip_tracking":false,"_monsterinsights_sitenote_active":false,"_monsterinsights_sitenote_note":"","_monsterinsights_sitenote_category":0},"product_brand":[],"product_cat":[12388,13555],"product_tag":[],"class_list":{"0":"post-706387","1":"product","2":"type-product","3":"status-publish","5":"product_cat-felsefe","6":"product_cat-genel-felsefe","7":"pa_cilt-ciltsiz","8":"pa_tur-kitap","9":"pa_yayinevi-alfa-yayinlari","10":"pa_yazar-bertrand-russell","12":"first","13":"instock","14":"sale","15":"shipping-taxable","16":"purchasable","17":"product-type-simple"},"_links":{"self":[{"href":"https:\/\/roveyayinevi.com.tr\/index.php\/wp-json\/wp\/v2\/product\/706387","targetHints":{"allow":["GET"]}}],"collection":[{"href":"https:\/\/roveyayinevi.com.tr\/index.php\/wp-json\/wp\/v2\/product"}],"about":[{"href":"https:\/\/roveyayinevi.com.tr\/index.php\/wp-json\/wp\/v2\/types\/product"}],"wp:attachment":[{"href":"https:\/\/roveyayinevi.com.tr\/index.php\/wp-json\/wp\/v2\/media?parent=706387"}],"wp:term":[{"taxonomy":"product_brand","embeddable":true,"href":"https:\/\/roveyayinevi.com.tr\/index.php\/wp-json\/wp\/v2\/product_brand?post=706387"},{"taxonomy":"product_cat","embeddable":true,"href":"https:\/\/roveyayinevi.com.tr\/index.php\/wp-json\/wp\/v2\/product_cat?post=706387"},{"taxonomy":"product_tag","embeddable":true,"href":"https:\/\/roveyayinevi.com.tr\/index.php\/wp-json\/wp\/v2\/product_tag?post=706387"}],"curies":[{"name":"wp","href":"https:\/\/api.w.org\/{rel}","templated":true}]}}