{"id":706386,"date":"2025-08-27T15:55:22","date_gmt":"2025-08-27T12:55:22","guid":{"rendered":"https:\/\/roveyayinevi.com.tr\/index.php\/urun\/yunanlar-kendi-mitlerine-inanmislar-miydi\/"},"modified":"2026-04-16T02:14:58","modified_gmt":"2026-04-15T23:14:58","slug":"yunanlar-kendi-mitlerine-inanmislar-miydi","status":"publish","type":"product","link":"https:\/\/roveyayinevi.com.tr\/index.php\/urun\/yunanlar-kendi-mitlerine-inanmislar-miydi\/","title":{"rendered":"Yunanlar Kendi Mitlerine \u0130nanm\u0131\u015flar M\u0131yd\u0131?"},"content":{"rendered":"<p>Yunanlar mitlerine inanm\u0131\u015flar m\u0131yd\u0131?Yunanlar\u0131n, bize akl\u0131 anlatan bu bilge atalar\u0131n, titanlara, kikloplara, kahramanlara inanmalar\u0131 m\u00fcmk\u00fcn m\u00fc? Varsayal\u0131m ki Minator\u2019u \u015fairlerin uydurmas\u0131 olarak d\u00fc\u015f\u00fcnd\u00fcler, peki Theseus\u2019un varl\u0131\u011f\u0131ndan da \u015f\u00fcphe ettiler mi? Veyne, bu sorular \u00e7er\u00e7evesinde hakikatin konumuna dair etkileyici bir soru\u015fturmaya giri\u015fiyor. Mitlerin do\u011fas\u0131n\u0131, onlar\u0131n kabul edili\u015f \u015fekillerini, do\u011fru kabul edilmeleri i\u00e7in gereken \u00f6l\u00e7\u00fctleri inceliyor. S\u00fcregelen bu anlat\u0131lar\u0131n tarihle olan ba\u011flar\u0131n\u0131 sorguluyor. \u201cPaul Veyne\u2019in ara\u015ft\u0131rman\u0131n ne demek oldu\u011funu bilen ger\u00e7ek bir tarih\u00e7i oldu\u011fu do\u011fru, ama ayn\u0131 zamanda do\u011fru ile yanl\u0131\u015f aras\u0131ndaki oyunlar\u0131n tarihinin olu\u015fturulmas\u0131 istendi\u011fi zaman girilen labirenti de biliyor. Bug\u00fcn, hakikatin tarihi hakk\u0131nda sorular sormak, b\u00fct\u00fcn d\u00fc\u015f\u00fcnce i\u00e7in ge\u00e7erli olan b\u00f6yle bir tehlikeyle y\u00fczle\u015fmeyi kabul etmek olduk\u00e7a nadir rastlanan bir durum.\u201d\u2013Michel Foucaul <\/p>\n","protected":false},"excerpt":{"rendered":"<p>Yunanlar mitlerine inanm\u0131\u015flar m\u0131yd\u0131?Yunanlar\u0131n, bize akl\u0131 anlatan bu bilge atalar\u0131n, titanlara, kikloplara, kahramanlara inanmalar\u0131 m\u00fcmk\u00fcn m\u00fc? Varsayal\u0131m ki Minator\u2019u \u015fairlerin uydurmas\u0131 olarak d\u00fc\u015f\u00fcnd\u00fcler, peki Theseus\u2019un varl\u0131\u011f\u0131ndan<span class=\"excerpt-hellip\"> [\u2026]<\/span><\/p>\n","protected":false},"featured_media":0,"template":"","meta":{"_monsterinsights_skip_tracking":false,"_monsterinsights_sitenote_active":false,"_monsterinsights_sitenote_note":"","_monsterinsights_sitenote_category":0},"product_brand":[],"product_cat":[12718,12858],"product_tag":[],"class_list":{"0":"post-706386","1":"product","2":"type-product","3":"status-publish","5":"product_cat-din","6":"product_cat-mitolojiler","7":"pa_cilt-ciltsiz","8":"pa_tur-kitap","9":"pa_yayinevi-alfa-yayinlari","10":"pa_yazar-paul-veyne","12":"first","13":"instock","14":"sale","15":"shipping-taxable","16":"purchasable","17":"product-type-simple"},"_links":{"self":[{"href":"https:\/\/roveyayinevi.com.tr\/index.php\/wp-json\/wp\/v2\/product\/706386","targetHints":{"allow":["GET"]}}],"collection":[{"href":"https:\/\/roveyayinevi.com.tr\/index.php\/wp-json\/wp\/v2\/product"}],"about":[{"href":"https:\/\/roveyayinevi.com.tr\/index.php\/wp-json\/wp\/v2\/types\/product"}],"wp:attachment":[{"href":"https:\/\/roveyayinevi.com.tr\/index.php\/wp-json\/wp\/v2\/media?parent=706386"}],"wp:term":[{"taxonomy":"product_brand","embeddable":true,"href":"https:\/\/roveyayinevi.com.tr\/index.php\/wp-json\/wp\/v2\/product_brand?post=706386"},{"taxonomy":"product_cat","embeddable":true,"href":"https:\/\/roveyayinevi.com.tr\/index.php\/wp-json\/wp\/v2\/product_cat?post=706386"},{"taxonomy":"product_tag","embeddable":true,"href":"https:\/\/roveyayinevi.com.tr\/index.php\/wp-json\/wp\/v2\/product_tag?post=706386"}],"curies":[{"name":"wp","href":"https:\/\/api.w.org\/{rel}","templated":true}]}}