{"id":706384,"date":"2025-08-27T15:55:21","date_gmt":"2025-08-27T12:55:21","guid":{"rendered":"https:\/\/roveyayinevi.com.tr\/index.php\/urun\/sherlock-holmes-kitabi-ciltli\/"},"modified":"2026-04-16T02:14:58","modified_gmt":"2026-04-15T23:14:58","slug":"sherlock-holmes-kitabi-ciltli","status":"publish","type":"product","link":"https:\/\/roveyayinevi.com.tr\/index.php\/urun\/sherlock-holmes-kitabi-ciltli\/","title":{"rendered":"Sherlock Holmes Kitab\u0131 (Ciltli)"},"content":{"rendered":"<p>Bohemya\u2019da skandala kim neden olmu\u015ftu? G\u00fcm\u00fc\u015f Alev neredeydi? Baskerville\u2019lerin K\u00f6pe\u011fi neydi? Sherlock Holmes\u2019un vakalar\u0131n\u0131n hepsine bir b\u00fcy\u00fcte\u00e7 tutan bu kitap, S\u00f6r Arthur Conan Doyle\u2019un efsanevi dedektifine hayat veriyor.Sherlock Holmes Kitab\u0131 zekice \u00e7izimler, net grafiklerle ve unutulmaz al\u0131nt\u0131larla kusursuz bir Holmes rehberi sunuyor ve K\u0131z\u0131l Bir Soru\u015fturma\u2019dan Shoscombe Old Plase Maceras\u0131\u2019na kadar t\u00fcm k\u00fclliyat\u0131 ele alraka \u00f6yk\u00fcleri daha geni\u015f bir ba\u011flama yerle\u015ftirir.\u0130ster Holmes\u2019un ustal\u0131\u011f\u0131n\u0131 ve g\u00f6zlem g\u00fcc\u00fcn\u00fc ilk kez tan\u0131yan biri olun, ister onun benzersiz \u00e7\u0131kar\u0131m g\u00fc\u00e7lerine a\u015fina olun, bu kitapta sizi ilgilendirecek ve heyecanland\u0131racak bir\u00e7ok \u015fey bulacaks\u0131n\u0131z.<\/p>\n","protected":false},"excerpt":{"rendered":"<p>Bohemya\u2019da skandala kim neden olmu\u015ftu? G\u00fcm\u00fc\u015f Alev neredeydi? Baskerville\u2019lerin K\u00f6pe\u011fi neydi? Sherlock Holmes\u2019un vakalar\u0131n\u0131n hepsine bir b\u00fcy\u00fcte\u00e7 tutan bu kitap, S\u00f6r Arthur Conan Doyle\u2019un efsanevi dedektifine<span class=\"excerpt-hellip\"> [\u2026]<\/span><\/p>\n","protected":false},"featured_media":0,"template":"","meta":{"_monsterinsights_skip_tracking":false,"_monsterinsights_sitenote_active":false,"_monsterinsights_sitenote_note":"","_monsterinsights_sitenote_category":0},"product_brand":[],"product_cat":[12291,12866],"product_tag":[],"class_list":{"0":"post-706384","1":"product","2":"type-product","3":"status-publish","5":"product_cat-edebiyat","6":"product_cat-ingiliz-edebiyati","7":"pa_cilt-ciltli","8":"pa_tur-kitap","9":"pa_yayinevi-alfa-yayinlari","10":"pa_yazar-kolektif","12":"first","13":"instock","14":"sale","15":"shipping-taxable","16":"purchasable","17":"product-type-simple"},"_links":{"self":[{"href":"https:\/\/roveyayinevi.com.tr\/index.php\/wp-json\/wp\/v2\/product\/706384","targetHints":{"allow":["GET"]}}],"collection":[{"href":"https:\/\/roveyayinevi.com.tr\/index.php\/wp-json\/wp\/v2\/product"}],"about":[{"href":"https:\/\/roveyayinevi.com.tr\/index.php\/wp-json\/wp\/v2\/types\/product"}],"wp:attachment":[{"href":"https:\/\/roveyayinevi.com.tr\/index.php\/wp-json\/wp\/v2\/media?parent=706384"}],"wp:term":[{"taxonomy":"product_brand","embeddable":true,"href":"https:\/\/roveyayinevi.com.tr\/index.php\/wp-json\/wp\/v2\/product_brand?post=706384"},{"taxonomy":"product_cat","embeddable":true,"href":"https:\/\/roveyayinevi.com.tr\/index.php\/wp-json\/wp\/v2\/product_cat?post=706384"},{"taxonomy":"product_tag","embeddable":true,"href":"https:\/\/roveyayinevi.com.tr\/index.php\/wp-json\/wp\/v2\/product_tag?post=706384"}],"curies":[{"name":"wp","href":"https:\/\/api.w.org\/{rel}","templated":true}]}}