{"id":706382,"date":"2025-08-27T15:55:20","date_gmt":"2025-08-27T12:55:20","guid":{"rendered":"https:\/\/roveyayinevi.com.tr\/index.php\/urun\/one-punch-man-cilt-3\/"},"modified":"2026-04-13T02:19:07","modified_gmt":"2026-04-12T23:19:07","slug":"one-punch-man-cilt-3","status":"publish","type":"product","link":"https:\/\/roveyayinevi.com.tr\/index.php\/urun\/one-punch-man-cilt-3\/","title":{"rendered":"One-Punch Man &#8211; Cilt 3"},"content":{"rendered":"<p>Saitama, ger\u00e7ek ve tescilli bir kahraman olma yolunda ciddi ad\u0131mlar at\u0131yor ve Genos\u2019la beraber kahramanl\u0131k yetki s\u0131nav\u0131na giriyor. Fiziksel g\u00fc\u00e7 s\u0131nav\u0131n\u0131n sonu\u00e7lar\u0131 muhte\u015fem. Ancak g\u00fc\u00e7 s\u0131nav\u0131ndan herkesi \u015fa\u015fk\u0131nl\u0131\u011fa u\u011fratan bir not almas\u0131na ra\u011fmen, Saitama kendini C s\u0131n\u0131f\u0131nda buluyor! Bu da yetmezmi\u015f gibi, o hen\u00fcz fark\u0131nda olmasa da, ciddi bir kriz ya\u015fanmak \u00fczere.<\/p>\n","protected":false},"excerpt":{"rendered":"<p>Saitama, ger\u00e7ek ve tescilli bir kahraman olma yolunda ciddi ad\u0131mlar at\u0131yor ve Genos\u2019la beraber kahramanl\u0131k yetki s\u0131nav\u0131na giriyor. Fiziksel g\u00fc\u00e7 s\u0131nav\u0131n\u0131n sonu\u00e7lar\u0131 muhte\u015fem. Ancak g\u00fc\u00e7 s\u0131nav\u0131ndan<span class=\"excerpt-hellip\"> [\u2026]<\/span><\/p>\n","protected":false},"featured_media":0,"template":"","meta":{"_monsterinsights_skip_tracking":false,"_monsterinsights_sitenote_active":false,"_monsterinsights_sitenote_note":"","_monsterinsights_sitenote_category":0},"product_brand":[],"product_cat":[12416,12291],"product_tag":[],"class_list":{"0":"post-706382","1":"product","2":"type-product","3":"status-publish","5":"product_cat-cizgi-roman","6":"product_cat-edebiyat","7":"pa_cilt-ciltsiz","8":"pa_tur-kitap","9":"pa_yayinevi-akil-celen-kitaplar","10":"pa_yazar-kolektif","12":"first","13":"instock","14":"sale","15":"shipping-taxable","16":"purchasable","17":"product-type-simple"},"_links":{"self":[{"href":"https:\/\/roveyayinevi.com.tr\/index.php\/wp-json\/wp\/v2\/product\/706382","targetHints":{"allow":["GET"]}}],"collection":[{"href":"https:\/\/roveyayinevi.com.tr\/index.php\/wp-json\/wp\/v2\/product"}],"about":[{"href":"https:\/\/roveyayinevi.com.tr\/index.php\/wp-json\/wp\/v2\/types\/product"}],"wp:attachment":[{"href":"https:\/\/roveyayinevi.com.tr\/index.php\/wp-json\/wp\/v2\/media?parent=706382"}],"wp:term":[{"taxonomy":"product_brand","embeddable":true,"href":"https:\/\/roveyayinevi.com.tr\/index.php\/wp-json\/wp\/v2\/product_brand?post=706382"},{"taxonomy":"product_cat","embeddable":true,"href":"https:\/\/roveyayinevi.com.tr\/index.php\/wp-json\/wp\/v2\/product_cat?post=706382"},{"taxonomy":"product_tag","embeddable":true,"href":"https:\/\/roveyayinevi.com.tr\/index.php\/wp-json\/wp\/v2\/product_tag?post=706382"}],"curies":[{"name":"wp","href":"https:\/\/api.w.org\/{rel}","templated":true}]}}