{"id":706381,"date":"2025-08-27T15:55:19","date_gmt":"2025-08-27T12:55:19","guid":{"rendered":"https:\/\/roveyayinevi.com.tr\/index.php\/urun\/musanin-sirri-ana-tanricanin-yolunda\/"},"modified":"2026-04-16T02:14:58","modified_gmt":"2026-04-15T23:14:58","slug":"musanin-sirri-ana-tanricanin-yolunda","status":"publish","type":"product","link":"https:\/\/roveyayinevi.com.tr\/index.php\/urun\/musanin-sirri-ana-tanricanin-yolunda\/","title":{"rendered":"Musa&#8217;n\u0131n S\u0131rr\u0131 &#8211; Ana Tanr\u0131\u00e7a&#8217;n\u0131n Yolunda"},"content":{"rendered":"<p>Berk Y\u00fcksel, d\u00f6rd\u00fcnc\u00fc kitab\u0131nda uzun s\u00fcrecek bir yolculu\u011fun ilk me\u015falesini yak\u0131yor. Ana Tanr\u0131\u00e7a serisinin bu ilk kitab\u0131nda, d\u00fcnyan\u0131n en me\u015fhur hikayesinde Musa ile birlikte ad\u0131m ad\u0131m yol al\u0131yor okur\u2026Roman s\u00fcr\u00fckleyici ba\u015flay\u0131p daha \u00f6nce hi\u00e7 de\u011finilmemi\u015f konulara de\u011finerek heyecan ile son buluyor. Serinin devam eden kitaplar\u0131 ile b\u00fct\u00fcnlenecek hikaye, okuru k\u0131sa s\u00fcrede etkisi alt\u0131na alacakt\u0131r\u2026O\u2019nun hikayesi Kahraman\u2019\u0131n hikayesi\u2026O\u2019nun yani Ana Tanr\u0131\u00e7a\u2019n\u0131n hikayesi\u2026O\u2019nun hikayesi tarihi de\u011fi\u015ftiren bir hikaye\u2026Bu Musa\u2019n\u0131n O\u2019na yolculu\u011fu\u2026Bu Musa\u2019n\u0131n hi\u00e7 bitmeyen aray\u0131\u015ftaki dura\u011f\u0131\u2026Bu Musa\u2019n\u0131n sonsuzlu\u011fu, cevaplar\u0131 ve Tanr\u0131\u2019y\u0131 aray\u0131\u015f\u0131\u2026Kadim gelene\u011fin inisiyatik t\u00fcnelinden s\u00fcz\u00fclen bir \u0131\u015f\u0131k o\u2026Ne ilk ne de son olacak\u2026Ancak yapt\u0131klar\u0131 ve yapamad\u0131klar\u0131 ile O hat\u0131rlanacak\u2026O\u2019nun yolunda da hedef bizzat yolun kendisi\u2026Her d\u00f6nem kendi hegemonlar\u0131n\u0131 yarat\u0131r\u2026Musa gibiler ise iyi, do\u011fru ve g\u00fczel y\u00f6n\u00fcnde de\u011fi\u015fimedirenen d\u00fcnyay\u0131 de\u011fi\u015ftirebilmek i\u00e7in \u00e7aba sarf ederler\u2026O ve di\u011fer inisiyelerin ya\u015fam\u0131 bizlere birer aynad\u0131r;bizde olan\u0131 ve olmayan\u0131 g\u00f6stermek i\u00e7in\u2026<\/p>\n","protected":false},"excerpt":{"rendered":"<p>Berk Y\u00fcksel, d\u00f6rd\u00fcnc\u00fc kitab\u0131nda uzun s\u00fcrecek bir yolculu\u011fun ilk me\u015falesini yak\u0131yor. Ana Tanr\u0131\u00e7a serisinin bu ilk kitab\u0131nda, d\u00fcnyan\u0131n en me\u015fhur hikayesinde Musa ile birlikte ad\u0131m ad\u0131m<span class=\"excerpt-hellip\"> [\u2026]<\/span><\/p>\n","protected":false},"featured_media":0,"template":"","meta":{"_monsterinsights_skip_tracking":false,"_monsterinsights_sitenote_active":false,"_monsterinsights_sitenote_note":"","_monsterinsights_sitenote_category":0},"product_brand":[],"product_cat":[12718,12858],"product_tag":[],"class_list":{"0":"post-706381","1":"product","2":"type-product","3":"status-publish","5":"product_cat-din","6":"product_cat-mitolojiler","7":"pa_cilt-ciltsiz","8":"pa_tur-kitap","9":"pa_yayinevi-akil-celen-kitaplar","10":"pa_yazar-berk-yuksel","12":"first","13":"instock","14":"sale","15":"shipping-taxable","16":"purchasable","17":"product-type-simple"},"_links":{"self":[{"href":"https:\/\/roveyayinevi.com.tr\/index.php\/wp-json\/wp\/v2\/product\/706381","targetHints":{"allow":["GET"]}}],"collection":[{"href":"https:\/\/roveyayinevi.com.tr\/index.php\/wp-json\/wp\/v2\/product"}],"about":[{"href":"https:\/\/roveyayinevi.com.tr\/index.php\/wp-json\/wp\/v2\/types\/product"}],"wp:attachment":[{"href":"https:\/\/roveyayinevi.com.tr\/index.php\/wp-json\/wp\/v2\/media?parent=706381"}],"wp:term":[{"taxonomy":"product_brand","embeddable":true,"href":"https:\/\/roveyayinevi.com.tr\/index.php\/wp-json\/wp\/v2\/product_brand?post=706381"},{"taxonomy":"product_cat","embeddable":true,"href":"https:\/\/roveyayinevi.com.tr\/index.php\/wp-json\/wp\/v2\/product_cat?post=706381"},{"taxonomy":"product_tag","embeddable":true,"href":"https:\/\/roveyayinevi.com.tr\/index.php\/wp-json\/wp\/v2\/product_tag?post=706381"}],"curies":[{"name":"wp","href":"https:\/\/api.w.org\/{rel}","templated":true}]}}