{"id":706377,"date":"2025-08-27T15:55:18","date_gmt":"2025-08-27T12:55:18","guid":{"rendered":"https:\/\/roveyayinevi.com.tr\/index.php\/urun\/ozguven-2\/"},"modified":"2026-04-16T02:14:58","modified_gmt":"2026-04-15T23:14:58","slug":"ozguven-2","status":"publish","type":"product","link":"https:\/\/roveyayinevi.com.tr\/index.php\/urun\/ozguven-2\/","title":{"rendered":"\u00d6zg\u00fcven"},"content":{"rendered":"<p>\u00d6zg\u00fcven: daha iyi bir hayat i\u00e7in \u00f6zde\u011feri geli\u015ftirmek\u00d6zde\u011fer nedir?Nereden gelir?Nas\u0131l geli\u015fir?\u0130\u00e7imizdeki hangi kuvvete dayanarak y\u00fckselir?Ne i\u015fe yarar?\u00d6zde\u011feri ve \u00f6zg\u00fcveni geli\u015ftirmek i\u00e7in ne gibi \u00e7\u00f6z\u00fcmler vard\u0131r?Ki\u015fisel ve i\u015f hayat\u0131ndaki ba\u015far\u0131lar\u0131 belirleyen en \u00f6nemli nitelik ki\u015finin sahip oldu\u011fu \u00f6zde\u011fer ve \u00f6zg\u00fcven duygusudur. \u00d6zde\u011fer ve \u00f6zg\u00fcven duygusu mutlu bir hayat\u0131n da anahtar\u0131d\u0131r.\u00d6zg\u00fcven: Daha \u0130yi Bir Hayat \u0130\u00e7in \u00d6zde\u011feri Geli\u015ftirmek mutlu bir hayata a\u00e7\u0131lan kap\u0131n\u0131n anahtar\u0131n\u0131 sunuyor. Bu kitap, kendinizi daha iyi tan\u0131man\u0131z\u0131n, i\u015f hayat\u0131nda \u00f6zg\u00fcveninizi art\u0131rman\u0131z\u0131n ve \u00f6zde\u011ferinizi y\u00fckseltmenizin yollar\u0131n\u0131 anlat\u0131yor.<\/p>\n","protected":false},"excerpt":{"rendered":"<p>\u00d6zg\u00fcven: daha iyi bir hayat i\u00e7in \u00f6zde\u011feri geli\u015ftirmek\u00d6zde\u011fer nedir?Nereden gelir?Nas\u0131l geli\u015fir?\u0130\u00e7imizdeki hangi kuvvete dayanarak y\u00fckselir?Ne i\u015fe yarar?\u00d6zde\u011feri ve \u00f6zg\u00fcveni geli\u015ftirmek i\u00e7in ne gibi \u00e7\u00f6z\u00fcmler vard\u0131r?Ki\u015fisel ve<span class=\"excerpt-hellip\"> [\u2026]<\/span><\/p>\n","protected":false},"featured_media":0,"template":"","meta":{"_monsterinsights_skip_tracking":false,"_monsterinsights_sitenote_active":false,"_monsterinsights_sitenote_note":"","_monsterinsights_sitenote_category":0},"product_brand":[],"product_cat":[12364,12376],"product_tag":[],"class_list":{"0":"post-706377","1":"product","2":"type-product","3":"status-publish","5":"product_cat-genel-konular","6":"product_cat-kisisel-gelisim","7":"pa_cilt-ciltsiz","8":"pa_tur-kitap","9":"pa_yayinevi-akil-celen-kitaplar","10":"pa_yazar-patrice-ras","12":"first","13":"instock","14":"sale","15":"shipping-taxable","16":"purchasable","17":"product-type-simple"},"_links":{"self":[{"href":"https:\/\/roveyayinevi.com.tr\/index.php\/wp-json\/wp\/v2\/product\/706377","targetHints":{"allow":["GET"]}}],"collection":[{"href":"https:\/\/roveyayinevi.com.tr\/index.php\/wp-json\/wp\/v2\/product"}],"about":[{"href":"https:\/\/roveyayinevi.com.tr\/index.php\/wp-json\/wp\/v2\/types\/product"}],"wp:attachment":[{"href":"https:\/\/roveyayinevi.com.tr\/index.php\/wp-json\/wp\/v2\/media?parent=706377"}],"wp:term":[{"taxonomy":"product_brand","embeddable":true,"href":"https:\/\/roveyayinevi.com.tr\/index.php\/wp-json\/wp\/v2\/product_brand?post=706377"},{"taxonomy":"product_cat","embeddable":true,"href":"https:\/\/roveyayinevi.com.tr\/index.php\/wp-json\/wp\/v2\/product_cat?post=706377"},{"taxonomy":"product_tag","embeddable":true,"href":"https:\/\/roveyayinevi.com.tr\/index.php\/wp-json\/wp\/v2\/product_tag?post=706377"}],"curies":[{"name":"wp","href":"https:\/\/api.w.org\/{rel}","templated":true}]}}