{"id":706373,"date":"2025-08-27T15:55:16","date_gmt":"2025-08-27T12:55:16","guid":{"rendered":"https:\/\/roveyayinevi.com.tr\/index.php\/urun\/one-punch-man-tek-yumruk-01\/"},"modified":"2026-04-16T02:14:58","modified_gmt":"2026-04-15T23:14:58","slug":"one-punch-man-tek-yumruk-01","status":"publish","type":"product","link":"https:\/\/roveyayinevi.com.tr\/index.php\/urun\/one-punch-man-tek-yumruk-01\/","title":{"rendered":"One Punch Man \u2013 Tek Yumruk 01"},"content":{"rendered":"<p>\u0130lk bak\u0131\u015fta, Saitama bir s\u00fcper kahraman gibi g\u00f6r\u00fcnm\u00fcyor asla; ne kel kafas\u0131ndaki ruhsuz y\u00fcz ifadesi ne de en ufak bir etkileyicili\u011fi olmayan fizi\u011fi. \u00d6te yandan, s\u0131radan g\u00f6r\u00fcn\u00fc\u015fl\u00fc bu herifin hi\u00e7 de s\u0131radan olmayan bir sorun var ba\u015f\u0131nda; kendi g\u00fcc\u00fcne uygun rakip bulam\u0131yor bir t\u00fcrl\u00fc. Evet, zaman zaman umut vadeden k\u00f6t\u00fc karakterler \u00e7\u0131k\u0131yor ortaya ama Saitama her defas\u0131nda onlar\u0131 bir yumrukta yere seriveriyor. Acaba bir g\u00fcn Saitama da kendi akran\u0131 bir rakip bulup hayat\u0131na anlam katabilecek mi yoksa hayat\u0131n\u0131n geri kalan\u0131n\u0131 ola\u011fan\u00fcst\u00fc g\u00fcc\u00fcyle s\u0131k\u0131larak ge\u00e7irmeye mahk\u00fbm oldu mu \u00e7oktan?<\/p>\n","protected":false},"excerpt":{"rendered":"<p>\u0130lk bak\u0131\u015fta, Saitama bir s\u00fcper kahraman gibi g\u00f6r\u00fcnm\u00fcyor asla; ne kel kafas\u0131ndaki ruhsuz y\u00fcz ifadesi ne de en ufak bir etkileyicili\u011fi olmayan fizi\u011fi. \u00d6te yandan, s\u0131radan<span class=\"excerpt-hellip\"> [\u2026]<\/span><\/p>\n","protected":false},"featured_media":0,"template":"","meta":{"_monsterinsights_skip_tracking":false,"_monsterinsights_sitenote_active":false,"_monsterinsights_sitenote_note":"","_monsterinsights_sitenote_category":0},"product_brand":[],"product_cat":[12416,12291],"product_tag":[],"class_list":{"0":"post-706373","1":"product","2":"type-product","3":"status-publish","5":"product_cat-cizgi-roman","6":"product_cat-edebiyat","7":"pa_cilt-ciltsiz","8":"pa_tur-kitap","9":"pa_yayinevi-akil-celen-kitaplar","10":"pa_yazar-kolektif","12":"first","13":"instock","14":"sale","15":"shipping-taxable","16":"purchasable","17":"product-type-simple"},"_links":{"self":[{"href":"https:\/\/roveyayinevi.com.tr\/index.php\/wp-json\/wp\/v2\/product\/706373","targetHints":{"allow":["GET"]}}],"collection":[{"href":"https:\/\/roveyayinevi.com.tr\/index.php\/wp-json\/wp\/v2\/product"}],"about":[{"href":"https:\/\/roveyayinevi.com.tr\/index.php\/wp-json\/wp\/v2\/types\/product"}],"wp:attachment":[{"href":"https:\/\/roveyayinevi.com.tr\/index.php\/wp-json\/wp\/v2\/media?parent=706373"}],"wp:term":[{"taxonomy":"product_brand","embeddable":true,"href":"https:\/\/roveyayinevi.com.tr\/index.php\/wp-json\/wp\/v2\/product_brand?post=706373"},{"taxonomy":"product_cat","embeddable":true,"href":"https:\/\/roveyayinevi.com.tr\/index.php\/wp-json\/wp\/v2\/product_cat?post=706373"},{"taxonomy":"product_tag","embeddable":true,"href":"https:\/\/roveyayinevi.com.tr\/index.php\/wp-json\/wp\/v2\/product_tag?post=706373"}],"curies":[{"name":"wp","href":"https:\/\/api.w.org\/{rel}","templated":true}]}}