{"id":706369,"date":"2025-08-27T15:55:14","date_gmt":"2025-08-27T12:55:14","guid":{"rendered":"https:\/\/roveyayinevi.com.tr\/index.php\/urun\/ilyada-4\/"},"modified":"2026-04-16T02:14:58","modified_gmt":"2026-04-15T23:14:58","slug":"ilyada-4","status":"publish","type":"product","link":"https:\/\/roveyayinevi.com.tr\/index.php\/urun\/ilyada-4\/","title":{"rendered":"\u0130lyada"},"content":{"rendered":"<p>Her \u015fey, Paris&#8217;in sihirli elmay\u0131 Afrodite&#8217;ye vermesiyle ba\u015flar. Afrodite elma kar\u015f\u0131l\u0131\u011f\u0131nda Paris&#8217;e d\u00fcnyan\u0131n en g\u00fczel kad\u0131n\u0131n\u0131n sevgisini vaat etmi\u015ftir. Paris&#8217;in g\u00fczeller g\u00fczeli Helene ile kar\u015f\u0131la\u015fmas\u0131 ve elmay\u0131 alamayan Hera ile Athene&#8217;nin y\u00fcreklerindeki \u00f6fkenin kine d\u00f6n\u00fc\u015fmesi, Troya&#8217;y\u0131 alevler i\u00e7inde b\u0131rakacak bir sava\u015f\u0131 ba\u015flat\u0131r. Homeros&#8217;un 2.700 y\u0131ll\u0131k \u00f6l\u00fcms\u00fcz destan\u0131 \u0130lyada, yeni ve \u00e7a\u011fda\u015f bir \u00e7eviriyle yeniden T\u00fcrk\u00e7ede. Antik Helenceden \u00e7a\u011fda\u015f Yunancaya yap\u0131lm\u0131\u015f \u00e7evirisinden dilimize kazand\u0131r\u0131lan bu eserde, Homeros&#8217;un kendine \u00f6zg\u00fc tarz\u0131nda ve dilindeki o \u00f6zel deha ve ustal\u0131ktan \u00f6d\u00fcn verilmemi\u015ftir. Anadolulu ozan Homeros&#8217;un iki b\u00fcy\u00fck destan\u0131ndan biri olan \u0130lyada genellikle t\u00fcm zamanlar\u0131n en b\u00fcy\u00fck sava\u015f \u00f6yk\u00fclerinden biri olarak kabul edilir. Oysa \u0130lyada&#8217;da yaln\u0131zca Troya Sava\u015f\u0131&#8217;n\u0131n anlat\u0131ld\u0131\u011f\u0131n\u0131 s\u00f6ylemek \u00e7ok eksik bir tan\u0131mlamad\u0131r; ka\u00e7\u0131n\u0131lmaz bir trajik sona do\u011fru giderken, y\u00fcce duygularla m\u00fccadele eden ve muazzam bir y\u0131k\u0131m\u0131n ortas\u0131nda sava\u015fan insanlar\u0131n ve tanr\u0131lar\u0131n yi\u011fitliklerini h\u00e2l\u00e2 capcanl\u0131 bize ileten bir \u00f6yk\u00fcd\u00fcr bu. Rapsodi ad\u0131 verilen 24 b\u00f6l\u00fcmden ve 16.000&#8217;den \u00e7ok dizeden olu\u015fan \u0130lyada destan\u0131 Troyal\u0131lar ile Akhalar aras\u0131nda y\u0131llarca s\u00fcren Troya sava\u015f\u0131n\u0131n sadece k\u00fc\u00e7\u00fck bir b\u00f6l\u00fcm\u00fcn\u00fc anlatmaktad\u0131r. Bir zamanlar varl\u0131\u011f\u0131na inan\u0131lmayan ve mit oldu\u011fu san\u0131lan Troya kenti, \u00c7anakkale Bo\u011faz\u0131&#8217;n\u0131n g\u00fcney yakas\u0131nda ortaya \u00e7\u0131kar\u0131lm\u0131\u015ft\u0131r. Anadolu&#8217;nun k\u00fclt\u00fcr miras\u0131n\u0131n tan\u0131nmas\u0131 a\u00e7\u0131s\u0131ndan \u0130lyada \u00e7ok \u00f6zel bir \u00f6neme sahiptir.<\/p>\n","protected":false},"excerpt":{"rendered":"<p>Her \u015fey, Paris&#8217;in sihirli elmay\u0131 Afrodite&#8217;ye vermesiyle ba\u015flar. Afrodite elma kar\u015f\u0131l\u0131\u011f\u0131nda Paris&#8217;e d\u00fcnyan\u0131n en g\u00fczel kad\u0131n\u0131n\u0131n sevgisini vaat etmi\u015ftir. Paris&#8217;in g\u00fczeller g\u00fczeli Helene ile kar\u015f\u0131la\u015fmas\u0131 ve<span class=\"excerpt-hellip\"> [\u2026]<\/span><\/p>\n","protected":false},"featured_media":0,"template":"","meta":{"_monsterinsights_skip_tracking":false,"_monsterinsights_sitenote_active":false,"_monsterinsights_sitenote_note":"","_monsterinsights_sitenote_category":0},"product_brand":[],"product_cat":[12291,13706],"product_tag":[],"class_list":{"0":"post-706369","1":"product","2":"type-product","3":"status-publish","5":"product_cat-edebiyat","6":"product_cat-efsane-destan-masal","7":"pa_cilt-ciltsiz","8":"pa_tur-kitap","9":"pa_yayinevi-akil-celen-kitaplar","10":"pa_yazar-homeros","12":"first","13":"instock","14":"sale","15":"shipping-taxable","16":"purchasable","17":"product-type-simple"},"_links":{"self":[{"href":"https:\/\/roveyayinevi.com.tr\/index.php\/wp-json\/wp\/v2\/product\/706369","targetHints":{"allow":["GET"]}}],"collection":[{"href":"https:\/\/roveyayinevi.com.tr\/index.php\/wp-json\/wp\/v2\/product"}],"about":[{"href":"https:\/\/roveyayinevi.com.tr\/index.php\/wp-json\/wp\/v2\/types\/product"}],"wp:attachment":[{"href":"https:\/\/roveyayinevi.com.tr\/index.php\/wp-json\/wp\/v2\/media?parent=706369"}],"wp:term":[{"taxonomy":"product_brand","embeddable":true,"href":"https:\/\/roveyayinevi.com.tr\/index.php\/wp-json\/wp\/v2\/product_brand?post=706369"},{"taxonomy":"product_cat","embeddable":true,"href":"https:\/\/roveyayinevi.com.tr\/index.php\/wp-json\/wp\/v2\/product_cat?post=706369"},{"taxonomy":"product_tag","embeddable":true,"href":"https:\/\/roveyayinevi.com.tr\/index.php\/wp-json\/wp\/v2\/product_tag?post=706369"}],"curies":[{"name":"wp","href":"https:\/\/api.w.org\/{rel}","templated":true}]}}