{"id":706366,"date":"2025-08-27T15:55:13","date_gmt":"2025-08-27T12:55:13","guid":{"rendered":"https:\/\/roveyayinevi.com.tr\/index.php\/urun\/yasamin-matematigi\/"},"modified":"2026-02-02T02:16:51","modified_gmt":"2026-02-01T23:16:51","slug":"yasamin-matematigi","status":"publish","type":"product","link":"https:\/\/roveyayinevi.com.tr\/index.php\/urun\/yasamin-matematigi\/","title":{"rendered":"Ya\u015fam\u0131n Matemati\u011fi"},"content":{"rendered":"<p>Ian Stewart ya\u015fam\u0131n s\u0131r perdesini matematikle nas\u0131l aralayaca\u011f\u0131m\u0131z\u0131 g\u00f6steriyor.Yeni ve b\u00fcy\u00fcleyici bir i\u015fbirli\u011fi i\u00e7inde \u00e7al\u0131\u015fan biyologlar ve matematik\u00e7iler, hayvan ve bitkilerin gizemli karma\u015f\u0131kl\u0131\u011f\u0131n\u0131 derinlemesine analiz ediyor. Bu ara\u015ft\u0131rmalar, t\u00fcrl\u00fc organizmalar\u0131n davran\u0131\u015flar\u0131 ve kar\u015f\u0131l\u0131kl\u0131 etkile\u015fimlerinin ekolojik dengeye ne t\u00fcr etkilerde bulundu\u011funu daha iyi anlamam\u0131z\u0131 sa\u011flayacak. Ayr\u0131ca, biyolojik \u00e7e\u015fitlilikteki de\u011fi\u015fimlerin gezegenimizin ekolojisine etkileri hakk\u0131nda da daha fazla bilgi sahibi olaca\u011f\u0131z.Kendine has bir sadeli\u011fi ve e\u011flendirici tarz\u0131yla Ian Stewart, aralar\u0131nda h\u00fccrenin gizli mekanizmalar\u0131, beynin i\u015fleyi\u015fi ve vir\u00fcslerin davran\u0131\u015flar\u0131 da bulunan ve \u00e7ok geni\u015f bir yelpazeye yay\u0131lan pek \u00e7ok konuyu ke\u015ffe \u00e7\u0131k\u0131yor.Stewart, yapay ya\u015fam formlar\u0131n\u0131n tasar\u0131m\u0131 ve yarat\u0131m\u0131 \u00fczerine kafa yoruyor ve evrenin ba\u015fka yerlerindeki ya\u015fam olas\u0131l\u0131klar\u0131n\u0131 de\u011ferlendiriyor.Matematik\u00e7iler ve biyologlar, insan \u0131rk\u0131n\u0131n bug\u00fcne kadar y\u00fczle\u015femedi\u011fi kadar \u00e7etrefilli bilimsel problemlerin yan\u0131tlar\u0131n\u0131 birlikte ar\u0131yor. Ya\u015fam\u0131n Matemati\u011fi, bize bu \u00e7al\u0131\u015fmalar ve devam eden bu ara\u015ft\u0131rmalar\u0131n olas\u0131 sonu\u00e7lar\u0131 konusunda g\u00f6r\u00fc\u015fler sunuyor.<\/p>\n","protected":false},"excerpt":{"rendered":"<p>Ian Stewart ya\u015fam\u0131n s\u0131r perdesini matematikle nas\u0131l aralayaca\u011f\u0131m\u0131z\u0131 g\u00f6steriyor.Yeni ve b\u00fcy\u00fcleyici bir i\u015fbirli\u011fi i\u00e7inde \u00e7al\u0131\u015fan biyologlar ve matematik\u00e7iler, hayvan ve bitkilerin gizemli karma\u015f\u0131kl\u0131\u011f\u0131n\u0131 derinlemesine analiz ediyor.<span class=\"excerpt-hellip\"> [\u2026]<\/span><\/p>\n","protected":false},"featured_media":0,"template":"","meta":{"_monsterinsights_skip_tracking":false,"_monsterinsights_sitenote_active":false,"_monsterinsights_sitenote_note":"","_monsterinsights_sitenote_category":0},"product_brand":[],"product_cat":[13005,13006],"product_tag":[],"class_list":{"0":"post-706366","1":"product","2":"type-product","3":"status-publish","5":"product_cat-bilim-muhendislik","6":"product_cat-populer-bilim","7":"pa_cilt-ciltsiz","8":"pa_tur-kitap","9":"pa_yayinevi-akil-celen-kitaplar","10":"pa_yazar-ian-stewart","12":"first","13":"instock","14":"sale","15":"shipping-taxable","16":"purchasable","17":"product-type-simple"},"_links":{"self":[{"href":"https:\/\/roveyayinevi.com.tr\/index.php\/wp-json\/wp\/v2\/product\/706366","targetHints":{"allow":["GET"]}}],"collection":[{"href":"https:\/\/roveyayinevi.com.tr\/index.php\/wp-json\/wp\/v2\/product"}],"about":[{"href":"https:\/\/roveyayinevi.com.tr\/index.php\/wp-json\/wp\/v2\/types\/product"}],"wp:attachment":[{"href":"https:\/\/roveyayinevi.com.tr\/index.php\/wp-json\/wp\/v2\/media?parent=706366"}],"wp:term":[{"taxonomy":"product_brand","embeddable":true,"href":"https:\/\/roveyayinevi.com.tr\/index.php\/wp-json\/wp\/v2\/product_brand?post=706366"},{"taxonomy":"product_cat","embeddable":true,"href":"https:\/\/roveyayinevi.com.tr\/index.php\/wp-json\/wp\/v2\/product_cat?post=706366"},{"taxonomy":"product_tag","embeddable":true,"href":"https:\/\/roveyayinevi.com.tr\/index.php\/wp-json\/wp\/v2\/product_tag?post=706366"}],"curies":[{"name":"wp","href":"https:\/\/api.w.org\/{rel}","templated":true}]}}