{"id":706365,"date":"2025-08-27T15:55:12","date_gmt":"2025-08-27T12:55:12","guid":{"rendered":"https:\/\/roveyayinevi.com.tr\/index.php\/urun\/utopya-2\/"},"modified":"2026-04-16T02:14:58","modified_gmt":"2026-04-15T23:14:58","slug":"utopya-2","status":"publish","type":"product","link":"https:\/\/roveyayinevi.com.tr\/index.php\/urun\/utopya-2\/","title":{"rendered":"\u00dctopya"},"content":{"rendered":"<p>D\u00fcnya, \u00fctopya kelimesi ya da Yunanca kar\u015f\u0131l\u0131\u011f\u0131 \u201colmayan yer\u201d ile Thomas More\u2019un 1516 y\u0131l\u0131nda yay\u0131nlanan Utopia eseriyle tan\u0131\u015ft\u0131. \u00dctopya zaman\u0131n \u00f6nde gelen d\u00fc\u015f\u00fcn\u00fcrlerinden Erasmus\u2019un edit\u00f6rl\u00fc\u011f\u00fcnde yay\u0131nlanm\u0131\u015ft\u0131. Erasmus, More\u2019un eserde yans\u0131tt\u0131\u011f\u0131 felsefe, yarat\u0131c\u0131l\u0131k, pratiklik ve samimiyet harman\u0131ndan \u00e7ok etkilenmi\u015f ve hen\u00fcz eseri okumadan, politik i\u011fren\u00e7liklerin ger\u00e7ek kayna\u011f\u0131n\u0131 g\u00f6rmeyi umarak \u00dctopya\u2019ya bir el\u00e7i g\u00f6ndermeyi dahi \u00f6nermi\u015fti. \u00dctopya kimilerine g\u00f6re, \u201cD\u00fc\u015fler \u00dclkesi\u201d kimilerine g\u00f6re ise \u201cK\u00e2buslar \u00dclkesi\u201d anlam\u0131na geliyor olsa da, Thomas More daha ya\u015fan\u0131labilir, daha insanc\u0131l ve daha adil bir ideal toplum olabilece\u011fi d\u00fc\u015f\u00fcncesini \u00dctopya ile insanl\u0131\u011f\u0131n ortak akl\u0131na sokmu\u015ftur. Yaz\u0131ld\u0131\u011f\u0131 d\u00f6nemde krallar\u0131n ve soylular\u0131n egemenli\u011fine ve mevcut toplumsal d\u00fczene sert bir ele\u015ftiri ve alternatif aray\u0131\u015f\u0131 olarak yorumlanm\u0131\u015ft\u0131r \u00dctopya. Oysa More\u2019un yapt\u0131\u011f\u0131, bilerek ya da bilmeyerek, hen\u00fcz tarih sahnesine \u00e7\u0131kmam\u0131\u015f \u201cB\u00fcy\u00fck \u0130nsanl\u0131k\u201d\u0131n \u00f6zg\u00fcr akl\u0131 ve istenciyle kuraca\u011f\u0131 yeni topluma giden yola ilk ta\u015f\u0131 d\u00f6\u015femekten ba\u015fka bir \u015fey de\u011fildir. Herkesin mutlaka okumas\u0131 ve her kitapl\u0131kta mutlaka bulunmas\u0131 gereken \u00dctopya\u2019y\u0131 en g\u00fcncel \u00e7evirisi ile okurlar\u0131m\u0131z\u0131n be\u011fenisine sunuyoruz.<\/p>\n","protected":false},"excerpt":{"rendered":"<p>D\u00fcnya, \u00fctopya kelimesi ya da Yunanca kar\u015f\u0131l\u0131\u011f\u0131 \u201colmayan yer\u201d ile Thomas More\u2019un 1516 y\u0131l\u0131nda yay\u0131nlanan Utopia eseriyle tan\u0131\u015ft\u0131. \u00dctopya zaman\u0131n \u00f6nde gelen d\u00fc\u015f\u00fcn\u00fcrlerinden Erasmus\u2019un edit\u00f6rl\u00fc\u011f\u00fcnde yay\u0131nlanm\u0131\u015ft\u0131.<span class=\"excerpt-hellip\"> [\u2026]<\/span><\/p>\n","protected":false},"featured_media":0,"template":"","meta":{"_monsterinsights_skip_tracking":false,"_monsterinsights_sitenote_active":false,"_monsterinsights_sitenote_note":"","_monsterinsights_sitenote_category":0},"product_brand":[],"product_cat":[12965,12337],"product_tag":[],"class_list":{"0":"post-706365","1":"product","2":"type-product","3":"status-publish","5":"product_cat-genel-politika","6":"product_cat-politika-siyaset","7":"pa_cilt-ciltsiz","8":"pa_tur-kitap","9":"pa_yayinevi-akil-celen-kitaplar","10":"pa_yazar-thomas-more","12":"first","13":"instock","14":"sale","15":"shipping-taxable","16":"purchasable","17":"product-type-simple"},"_links":{"self":[{"href":"https:\/\/roveyayinevi.com.tr\/index.php\/wp-json\/wp\/v2\/product\/706365","targetHints":{"allow":["GET"]}}],"collection":[{"href":"https:\/\/roveyayinevi.com.tr\/index.php\/wp-json\/wp\/v2\/product"}],"about":[{"href":"https:\/\/roveyayinevi.com.tr\/index.php\/wp-json\/wp\/v2\/types\/product"}],"wp:attachment":[{"href":"https:\/\/roveyayinevi.com.tr\/index.php\/wp-json\/wp\/v2\/media?parent=706365"}],"wp:term":[{"taxonomy":"product_brand","embeddable":true,"href":"https:\/\/roveyayinevi.com.tr\/index.php\/wp-json\/wp\/v2\/product_brand?post=706365"},{"taxonomy":"product_cat","embeddable":true,"href":"https:\/\/roveyayinevi.com.tr\/index.php\/wp-json\/wp\/v2\/product_cat?post=706365"},{"taxonomy":"product_tag","embeddable":true,"href":"https:\/\/roveyayinevi.com.tr\/index.php\/wp-json\/wp\/v2\/product_tag?post=706365"}],"curies":[{"name":"wp","href":"https:\/\/api.w.org\/{rel}","templated":true}]}}