{"id":706364,"date":"2025-08-27T15:55:12","date_gmt":"2025-08-27T12:55:12","guid":{"rendered":"https:\/\/roveyayinevi.com.tr\/index.php\/urun\/fullmetal-alchemist-celik-simyaci-22\/"},"modified":"2026-04-16T02:14:58","modified_gmt":"2026-04-15T23:14:58","slug":"fullmetal-alchemist-celik-simyaci-22","status":"publish","type":"product","link":"https:\/\/roveyayinevi.com.tr\/index.php\/urun\/fullmetal-alchemist-celik-simyaci-22\/","title":{"rendered":"Fullmetal Alchemist &#8211; \u00c7elik Simyac\u0131 22"},"content":{"rendered":"<p>En \u00e7ok istedikleri \u015feye sahip olabilmek i\u00e7in amat\u00f6rce y\u00f6ntemleriyle bu g\u00fcc\u00fc elde etmeye \u00e7al\u0131\u015ft\u0131klar\u0131nda, iki karde\u015f olan Edward ve Alphonse Elric\u2019ten biri kolunu ve bir baca\u011f\u0131n\u0131 kaybetmi\u015f, di\u011feri de ya\u015fayan bir \u00e7elik par\u00e7as\u0131n\u0131n i\u00e7ine t\u0131k\u0131l\u0131p kalm\u0131\u015f bir ruha d\u00f6n\u00fc\u015f\u00fcvermi\u015ftir. Edward art\u0131k bir h\u00fck\u00fbmet ajan\u0131d\u0131r ve askeri bir simya tesisinde \u00e7al\u0131\u015fmaktad\u0131r. Benzersiz g\u00fc\u00e7lerini emirlere uymak, hatta \u00f6ld\u00fcrmek i\u00e7in kullan\u0131r. Ancak Edward, ba\u015fkalar\u0131n\u0131n da ayn\u0131 g\u00fc\u00e7lere sahip oldu\u011funun fark\u0131nda de\u011fildir.Simyan\u0131n a\u015f\u0131r\u0131 kullan\u0131m\u0131 sonucunda d\u00fcnya adeta bir cehenneme d\u00f6ner. En de\u011ferli simya hazinesi Felsefe Ta\u015f\u0131\u2019n\u0131 ele ge\u00e7irmeye \u00e7abalayan d\u00fc\u015fmanlar\u0131, kahramanlar\u0131m\u0131zdan \u00e7ok daha zalim ve ac\u0131mas\u0131zd\u0131rlar.Ed Resembool\u2019a d\u00f6ner ve y\u0131llard\u0131r g\u00f6rmedi\u011fi babas\u0131 Hohenheim ile kar\u015f\u0131lar. Babas\u0131 onu g\u00f6rmekten mutlu olmas\u0131na ra\u011fmen, Ed onlar\u0131 b\u0131rak\u0131p gitti\u011fi i\u00e7in babas\u0131na kar\u015f\u0131 b\u00fcy\u00fck bir \u00f6fke duyar. Ancak Ed\u2019in babas\u0131na duydu\u011fu bu yo\u011fun \u00f6fke y\u0131llar \u00f6nce te\u015febb\u00fcs ettikleri insan d\u00f6n\u00fc\u015f\u00fcm\u00fc hakk\u0131nda \u00f6nemli bir ger\u00e7e\u011fi ke\u015ffetmelerini sa\u011flar. Annelerini k\u0131smen dirilttiklerini d\u00fc\u015f\u00fcn\u00fcrken asl\u0131nda yapt\u0131klar\u0131n\u0131n bamba\u015fka bir \u015fey oldu\u011funu anlarlar ki bu, kaderlerini sonsuza kadar de\u011fi\u015ftirebilecek bir ke\u015fiftir.Fullmetal Alchemist, \u015fimdi \u00c7elik Simyac\u0131 ad\u0131yla T\u00fcrk\u00e7e!<\/p>\n","protected":false},"excerpt":{"rendered":"<p>En \u00e7ok istedikleri \u015feye sahip olabilmek i\u00e7in amat\u00f6rce y\u00f6ntemleriyle bu g\u00fcc\u00fc elde etmeye \u00e7al\u0131\u015ft\u0131klar\u0131nda, iki karde\u015f olan Edward ve Alphonse Elric\u2019ten biri kolunu ve bir baca\u011f\u0131n\u0131<span class=\"excerpt-hellip\"> [\u2026]<\/span><\/p>\n","protected":false},"featured_media":0,"template":"","meta":{"_monsterinsights_skip_tracking":false,"_monsterinsights_sitenote_active":false,"_monsterinsights_sitenote_note":"","_monsterinsights_sitenote_category":0},"product_brand":[],"product_cat":[12416,12291],"product_tag":[],"class_list":{"0":"post-706364","1":"product","2":"type-product","3":"status-publish","5":"product_cat-cizgi-roman","6":"product_cat-edebiyat","7":"pa_cilt-ciltsiz","8":"pa_tur-kitap","9":"pa_yayinevi-akil-celen-kitaplar","10":"pa_yazar-hiromu-arakawa","12":"first","13":"instock","14":"sale","15":"shipping-taxable","16":"purchasable","17":"product-type-simple"},"_links":{"self":[{"href":"https:\/\/roveyayinevi.com.tr\/index.php\/wp-json\/wp\/v2\/product\/706364","targetHints":{"allow":["GET"]}}],"collection":[{"href":"https:\/\/roveyayinevi.com.tr\/index.php\/wp-json\/wp\/v2\/product"}],"about":[{"href":"https:\/\/roveyayinevi.com.tr\/index.php\/wp-json\/wp\/v2\/types\/product"}],"wp:attachment":[{"href":"https:\/\/roveyayinevi.com.tr\/index.php\/wp-json\/wp\/v2\/media?parent=706364"}],"wp:term":[{"taxonomy":"product_brand","embeddable":true,"href":"https:\/\/roveyayinevi.com.tr\/index.php\/wp-json\/wp\/v2\/product_brand?post=706364"},{"taxonomy":"product_cat","embeddable":true,"href":"https:\/\/roveyayinevi.com.tr\/index.php\/wp-json\/wp\/v2\/product_cat?post=706364"},{"taxonomy":"product_tag","embeddable":true,"href":"https:\/\/roveyayinevi.com.tr\/index.php\/wp-json\/wp\/v2\/product_tag?post=706364"}],"curies":[{"name":"wp","href":"https:\/\/api.w.org\/{rel}","templated":true}]}}