{"id":706362,"date":"2025-08-27T15:55:11","date_gmt":"2025-08-27T12:55:11","guid":{"rendered":"https:\/\/roveyayinevi.com.tr\/index.php\/urun\/death-note-dunyayi-degistir-1\/"},"modified":"2026-04-16T02:14:58","modified_gmt":"2026-04-15T23:14:58","slug":"death-note-dunyayi-degistir-1","status":"publish","type":"product","link":"https:\/\/roveyayinevi.com.tr\/index.php\/urun\/death-note-dunyayi-degistir-1\/","title":{"rendered":"Death Note &#8211; D\u00fcnyay\u0131 De\u011fi\u015ftir 1"},"content":{"rendered":"<p>L\u2019in d\u00fcnyay\u0131 mutlak bir y\u0131k\u0131mdan kurtarmak i\u00e7in 22 g\u00fcn\u00fc var. Acar dedektif L\u2019in ismi \u00d6l\u00fcm Defteri\u2019ne yaz\u0131ld\u0131. Yirmi \u00fc\u00e7 g\u00fcn i\u00e7erisinde bir ter\u00f6rist grubu yakalay\u0131p adaletin \u00f6n\u00fcne \u00e7\u0131karmay\u0131 ba\u015faramazsa, yeni bir \u00f6l\u00fcmc\u00fcl vir\u00fcs t\u00fcm d\u00fcnyaya yay\u0131lacak ve belki de insanl\u0131\u011f\u0131n b\u00fcy\u00fck b\u00f6l\u00fcm\u00fcn\u00fcn yok olmas\u0131na yol a\u00e7acak. L yine i\u015f ba\u015f\u0131nda, heyecan her zamanki gibi dorukta.<\/p>\n","protected":false},"excerpt":{"rendered":"<p>L\u2019in d\u00fcnyay\u0131 mutlak bir y\u0131k\u0131mdan kurtarmak i\u00e7in 22 g\u00fcn\u00fc var. Acar dedektif L\u2019in ismi \u00d6l\u00fcm Defteri\u2019ne yaz\u0131ld\u0131. Yirmi \u00fc\u00e7 g\u00fcn i\u00e7erisinde bir ter\u00f6rist grubu yakalay\u0131p adaletin<span class=\"excerpt-hellip\"> [\u2026]<\/span><\/p>\n","protected":false},"featured_media":0,"template":"","meta":{"_monsterinsights_skip_tracking":false,"_monsterinsights_sitenote_active":false,"_monsterinsights_sitenote_note":"","_monsterinsights_sitenote_category":0},"product_brand":[],"product_cat":[12416,12291],"product_tag":[],"class_list":{"0":"post-706362","1":"product","2":"type-product","3":"status-publish","5":"product_cat-cizgi-roman","6":"product_cat-edebiyat","7":"pa_cilt-ciltsiz","8":"pa_tur-kitap","9":"pa_yayinevi-akil-celen-kitaplar","10":"pa_yazar-m-takeshi-obata","12":"first","13":"instock","14":"sale","15":"shipping-taxable","16":"purchasable","17":"product-type-simple"},"_links":{"self":[{"href":"https:\/\/roveyayinevi.com.tr\/index.php\/wp-json\/wp\/v2\/product\/706362","targetHints":{"allow":["GET"]}}],"collection":[{"href":"https:\/\/roveyayinevi.com.tr\/index.php\/wp-json\/wp\/v2\/product"}],"about":[{"href":"https:\/\/roveyayinevi.com.tr\/index.php\/wp-json\/wp\/v2\/types\/product"}],"wp:attachment":[{"href":"https:\/\/roveyayinevi.com.tr\/index.php\/wp-json\/wp\/v2\/media?parent=706362"}],"wp:term":[{"taxonomy":"product_brand","embeddable":true,"href":"https:\/\/roveyayinevi.com.tr\/index.php\/wp-json\/wp\/v2\/product_brand?post=706362"},{"taxonomy":"product_cat","embeddable":true,"href":"https:\/\/roveyayinevi.com.tr\/index.php\/wp-json\/wp\/v2\/product_cat?post=706362"},{"taxonomy":"product_tag","embeddable":true,"href":"https:\/\/roveyayinevi.com.tr\/index.php\/wp-json\/wp\/v2\/product_tag?post=706362"}],"curies":[{"name":"wp","href":"https:\/\/api.w.org\/{rel}","templated":true}]}}