{"id":706361,"date":"2025-08-27T15:55:10","date_gmt":"2025-08-27T12:55:10","guid":{"rendered":"https:\/\/roveyayinevi.com.tr\/index.php\/urun\/fisildayan-kafatasi\/"},"modified":"2026-04-16T02:14:58","modified_gmt":"2026-04-15T23:14:58","slug":"fisildayan-kafatasi","status":"publish","type":"product","link":"https:\/\/roveyayinevi.com.tr\/index.php\/urun\/fisildayan-kafatasi\/","title":{"rendered":"F\u0131s\u0131ldayan Kafatas\u0131"},"content":{"rendered":"<p>\u201cKadim k\u00f6t\u00fcl\u00fck, \u00e7\u00f6z\u00fclmemi\u015f gizemler, kudretli hayaletler ve k\u00f6t\u00fcl\u00fc\u011fe teslim olmu\u015f insanlar\u2026 Bu kitab\u0131 gecenin ge\u00e7 saatlerine dek elinizden b\u0131rakamayaca\u011f\u0131n\u0131za hi\u00e7 \u015f\u00fcphe yok ama evin t\u00fcm \u0131\u015f\u0131klar\u0131n\u0131 a\u00e7\u0131k tutman\u0131zda da fayda var. Ya\u015fad\u0131\u011f\u0131m\u0131z d\u00fcnyaya \u00e7ok benzeyen ancak t\u00fcylerinizi \u00fcrpertecek kadar da farkl\u0131 d\u00fcnyalar yaratmak s\u00f6z konusu oldu\u011funda, Jonathan Stroud m\u00fckemmel i\u015fler \u00e7\u0131karan bir d\u00e2hi.\u201d Rick Riordan \u00c7ok satan Olimposlular kitaplar\u0131n\u0131n yazar\u0131. Anthony, Lucy ve George\u2019un \u0130ngiltere\u2019deki en tekinsiz evinde ge\u00e7irdikleri ve hayatta kalmay\u0131 zar zor ba\u015fard\u0131klar\u0131 gecenin \u00fczerinden alt\u0131 ay ge\u00e7ti, ancak bu d\u00f6nemde Lockwood ve Ortaklar\u0131 fazla bir ilerleme kaydedemedi. \u015eimdi bizimkilerin yeni bir m\u00fc\u015fterisi var. Bay Saunders\u2019in geli\u015fiyle birlikte her \u015fey de\u011fi\u015fecek gibi g\u00f6r\u00fcn\u00fcyor. Bay Saunders, Lockwood ve Ortaklar\u0131\u2019ndan eski bir doktor olan Edmund\u2019un mezar\u0131n\u0131n a\u00e7\u0131l\u0131\u015f\u0131na e\u015flik etmelerini istiyor. Edmund Bickerstaff\u2019\u0131n \u00f6l\u00fclerle temas kurmaya \u00e7al\u0131\u015ft\u0131\u011f\u0131na dair s\u00f6ylentiler var ve Bay Saunders, baz\u0131 do\u011fa\u00fcst\u00fc sorunlarla kar\u015f\u0131la\u015f\u0131lmamas\u0131 i\u00e7in tabutun g\u00fcm\u00fc\u015f kullan\u0131larak kal\u0131c\u0131 bir bi\u00e7imde kapat\u0131lmas\u0131n\u0131 istiyor. \u0130lk ba\u015fta her \u015fey yolunda gibi ancak geli\u015fmelere bak\u0131l\u0131rsa, \u00e7ok yak\u0131nda her \u015fey farkl\u0131 olacak\u2026<\/p>\n","protected":false},"excerpt":{"rendered":"<p>\u201cKadim k\u00f6t\u00fcl\u00fck, \u00e7\u00f6z\u00fclmemi\u015f gizemler, kudretli hayaletler ve k\u00f6t\u00fcl\u00fc\u011fe teslim olmu\u015f insanlar\u2026 Bu kitab\u0131 gecenin ge\u00e7 saatlerine dek elinizden b\u0131rakamayaca\u011f\u0131n\u0131za hi\u00e7 \u015f\u00fcphe yok ama evin t\u00fcm \u0131\u015f\u0131klar\u0131n\u0131<span class=\"excerpt-hellip\"> [\u2026]<\/span><\/p>\n","protected":false},"featured_media":0,"template":"","meta":{"_monsterinsights_skip_tracking":false,"_monsterinsights_sitenote_active":false,"_monsterinsights_sitenote_note":"","_monsterinsights_sitenote_category":0},"product_brand":[],"product_cat":[12291,12711],"product_tag":[],"class_list":{"0":"post-706361","1":"product","2":"type-product","3":"status-publish","5":"product_cat-edebiyat","6":"product_cat-roman-oyku","7":"pa_cilt-ciltsiz","8":"pa_tur-kitap","9":"pa_yayinevi-akil-celen-kitaplar","10":"pa_yazar-jonathan-stroud","12":"first","13":"instock","14":"sale","15":"shipping-taxable","16":"purchasable","17":"product-type-simple"},"_links":{"self":[{"href":"https:\/\/roveyayinevi.com.tr\/index.php\/wp-json\/wp\/v2\/product\/706361","targetHints":{"allow":["GET"]}}],"collection":[{"href":"https:\/\/roveyayinevi.com.tr\/index.php\/wp-json\/wp\/v2\/product"}],"about":[{"href":"https:\/\/roveyayinevi.com.tr\/index.php\/wp-json\/wp\/v2\/types\/product"}],"wp:attachment":[{"href":"https:\/\/roveyayinevi.com.tr\/index.php\/wp-json\/wp\/v2\/media?parent=706361"}],"wp:term":[{"taxonomy":"product_brand","embeddable":true,"href":"https:\/\/roveyayinevi.com.tr\/index.php\/wp-json\/wp\/v2\/product_brand?post=706361"},{"taxonomy":"product_cat","embeddable":true,"href":"https:\/\/roveyayinevi.com.tr\/index.php\/wp-json\/wp\/v2\/product_cat?post=706361"},{"taxonomy":"product_tag","embeddable":true,"href":"https:\/\/roveyayinevi.com.tr\/index.php\/wp-json\/wp\/v2\/product_tag?post=706361"}],"curies":[{"name":"wp","href":"https:\/\/api.w.org\/{rel}","templated":true}]}}