{"id":706359,"date":"2025-08-27T15:55:10","date_gmt":"2025-08-27T12:55:10","guid":{"rendered":"https:\/\/roveyayinevi.com.tr\/index.php\/urun\/ufolar-ve-realitenin-dogasi\/"},"modified":"2026-04-16T02:14:58","modified_gmt":"2026-04-15T23:14:58","slug":"ufolar-ve-realitenin-dogasi","status":"publish","type":"product","link":"https:\/\/roveyayinevi.com.tr\/index.php\/urun\/ufolar-ve-realitenin-dogasi\/","title":{"rendered":"UFO\u2019lar ve Realitenin Do\u011fas\u0131"},"content":{"rendered":"<p>Ramtha bu kitapta UFO\u2019lar ve gezegenimize gelen uzayl\u0131lar\u0131n do\u011fas\u0131 ve amac\u0131 hakk\u0131nda \u00f6zg\u00fcn bir mesaj vermekte; bo\u015f inan\u00e7lar\u0131, korkuyu, ayr\u0131l\u0131\u011f\u0131, insanlar\u0131n uzayl\u0131 \u0131rklara kar\u015f\u0131 hissedebilecekleri a\u015fa\u011f\u0131l\u0131k duygusunu ve tapma ihtiyac\u0131n\u0131 yok etmektedir. O, insanlar\u0131 neyin \u00f6zg\u00fcn k\u0131ld\u0131\u011f\u0131n\u0131 ve dikkatle planlanm\u0131\u015f b\u00fcy\u00fck bir gelece\u011fin bir par\u00e7as\u0131 yapt\u0131\u011f\u0131n\u0131 belirtmekte ve onu boyutlararas\u0131 zihin a\u00e7\u0131s\u0131ndan tarif etmektedir.Bu kitap, Ramtha\u2019n\u0131n daha \u00f6nce bu konuda verdi\u011fi mesaj\u0131 yeni, sars\u0131c\u0131 ve k\u00e2hince bir mesajla, \u015fu ba\u015fl\u0131klar alt\u0131nda tamamlamaktad\u0131r: 1. D\u00fcnya\u2019daki Uzayl\u0131 Irklar, Bilin\u00e7 ve Boyutlararas\u0131 Zihin; 2. B\u00fcy\u00fck Donanma ve I\u015f\u0131k Sava\u015f\u0131; 3. Ba\u011flant\u0131 Kurmaya ve Gelece\u011fe Haz\u0131rlanmak.Ramtha, bu kitapta uygarl\u0131k olarak halen kar\u015f\u0131 kar\u015f\u0131ya bulundu\u011fumuz Yerk\u00fcre de\u011fi\u015fikliklerinden ve zorluklardan da s\u00f6z etmekte ve Kadim Bilgelik Okullar\u0131 taraf\u0131ndan nesillerdir korunan ger\u00e7ekleri, gizli kalan ve tek\u00e2m\u00fcl\u00fcm\u00fcz\u00fc engellemi\u015f olan uzayl\u0131 \u0131rklar\u0131 ve insanl\u0131\u011f\u0131 seven ve bizi partnerleri olarak g\u00f6ren uzayl\u0131 \u0131rklar\u0131 if\u015fa etmektedir. Bu kritik de\u011fi\u015fim zamanlar\u0131nda onlar\u0131n bize nas\u0131l yard\u0131m ettiklerini ve mevcudiyetlerini \u015fimdiden nas\u0131l hissettirdiklerini a\u00e7\u0131klamaktad\u0131r. Onlarla bilin\u00e7li olarak nas\u0131l ba\u011flant\u0131 kurabilece\u011fimizi ve bunun i\u00e7in gerekli zihin halini tarif etmektedir.\u0130nsanl\u0131\u011f\u0131 bekleyen gelecek, geli\u015fmi\u015f uzayl\u0131 uygarl\u0131klarla ve tarih boyunca izlerini b\u0131rakm\u0131\u015f ve DNA\u2019lar\u0131n\u0131, bilgeliklerini insanlara aktarm\u0131\u015f olan s\u00fcper zihinlerle ba\u011flant\u0131 kurmay\u0131 i\u00e7erir. Ancak, gelecekteki kaderimiz bunun da \u00f6tesine ge\u00e7er. Ramtha bu kitapta \u015fimdi ufukta yeni bir yerin ve g\u00f6\u011f\u00fcn ortaya \u00e7\u0131kmakta oldu\u011funu bildirmektedir. T\u00fcm d\u00fcnyada her k\u00fclt\u00fcrden ve inan\u00e7tan insanlar art\u0131k d\u00fc\u015f\u00fcncelerinin yarat\u0131c\u0131 g\u00fcc\u00fcn\u00fc ve do\u011fayla ve t\u00fcm ya\u015famla birbirlerine ba\u011fl\u0131 olduklar\u0131n\u0131 idrak etmektedirler. \u0130nsanl\u0131k en sonunda ayd\u0131nlanmas\u0131n\u0131n o \u201cg\u00fczel sabah\u0131\u201dna uyanmaktad\u0131r.<\/p>\n","protected":false},"excerpt":{"rendered":"<p>Ramtha bu kitapta UFO\u2019lar ve gezegenimize gelen uzayl\u0131lar\u0131n do\u011fas\u0131 ve amac\u0131 hakk\u0131nda \u00f6zg\u00fcn bir mesaj vermekte; bo\u015f inan\u00e7lar\u0131, korkuyu, ayr\u0131l\u0131\u011f\u0131, insanlar\u0131n uzayl\u0131 \u0131rklara kar\u015f\u0131 hissedebilecekleri a\u015fa\u011f\u0131l\u0131k<span class=\"excerpt-hellip\"> [\u2026]<\/span><\/p>\n","protected":false},"featured_media":0,"template":"","meta":{"_monsterinsights_skip_tracking":false,"_monsterinsights_sitenote_active":false,"_monsterinsights_sitenote_note":"","_monsterinsights_sitenote_category":0},"product_brand":[],"product_cat":[12364,16154],"product_tag":[],"class_list":{"0":"post-706359","1":"product","2":"type-product","3":"status-publish","5":"product_cat-genel-konular","6":"product_cat-parapsikoloji","7":"pa_cilt-ciltsiz","8":"pa_tur-kitap","9":"pa_yayinevi-akasa-yayinlari","10":"pa_yazar-j-z-knight","12":"first","13":"instock","14":"sale","15":"shipping-taxable","16":"purchasable","17":"product-type-simple"},"_links":{"self":[{"href":"https:\/\/roveyayinevi.com.tr\/index.php\/wp-json\/wp\/v2\/product\/706359","targetHints":{"allow":["GET"]}}],"collection":[{"href":"https:\/\/roveyayinevi.com.tr\/index.php\/wp-json\/wp\/v2\/product"}],"about":[{"href":"https:\/\/roveyayinevi.com.tr\/index.php\/wp-json\/wp\/v2\/types\/product"}],"wp:attachment":[{"href":"https:\/\/roveyayinevi.com.tr\/index.php\/wp-json\/wp\/v2\/media?parent=706359"}],"wp:term":[{"taxonomy":"product_brand","embeddable":true,"href":"https:\/\/roveyayinevi.com.tr\/index.php\/wp-json\/wp\/v2\/product_brand?post=706359"},{"taxonomy":"product_cat","embeddable":true,"href":"https:\/\/roveyayinevi.com.tr\/index.php\/wp-json\/wp\/v2\/product_cat?post=706359"},{"taxonomy":"product_tag","embeddable":true,"href":"https:\/\/roveyayinevi.com.tr\/index.php\/wp-json\/wp\/v2\/product_tag?post=706359"}],"curies":[{"name":"wp","href":"https:\/\/api.w.org\/{rel}","templated":true}]}}