{"id":706353,"date":"2025-08-27T15:55:07","date_gmt":"2025-08-27T12:55:07","guid":{"rendered":"https:\/\/roveyayinevi.com.tr\/index.php\/urun\/canavar-canavar\/"},"modified":"2026-04-13T02:19:06","modified_gmt":"2026-04-12T23:19:06","slug":"canavar-canavar","status":"publish","type":"product","link":"https:\/\/roveyayinevi.com.tr\/index.php\/urun\/canavar-canavar\/","title":{"rendered":"Canavar! Canavar?"},"content":{"rendered":"<p>Bir s\u00fcr\u00fc hayvan arkada\u015f\u0131n huzur i\u00e7inde ya\u015fad\u0131\u011f\u0131 ormana bir g\u00fcn tuhaf bir yarat\u0131k gelmi\u015f. Haber kulaktan kula\u011fa yay\u0131l\u0131rken yarat\u0131\u011f\u0131n bi\u00e7imi de geli\u015ftik\u00e7e geli\u015fmi\u015f. Bu yakla\u015fan\u0131n bir canavar oldu\u011funa karar veren hayvanlar ka\u00e7acak delik aramaya ba\u015flam\u0131\u015f. Ormandaki huzur yerini pani\u011fe b\u0131rakm\u0131\u015f. \u0130yi de, bu gelen ger\u00e7ekten bir canavar m\u0131ym\u0131\u015f?Farenin g\u00f6rd\u00fc\u011f\u00fc garip bir hayvan\u0131n haberi \u00f6nce kirpiye, ard\u0131ndan s\u0131ras\u0131yla geyi\u011fe, maymuna, file ve aslana ula\u015f\u0131r. Ancak yanl\u0131\u015f anlamalar ve s\u0131n\u0131rs\u0131z hayal g\u00fcc\u00fc ile bu garip hayvan bir canavara d\u00f6n\u00fc\u015f\u00fcr.ABM Yay\u0131nevi taraf\u0131ndan T\u00fcrk\u00e7eye kazand\u0131r\u0131lan \u201cCanavar! Canavar?\u201d, farkl\u0131 yakla\u015f\u0131m\u0131 ile okuru da \u00f6yk\u00fcn\u00fcn anlat\u0131c\u0131s\u0131 olmaya davet ediyor.Kitab\u0131n yarat\u0131c\u0131s\u0131 Sunghee Shin, okurun kar\u015f\u0131s\u0131na \u00f6nce \u00e7izer, sonra yazar olarak \u00e7\u0131k\u0131yor. Kitab\u0131n ilk b\u00f6l\u00fcm\u00fcnde s\u00f6ze yer vermeyen sanat\u00e7\u0131, esprili \u00e7izgileriyle okurun kendi hikayesini anlatmaya te\u015fvik ediyor. Kitab\u0131n ikinci b\u00f6l\u00fcm\u00fcndeyse hikayeyi bir de kahramanlar\u0131n\u0131n a\u011fz\u0131ndan dinliyoruz.Kulaktan kula\u011fa yay\u0131lan hik\u00e2yelerin sonunda nas\u0131l ger\u00e7eklikten uzakla\u015ft\u0131\u011f\u0131 konusuna yo\u011funla\u015fan \u201cCanavar! Canavar?\u201d, mizah y\u00fckl\u00fc ill\u00fcstrasyonlar\u0131, sade ve ak\u0131c\u0131 metniyle okul \u00f6ncesi \u00e7ocuklar\u0131n, birinci b\u00f6l\u00fcmde hayal g\u00fc\u00e7leri ile anlataca\u011f\u0131, ikinci b\u00f6l\u00fcmdeyse keyifle okuyaca\u011f\u0131 bir kitap!<\/p>\n","protected":false},"excerpt":{"rendered":"<p>Bir s\u00fcr\u00fc hayvan arkada\u015f\u0131n huzur i\u00e7inde ya\u015fad\u0131\u011f\u0131 ormana bir g\u00fcn tuhaf bir yarat\u0131k gelmi\u015f. Haber kulaktan kula\u011fa yay\u0131l\u0131rken yarat\u0131\u011f\u0131n bi\u00e7imi de geli\u015ftik\u00e7e geli\u015fmi\u015f. Bu yakla\u015fan\u0131n bir<span class=\"excerpt-hellip\"> [\u2026]<\/span><\/p>\n","protected":false},"featured_media":0,"template":"","meta":{"_monsterinsights_skip_tracking":false,"_monsterinsights_sitenote_active":false,"_monsterinsights_sitenote_note":"","_monsterinsights_sitenote_category":0},"product_brand":[],"product_cat":[12274,12284],"product_tag":[],"class_list":{"0":"post-706353","1":"product","2":"type-product","3":"status-publish","5":"product_cat-cocuk-ve-genclik-kitaplari","6":"product_cat-hikayeler","7":"pa_cilt-ciltsiz","8":"pa_tur-kitap","9":"pa_yayinevi-abm-yayinevi","10":"pa_yazar-sunghee-shin","12":"first","13":"instock","14":"sale","15":"shipping-taxable","16":"purchasable","17":"product-type-simple"},"_links":{"self":[{"href":"https:\/\/roveyayinevi.com.tr\/index.php\/wp-json\/wp\/v2\/product\/706353","targetHints":{"allow":["GET"]}}],"collection":[{"href":"https:\/\/roveyayinevi.com.tr\/index.php\/wp-json\/wp\/v2\/product"}],"about":[{"href":"https:\/\/roveyayinevi.com.tr\/index.php\/wp-json\/wp\/v2\/types\/product"}],"wp:attachment":[{"href":"https:\/\/roveyayinevi.com.tr\/index.php\/wp-json\/wp\/v2\/media?parent=706353"}],"wp:term":[{"taxonomy":"product_brand","embeddable":true,"href":"https:\/\/roveyayinevi.com.tr\/index.php\/wp-json\/wp\/v2\/product_brand?post=706353"},{"taxonomy":"product_cat","embeddable":true,"href":"https:\/\/roveyayinevi.com.tr\/index.php\/wp-json\/wp\/v2\/product_cat?post=706353"},{"taxonomy":"product_tag","embeddable":true,"href":"https:\/\/roveyayinevi.com.tr\/index.php\/wp-json\/wp\/v2\/product_tag?post=706353"}],"curies":[{"name":"wp","href":"https:\/\/api.w.org\/{rel}","templated":true}]}}