{"id":706350,"date":"2025-08-27T15:55:06","date_gmt":"2025-08-27T12:55:06","guid":{"rendered":"https:\/\/roveyayinevi.com.tr\/index.php\/urun\/ogretmen-2-0\/"},"modified":"2026-04-15T02:20:11","modified_gmt":"2026-04-14T23:20:11","slug":"ogretmen-2-0","status":"publish","type":"product","link":"https:\/\/roveyayinevi.com.tr\/index.php\/urun\/ogretmen-2-0\/","title":{"rendered":"\u00d6\u011fretmen 2.0"},"content":{"rendered":"<p>De\u011fi\u015fen \u00e7a\u011fla birlikte geli\u015fen yepyeni bir \u00f6\u011fretmen profili var kar\u015f\u0131m\u0131zda. Yeni \u00f6\u011frenme ortamlar\u0131, yakla\u015f\u0131mlar\u0131 ve ara\u00e7lar\u0131yla \u00f6\u011fretmenin rol\u00fc de de\u011fi\u015fiyor ve d\u00f6n\u00fc\u015f\u00fcyor. 21. y\u00fczy\u0131l becerilerini \u00f6z\u00fcmseyen, e\u011fitim teknolojilerini ve yenilik\u00e7i \u00f6\u011frenme yakla\u015f\u0131mlar\u0131n\u0131 uygulayan ve bunlar\u0131 kullanarak \u00f6\u011frenme senaryolar\u0131 tasarlayabilen; \u00f6\u011frenme topluluklar\u0131n\u0131n bir par\u00e7as\u0131 olabilen ve i\u00e7inde yer ald\u0131\u011f\u0131 toplumu y\u00fckseltebilen liderlerdir yenilik\u00e7i \u00f6\u011fretmenler. Bu kitapta yenilik\u00e7i \u00f6\u011fretmenin s\u0131n\u0131f\u0131na teknolojiyi entegre etmesinde yol g\u00f6sterici olacak 6 ad\u0131m tan\u0131t\u0131l\u0131yor. \u00d6\u011fretmen senaryolar\u0131, iyi \u00f6rnekler ve uygulamalar, stratejiler ve kaynaklarla s\u0131n\u0131flar\u0131n nas\u0131l d\u00f6n\u00fc\u015ft\u00fcr\u00fclece\u011fi anlat\u0131l\u0131yor. Kitap; \u00f6\u011fretmenin profesyonel kimli\u011fini tan\u0131mas\u0131, geli\u015ftirmesi ve meslekta\u015flar\u0131na model olmas\u0131 konusunda onlar\u0131 ad\u0131m ad\u0131m cesaretlendiriyor. Kendi \u00f6\u011frenmelerine sahip \u00e7\u0131kan, \u00f6\u011frenme tutkular\u0131n\u0131n pe\u015finden ko\u015fan ve liderlik eden \u00f6\u011frenciler yeti\u015ftirmek i\u00e7in \u00f6\u011fretmenlere nas\u0131l bir \u00f6\u011frenme ortam\u0131 kurgulayabilecekleri, onlar\u0131n yeteneklerini ve bireysel \u00f6\u011frenme ihtiya\u00e7lar\u0131n\u0131 nas\u0131l ke\u015ffedebilecekleriyle ilgili ipu\u00e7lar\u0131 sunuyor. Okurlar, bu kitaptan rahatl\u0131k \u00e7emberlerinden \u00e7\u0131karak s\u0131n\u0131flar\u0131n\u0131 21. y\u00fczy\u0131l \u00f6\u011frenme ortamlar\u0131na d\u00f6n\u00fc\u015ft\u00fcrmeleri i\u00e7in ilham alacaklar.\u00d6\u011frencileriniz ve siz her g\u00fcn ayn\u0131 \u015feyleri yapmaktan s\u0131k\u0131ld\u0131n\u0131z m\u0131?\u00d6\u011frencilerinizin derse ilgisini art\u0131rmak m\u0131 istiyorsunuz?Teknolojiden ba\u015f\u0131n\u0131z d\u00f6n\u00fcyor, onu nas\u0131l takip edece\u011finizi bilemiyor musunuz?\u00d6\u011frencilerinizden daha \u00e7ok mu \u00e7al\u0131\u015f\u0131yorsunuz?\u00d6\u011frencileriniz ve siz 21. y\u00fczy\u0131la haz\u0131r m\u0131s\u0131n\u0131z?Teknolojinin iyi uyguland\u0131\u011f\u0131 s\u0131n\u0131f \u00f6rneklerini g\u00f6rmek istiyorum mu diyorsunuz?E\u011fer her g\u00fcn bu sorular\u0131 kendinize soruyorsan\u0131z 21. y\u00fczy\u0131l\u0131n \u00f6\u011fretmeni olman\u0131n getirdi\u011fi zorluklarla ba\u015f ba\u015fas\u0131n\u0131z. Umudunuzu kaybetmeyin! \u00d6\u011fretmen olman\u0131n en e\u011flenceli, en maceral\u0131, en umut verici d\u00f6nemine giriyorsunuz. Sadece de\u011fi\u015fime ayak uydurman\u0131z yeterli.21. y\u00fczy\u0131l s\u0131n\u0131f\u0131nda ba\u015fka bir hava esmeli. Merak, sorgulama, heyecan, e\u011flenme; \u00f6\u011frenmenin par\u00e7as\u0131 olmal\u0131. Teknoloji s\u0131n\u0131f\u0131n\u0131za hi\u00e7 \u015f\u00fcphesiz yeni bir soluk getirecek, sizi bir zaman yolculu\u011funa \u00e7\u0131karacak. Hologramlar, art\u0131r\u0131lm\u0131\u015f ger\u00e7eklik, kodlama, 3 boyutlu tasar\u0131mlar ve yaz\u0131c\u0131lar, robotlar ve daha fazlas\u0131; size bilim kurgu filmlerinin senaryolar\u0131n\u0131 an\u0131msatacak. Peki, siz bu filmde oynamaya haz\u0131r m\u0131s\u0131n\u0131z?\u00d6\u011frencilerinize ula\u015fman\u0131n yolu son teknolojileri kullanmaktan m\u0131 ge\u00e7iyor? Mucizevi k\u00fc\u00e7\u00fck dokunu\u015flarla da s\u0131n\u0131f\u0131n\u0131zda harikalar yaratabilirsiniz. Tek yapman\u0131z gereken \u015fey, o g\u00f6rkemli sahneden inmek ve \u00f6\u011frenmenin sahipli\u011fini \u00f6\u011frencilerinize vermek. <\/p>\n","protected":false},"excerpt":{"rendered":"<p>De\u011fi\u015fen \u00e7a\u011fla birlikte geli\u015fen yepyeni bir \u00f6\u011fretmen profili var kar\u015f\u0131m\u0131zda. Yeni \u00f6\u011frenme ortamlar\u0131, yakla\u015f\u0131mlar\u0131 ve ara\u00e7lar\u0131yla \u00f6\u011fretmenin rol\u00fc de de\u011fi\u015fiyor ve d\u00f6n\u00fc\u015f\u00fcyor. 21. y\u00fczy\u0131l becerilerini \u00f6z\u00fcmseyen,<span class=\"excerpt-hellip\"> [\u2026]<\/span><\/p>\n","protected":false},"featured_media":0,"template":"","meta":{"_monsterinsights_skip_tracking":false,"_monsterinsights_sitenote_active":false,"_monsterinsights_sitenote_note":"","_monsterinsights_sitenote_category":0},"product_brand":[],"product_cat":[12364,12376],"product_tag":[],"class_list":{"0":"post-706350","1":"product","2":"type-product","3":"status-publish","5":"product_cat-genel-konular","6":"product_cat-kisisel-gelisim","7":"pa_cilt-ciltsiz","8":"pa_tur-kitap","9":"pa_yayinevi-abakus-kitap","10":"pa_yazar-burcu-aybat","12":"first","13":"instock","14":"sale","15":"shipping-taxable","16":"purchasable","17":"product-type-simple"},"_links":{"self":[{"href":"https:\/\/roveyayinevi.com.tr\/index.php\/wp-json\/wp\/v2\/product\/706350","targetHints":{"allow":["GET"]}}],"collection":[{"href":"https:\/\/roveyayinevi.com.tr\/index.php\/wp-json\/wp\/v2\/product"}],"about":[{"href":"https:\/\/roveyayinevi.com.tr\/index.php\/wp-json\/wp\/v2\/types\/product"}],"wp:attachment":[{"href":"https:\/\/roveyayinevi.com.tr\/index.php\/wp-json\/wp\/v2\/media?parent=706350"}],"wp:term":[{"taxonomy":"product_brand","embeddable":true,"href":"https:\/\/roveyayinevi.com.tr\/index.php\/wp-json\/wp\/v2\/product_brand?post=706350"},{"taxonomy":"product_cat","embeddable":true,"href":"https:\/\/roveyayinevi.com.tr\/index.php\/wp-json\/wp\/v2\/product_cat?post=706350"},{"taxonomy":"product_tag","embeddable":true,"href":"https:\/\/roveyayinevi.com.tr\/index.php\/wp-json\/wp\/v2\/product_tag?post=706350"}],"curies":[{"name":"wp","href":"https:\/\/api.w.org\/{rel}","templated":true}]}}