{"id":706349,"date":"2025-08-27T15:55:05","date_gmt":"2025-08-27T12:55:05","guid":{"rendered":"https:\/\/roveyayinevi.com.tr\/index.php\/urun\/dusunce-okuyan-kiz-noona\/"},"modified":"2025-11-06T03:55:18","modified_gmt":"2025-11-06T00:55:18","slug":"dusunce-okuyan-kiz-noona","status":"publish","type":"product","link":"https:\/\/roveyayinevi.com.tr\/index.php\/urun\/dusunce-okuyan-kiz-noona\/","title":{"rendered":"D\u00fc\u015f\u00fcnce Okuyan K\u0131z Noona"},"content":{"rendered":"<p>Bir g\u00fcn Noona okuldan eve \u00e7ok \u00fczg\u00fcn gelir, \u00e7\u00fcnk\u00fc okuldaki \u00e7ocuklardan biri bacaklar\u0131n\u0131n ayn\u0131 bir flamingonun bacaklar\u0131na benzedi\u011fini s\u00f6ylemi\u015ftir. Bunun \u00fczerine annesi ona sihirli bir de\u011fnek verir. Bu de\u011fnek sayesinde Noona insanlar\u0131n d\u00fc\u015f\u00fcncelerini okuyabilecektir art\u0131k. B\u00f6ylece Noona\u2019n\u0131n \u00f6n\u00fcnde yeni bir kap\u0131 aralan\u0131r; insanlar\u0131n genellikle d\u00fc\u015f\u00fcnd\u00fckleri \u015feyleri s\u00f6ylemediklerini, s\u00f6yledikleri \u015feylerle d\u00fc\u015f\u00fcnd\u00fckleri \u015feylerin ayn\u0131 olmad\u0131\u011f\u0131n\u0131 fark eder. Bizi \u00fczen ve ho\u015fumuza gitmeyen tats\u0131z yorumlar\u0131n alt\u0131nda gizli bir anlam olabilece\u011fini anlatan, zekice kurgulanm\u0131\u015f ve duygu dolu, s\u0131cac\u0131k bir \u00f6yk\u00fc.<\/p>\n","protected":false},"excerpt":{"rendered":"<p>Bir g\u00fcn Noona okuldan eve \u00e7ok \u00fczg\u00fcn gelir, \u00e7\u00fcnk\u00fc okuldaki \u00e7ocuklardan biri bacaklar\u0131n\u0131n ayn\u0131 bir flamingonun bacaklar\u0131na benzedi\u011fini s\u00f6ylemi\u015ftir. Bunun \u00fczerine annesi ona sihirli bir de\u011fnek<span class=\"excerpt-hellip\"> [\u2026]<\/span><\/p>\n","protected":false},"featured_media":0,"template":"","meta":{"_monsterinsights_skip_tracking":false,"_monsterinsights_sitenote_active":false,"_monsterinsights_sitenote_note":"","_monsterinsights_sitenote_category":0},"product_brand":[],"product_cat":[12274,12284],"product_tag":[],"class_list":{"0":"post-706349","1":"product","2":"type-product","3":"status-publish","5":"product_cat-cocuk-ve-genclik-kitaplari","6":"product_cat-hikayeler","7":"pa_cilt-ciltsiz","8":"pa_tur-kitap","9":"pa_yayinevi-1001-cicek-kitaplar","10":"pa_yazar-orit-gidali","12":"first","13":"instock","14":"sale","15":"shipping-taxable","16":"purchasable","17":"product-type-simple"},"_links":{"self":[{"href":"https:\/\/roveyayinevi.com.tr\/index.php\/wp-json\/wp\/v2\/product\/706349","targetHints":{"allow":["GET"]}}],"collection":[{"href":"https:\/\/roveyayinevi.com.tr\/index.php\/wp-json\/wp\/v2\/product"}],"about":[{"href":"https:\/\/roveyayinevi.com.tr\/index.php\/wp-json\/wp\/v2\/types\/product"}],"wp:attachment":[{"href":"https:\/\/roveyayinevi.com.tr\/index.php\/wp-json\/wp\/v2\/media?parent=706349"}],"wp:term":[{"taxonomy":"product_brand","embeddable":true,"href":"https:\/\/roveyayinevi.com.tr\/index.php\/wp-json\/wp\/v2\/product_brand?post=706349"},{"taxonomy":"product_cat","embeddable":true,"href":"https:\/\/roveyayinevi.com.tr\/index.php\/wp-json\/wp\/v2\/product_cat?post=706349"},{"taxonomy":"product_tag","embeddable":true,"href":"https:\/\/roveyayinevi.com.tr\/index.php\/wp-json\/wp\/v2\/product_tag?post=706349"}],"curies":[{"name":"wp","href":"https:\/\/api.w.org\/{rel}","templated":true}]}}