{"id":706344,"date":"2025-08-27T15:55:03","date_gmt":"2025-08-27T12:55:03","guid":{"rendered":"https:\/\/roveyayinevi.com.tr\/index.php\/urun\/cocuklar-icin-dunya-atlasi\/"},"modified":"2025-10-30T10:48:02","modified_gmt":"2025-10-30T07:48:02","slug":"cocuklar-icin-dunya-atlasi","status":"publish","type":"product","link":"https:\/\/roveyayinevi.com.tr\/index.php\/urun\/cocuklar-icin-dunya-atlasi\/","title":{"rendered":"\u00c7ocuklar \u0130\u00e7in D\u00fcnya Atlas\u0131"},"content":{"rendered":"<p>D\u00fcnyan\u0131n en b\u00fcy\u00fck yanarda\u011f\u0131 hangisidir? D\u00fcnyan\u0131n en uzun demiryolu nerededir? \u015eark\u0131 s\u00f6yleyen fare nerede ya\u015far? Hangi m\u00fczik ve dans t\u00fcr\u00fc \u0130spanya\u2019da do\u011fmu\u015ftur?E\u011flenceli projeler, etkinlikler, sorular ve ya\u015fad\u0131\u011f\u0131m\u0131z d\u00fcnya hakk\u0131nda ilgin\u00e7 ger\u00e7ekler.  D\u00fcnya \u00fczerindeki \u00e7e\u015fitli yerleri, insan topluluklar\u0131n\u0131, yery\u00fcz\u00fc \u015fekillerini ve vah\u015fi hayat\u0131 g\u00f6steren 3.000\u2019in \u00fczerinde renkli resim ve \u00e7izim. Harita yap\u0131m\u0131 ve okumas\u0131 hakk\u0131nda takibi kolay bilgiler. 50\u2019den fazla renkli ve ayr\u0131nt\u0131l\u0131 harita. 7 k\u0131ta ve d\u00fcnya \u00fclkeleri hakk\u0131nda ayr\u0131nt\u0131l\u0131 bilgiler. Co\u011frafi terimler s\u00f6zl\u00fc\u011f\u00fc. \u0130klim, do\u011fal kaynaklar, vah\u015fi ya\u015fam, d\u00fcnya halklar\u0131 ve k\u00fclt\u00fcrleri hakk\u0131nda \u00e7arp\u0131c\u0131 ara\u015ft\u0131rmalar<\/p>\n","protected":false},"excerpt":{"rendered":"<p>D\u00fcnyan\u0131n en b\u00fcy\u00fck yanarda\u011f\u0131 hangisidir? D\u00fcnyan\u0131n en uzun demiryolu nerededir? \u015eark\u0131 s\u00f6yleyen fare nerede ya\u015far? Hangi m\u00fczik ve dans t\u00fcr\u00fc \u0130spanya\u2019da do\u011fmu\u015ftur?E\u011flenceli projeler, etkinlikler, sorular ve<span class=\"excerpt-hellip\"> [\u2026]<\/span><\/p>\n","protected":false},"featured_media":0,"template":"","meta":{"_monsterinsights_skip_tracking":false,"_monsterinsights_sitenote_active":false,"_monsterinsights_sitenote_note":"","_monsterinsights_sitenote_category":0},"product_brand":[],"product_cat":[13829,12274],"product_tag":[],"class_list":{"0":"post-706344","1":"product","2":"type-product","3":"status-publish","5":"product_cat-bilimsel-kitaplar","6":"product_cat-cocuk-ve-genclik-kitaplari","7":"pa_cilt-ciltsiz","8":"pa_tur-kitap","9":"pa_yayinevi-1001-cicek-kitaplar","10":"pa_yazar-weldon-owen","12":"first","13":"instock","14":"sale","15":"shipping-taxable","16":"purchasable","17":"product-type-simple"},"_links":{"self":[{"href":"https:\/\/roveyayinevi.com.tr\/index.php\/wp-json\/wp\/v2\/product\/706344","targetHints":{"allow":["GET"]}}],"collection":[{"href":"https:\/\/roveyayinevi.com.tr\/index.php\/wp-json\/wp\/v2\/product"}],"about":[{"href":"https:\/\/roveyayinevi.com.tr\/index.php\/wp-json\/wp\/v2\/types\/product"}],"wp:attachment":[{"href":"https:\/\/roveyayinevi.com.tr\/index.php\/wp-json\/wp\/v2\/media?parent=706344"}],"wp:term":[{"taxonomy":"product_brand","embeddable":true,"href":"https:\/\/roveyayinevi.com.tr\/index.php\/wp-json\/wp\/v2\/product_brand?post=706344"},{"taxonomy":"product_cat","embeddable":true,"href":"https:\/\/roveyayinevi.com.tr\/index.php\/wp-json\/wp\/v2\/product_cat?post=706344"},{"taxonomy":"product_tag","embeddable":true,"href":"https:\/\/roveyayinevi.com.tr\/index.php\/wp-json\/wp\/v2\/product_tag?post=706344"}],"curies":[{"name":"wp","href":"https:\/\/api.w.org\/{rel}","templated":true}]}}