{"id":706342,"date":"2025-08-27T15:55:02","date_gmt":"2025-08-27T12:55:02","guid":{"rendered":"https:\/\/roveyayinevi.com.tr\/index.php\/urun\/cikartmali-etkinlik-yolculuk-cikartmali-etkinlik-kitabim\/"},"modified":"2026-04-16T02:14:57","modified_gmt":"2026-04-15T23:14:57","slug":"cikartmali-etkinlik-yolculuk-cikartmali-etkinlik-kitabim","status":"publish","type":"product","link":"https:\/\/roveyayinevi.com.tr\/index.php\/urun\/cikartmali-etkinlik-yolculuk-cikartmali-etkinlik-kitabim\/","title":{"rendered":"\u00c7\u0131kartmal\u0131 Etkinlik Yolculuk &#8211; \u00c7\u0131kartmal\u0131 Etkinlik Kitab\u0131m"},"content":{"rendered":"<p>Ezgi ve Deniz&#8217;le yola \u00e7\u0131kmaya haz\u0131r m\u0131s\u0131n?Yolda g\u00f6r\u00fclecek o kadar \u00e7ok \u015fey var ki! Bilmece ve bulmacalar,boyama sayfalar\u0131,say\u0131 sayma etkinliklerive \u00e7\u0131kartmalarla dolu bu kitapsayesinde harika vakit ge\u00e7ireceksin!<\/p>\n","protected":false},"excerpt":{"rendered":"<p>Ezgi ve Deniz&#8217;le yola \u00e7\u0131kmaya haz\u0131r m\u0131s\u0131n?Yolda g\u00f6r\u00fclecek o kadar \u00e7ok \u015fey var ki! Bilmece ve bulmacalar,boyama sayfalar\u0131,say\u0131 sayma etkinliklerive \u00e7\u0131kartmalarla dolu bu kitapsayesinde harika vakit<span class=\"excerpt-hellip\"> [\u2026]<\/span><\/p>\n","protected":false},"featured_media":0,"template":"","meta":{"_monsterinsights_skip_tracking":false,"_monsterinsights_sitenote_active":false,"_monsterinsights_sitenote_note":"","_monsterinsights_sitenote_category":0},"product_brand":[],"product_cat":[12274,12284],"product_tag":[],"class_list":{"0":"post-706342","1":"product","2":"type-product","3":"status-publish","5":"product_cat-cocuk-ve-genclik-kitaplari","6":"product_cat-hikayeler","7":"pa_cilt-ciltsiz","8":"pa_tur-kitap","9":"pa_yayinevi-1001-cicek-kitaplar","10":"pa_yazar-samanta-meredith","12":"first","13":"instock","14":"sale","15":"shipping-taxable","16":"purchasable","17":"product-type-simple"},"_links":{"self":[{"href":"https:\/\/roveyayinevi.com.tr\/index.php\/wp-json\/wp\/v2\/product\/706342","targetHints":{"allow":["GET"]}}],"collection":[{"href":"https:\/\/roveyayinevi.com.tr\/index.php\/wp-json\/wp\/v2\/product"}],"about":[{"href":"https:\/\/roveyayinevi.com.tr\/index.php\/wp-json\/wp\/v2\/types\/product"}],"wp:attachment":[{"href":"https:\/\/roveyayinevi.com.tr\/index.php\/wp-json\/wp\/v2\/media?parent=706342"}],"wp:term":[{"taxonomy":"product_brand","embeddable":true,"href":"https:\/\/roveyayinevi.com.tr\/index.php\/wp-json\/wp\/v2\/product_brand?post=706342"},{"taxonomy":"product_cat","embeddable":true,"href":"https:\/\/roveyayinevi.com.tr\/index.php\/wp-json\/wp\/v2\/product_cat?post=706342"},{"taxonomy":"product_tag","embeddable":true,"href":"https:\/\/roveyayinevi.com.tr\/index.php\/wp-json\/wp\/v2\/product_tag?post=706342"}],"curies":[{"name":"wp","href":"https:\/\/api.w.org\/{rel}","templated":true}]}}