{"id":706317,"date":"2025-08-27T15:54:51","date_gmt":"2025-08-27T12:54:51","guid":{"rendered":"https:\/\/roveyayinevi.com.tr\/index.php\/urun\/bir-cocuga-layik-olmak\/"},"modified":"2026-04-16T02:14:57","modified_gmt":"2026-04-15T23:14:57","slug":"bir-cocuga-layik-olmak","status":"publish","type":"product","link":"https:\/\/roveyayinevi.com.tr\/index.php\/urun\/bir-cocuga-layik-olmak\/","title":{"rendered":"Bir \u00c7ocu\u011fa Lay\u0131k Olmak"},"content":{"rendered":"<p>Ataol Behramo\u011flu\u2019nun \u015fiirlerinde s\u0131kl\u0131kla ge\u00e7en s\u00f6zc\u00fckler ve kavramlar aras\u0131nda \u00e7ocu\u011fa ve \u00e7ocukluk d\u00fcnyas\u0131na ili\u015fkin olanlar\u0131n \u00f6zel bir yeri vard\u0131r.Behramo\u011flu, \u201cYi\u011fitler Yi\u011fiti ve U\u00e7an At Masal\u0131\u201d adl\u0131 manzum bir \u00e7ocuk masal\u0131n\u0131n da yazar\u0131d\u0131r.\u201cBir \u00c7ocu\u011fa Lay\u0131k Olmak\u201d onun kendi \u015fiirleriyle d\u00fcnya \u015fiirinden yapt\u0131\u011f\u0131 \u00e7evirilerden, \u00e7ocuklar d\u00fc\u015f\u00fcn\u00fclerek d\u00fczenlenmi\u015f bir se\u00e7kidir.\u00c7ocuk \u015fiiri denildi\u011finde akla ilk gelebilecek t\u00fcrde \u015fiirler de\u011fildir bunlar.Fakat \u00e7ocuklar\u0131n d\u00fcnyas\u0131na da seslenebilecek; onlarda erdem, iyilik, sevgi duygular\u0131n\u0131 geli\u015ftirebilecek, zeka, dil ve d\u00fc\u015f\u00fcnme yetilerini g\u00fc\u00e7lendirecek \u015fiirlerdir.\u00c7ocuklar\u0131m\u0131z\u0131 iyi \u015fairlerle, iyi \u015fiirlerle tan\u0131\u015ft\u0131rmak, do\u011fru bir e\u011fitimin ba\u015fl\u0131ca temel ilkelerinden olmal\u0131d\u0131r.\u201cMasum bir merakt\u0131r ta\u015far i\u00e7lerindenYan\u0131ts\u0131z \u00e7o\u011fu kez ve haz\u0131r ba\u011f\u0131\u015flamayaSoral\u0131m kendi kendimize bazenLay\u0131k m\u0131y\u0131z \u00e7ocuklar\u0131m\u0131za?\u201d<\/p>\n","protected":false},"excerpt":{"rendered":"<p>Ataol Behramo\u011flu\u2019nun \u015fiirlerinde s\u0131kl\u0131kla ge\u00e7en s\u00f6zc\u00fckler ve kavramlar aras\u0131nda \u00e7ocu\u011fa ve \u00e7ocukluk d\u00fcnyas\u0131na ili\u015fkin olanlar\u0131n \u00f6zel bir yeri vard\u0131r.Behramo\u011flu, \u201cYi\u011fitler Yi\u011fiti ve U\u00e7an At Masal\u0131\u201d adl\u0131<span class=\"excerpt-hellip\"> [\u2026]<\/span><\/p>\n","protected":false},"featured_media":0,"template":"","meta":{"_monsterinsights_skip_tracking":false,"_monsterinsights_sitenote_active":false,"_monsterinsights_sitenote_note":"","_monsterinsights_sitenote_category":0},"product_brand":[],"product_cat":[12291,12509],"product_tag":[],"class_list":{"0":"post-706317","1":"product","2":"type-product","3":"status-publish","5":"product_cat-edebiyat","6":"product_cat-siir","7":"pa_cilt-ciltsiz","8":"pa_tur-kitap","9":"pa_yayinevi-tekin-yayinevi","10":"pa_yazar-ataol-behramoglu","12":"first","13":"instock","14":"sale","15":"shipping-taxable","16":"purchasable","17":"product-type-simple"},"_links":{"self":[{"href":"https:\/\/roveyayinevi.com.tr\/index.php\/wp-json\/wp\/v2\/product\/706317","targetHints":{"allow":["GET"]}}],"collection":[{"href":"https:\/\/roveyayinevi.com.tr\/index.php\/wp-json\/wp\/v2\/product"}],"about":[{"href":"https:\/\/roveyayinevi.com.tr\/index.php\/wp-json\/wp\/v2\/types\/product"}],"wp:attachment":[{"href":"https:\/\/roveyayinevi.com.tr\/index.php\/wp-json\/wp\/v2\/media?parent=706317"}],"wp:term":[{"taxonomy":"product_brand","embeddable":true,"href":"https:\/\/roveyayinevi.com.tr\/index.php\/wp-json\/wp\/v2\/product_brand?post=706317"},{"taxonomy":"product_cat","embeddable":true,"href":"https:\/\/roveyayinevi.com.tr\/index.php\/wp-json\/wp\/v2\/product_cat?post=706317"},{"taxonomy":"product_tag","embeddable":true,"href":"https:\/\/roveyayinevi.com.tr\/index.php\/wp-json\/wp\/v2\/product_tag?post=706317"}],"curies":[{"name":"wp","href":"https:\/\/api.w.org\/{rel}","templated":true}]}}