{"id":706315,"date":"2025-08-27T15:54:50","date_gmt":"2025-08-27T12:54:50","guid":{"rendered":"https:\/\/roveyayinevi.com.tr\/index.php\/urun\/duygulara-sadakat-hislerimiz-gercekte-bize-ne-anlatiyor\/"},"modified":"2026-04-03T02:20:25","modified_gmt":"2026-04-02T23:20:25","slug":"duygulara-sadakat-hislerimiz-gercekte-bize-ne-anlatiyor","status":"publish","type":"product","link":"https:\/\/roveyayinevi.com.tr\/index.php\/urun\/duygulara-sadakat-hislerimiz-gercekte-bize-ne-anlatiyor\/","title":{"rendered":"Duygulara Sadakat: Hislerimiz Ger\u00e7ekte Bize Ne Anlat\u0131yor ?"},"content":{"rendered":"<p>&#8220;Hayatlar\u0131m\u0131z\u0131 duygular\u0131m\u0131z yoluyla ya\u015f\u0131yoruz ve hayatlar\u0131m\u0131za anlam\u0131n\u0131 veren duygular\u0131m\u0131z&#8221; diyor Solomon. \u0130lgimizi ne \u00e7ekiyor, ya da merak\u0131m\u0131z\u0131 uyand\u0131ran ne? Kimi seviyoruz? Bizi sinirlendiren ne? Bizi harekete ge\u00e7iren, heyecanland\u0131ran, ya da bunaltan ne? Duygular, t\u00fcm bunlar\u0131, bizi belirliyor, bize karakterimizi veriyor. Hayatlar\u0131m\u0131z\u0131n hikayesi, hislerimizin hikayesidir. A\u015f\u0131k oluruz, bilimsel meraktan ve dinsel co\u015fkunluktan etkileniriz. \u00d6l\u00fcmden korkar\u0131z ve ba\u015fkalar\u0131 i\u00e7in \u00fcz\u00fcnt\u00fc duyar\u0131z. K\u0131skan\u00e7l\u0131k, haset, darg\u0131nl\u0131k, utan\u00e7 hissederiz.  &#8220;Duygular\u0131m, tutkular\u0131m veya &#8220;hislerim&#8221; nelerdi? Bazen bana \u00f6yle geldi\u011fi gibi, bunlar ba\u015f\u0131ma aniden mi geliveriyorlard\u0131 beni silip s\u00fcp\u00fcrerek- yoksa bana zaten sahip olmu\u015f muydular- ki\u015fili\u011fimi ele ge\u00e7irerek-? Ya da bazen g\u00f6r\u00fcnd\u00fckleri haliyle, yoksa bu duygular beni ben yapan, bana en ait olan, beni en iyi ya da en k\u00f6t\u00fc halimle tarif eden \u015feyler miydiler? Duygular\u0131m iyi ve benim yarar\u0131ma m\u0131yd\u0131lar yoksa k\u00f6t\u00fc ve benim zarar\u0131ma m\u0131? &#8220;Ki\u015finin hisleriyle temas halinde olmas\u0131&#8221; ne demekti? Ya da &#8220;otantik&#8221; bir insan olman\u0131n anlam\u0131 neydi? Di\u011fer bir ifadeyle ki\u015finin hislerine sad\u0131k olmas\u0131 ne demekti? Onlar\u0131 neden anlam\u0131yoruz, onlar ger\u00e7ekte nedirler, duygular bizi nas\u0131l insan yap\u0131yor ve ya\u015fam\u0131n anlam\u0131n\u0131 veriyor?&#8221; Solomon, bu ve benzeri sorulara yan\u0131t aramak i\u00e7in 30 sene boyunca felsefe, psikoloji, antropoloji ve biyoloji arac\u0131l\u0131\u011f\u0131yla ke\u015ffe \u00e7\u0131k\u0131yor. \u0130nsanlarla birlikte, hayvanlar\u0131n davran\u0131\u015flar\u0131 da onu etkiliyor. Bu ola\u011fan\u00fcst\u00fc kitapta, duygular\u0131n b\u00fcy\u00fcleyicili\u011fini bizimle payla\u015f\u0131yor ve hislerimizi, heyecan verici yeni bir bi\u00e7imde ayd\u0131nlat\u0131yor. Solomon, sizi, duygular\u0131 anlamaya dair keyifli bir ke\u015ffe davet ediyor&#8230; <\/p>\n","protected":false},"excerpt":{"rendered":"<p>&#8220;Hayatlar\u0131m\u0131z\u0131 duygular\u0131m\u0131z yoluyla ya\u015f\u0131yoruz ve hayatlar\u0131m\u0131za anlam\u0131n\u0131 veren duygular\u0131m\u0131z&#8221; diyor Solomon. \u0130lgimizi ne \u00e7ekiyor, ya da merak\u0131m\u0131z\u0131 uyand\u0131ran ne? Kimi seviyoruz? Bizi sinirlendiren ne? Bizi harekete<span class=\"excerpt-hellip\"> [\u2026]<\/span><\/p>\n","protected":false},"featured_media":0,"template":"","meta":{"_monsterinsights_skip_tracking":false,"_monsterinsights_sitenote_active":false,"_monsterinsights_sitenote_note":"","_monsterinsights_sitenote_category":0},"product_brand":[],"product_cat":[12364,12376],"product_tag":[],"class_list":{"0":"post-706315","1":"product","2":"type-product","3":"status-publish","5":"product_cat-genel-konular","6":"product_cat-kisisel-gelisim","7":"pa_cilt-ciltsiz","8":"pa_tur-kitap","9":"pa_yayinevi-nika-yayinevi","10":"pa_yazar-robert-c-solomon","12":"first","13":"instock","14":"sale","15":"shipping-taxable","16":"purchasable","17":"product-type-simple"},"_links":{"self":[{"href":"https:\/\/roveyayinevi.com.tr\/index.php\/wp-json\/wp\/v2\/product\/706315","targetHints":{"allow":["GET"]}}],"collection":[{"href":"https:\/\/roveyayinevi.com.tr\/index.php\/wp-json\/wp\/v2\/product"}],"about":[{"href":"https:\/\/roveyayinevi.com.tr\/index.php\/wp-json\/wp\/v2\/types\/product"}],"wp:attachment":[{"href":"https:\/\/roveyayinevi.com.tr\/index.php\/wp-json\/wp\/v2\/media?parent=706315"}],"wp:term":[{"taxonomy":"product_brand","embeddable":true,"href":"https:\/\/roveyayinevi.com.tr\/index.php\/wp-json\/wp\/v2\/product_brand?post=706315"},{"taxonomy":"product_cat","embeddable":true,"href":"https:\/\/roveyayinevi.com.tr\/index.php\/wp-json\/wp\/v2\/product_cat?post=706315"},{"taxonomy":"product_tag","embeddable":true,"href":"https:\/\/roveyayinevi.com.tr\/index.php\/wp-json\/wp\/v2\/product_tag?post=706315"}],"curies":[{"name":"wp","href":"https:\/\/api.w.org\/{rel}","templated":true}]}}