{"id":706314,"date":"2025-08-27T15:54:49","date_gmt":"2025-08-27T12:54:49","guid":{"rendered":"https:\/\/roveyayinevi.com.tr\/index.php\/urun\/guc-ve-guclendirme\/"},"modified":"2026-04-16T02:14:57","modified_gmt":"2026-04-15T23:14:57","slug":"guc-ve-guclendirme","status":"publish","type":"product","link":"https:\/\/roveyayinevi.com.tr\/index.php\/urun\/guc-ve-guclendirme\/","title":{"rendered":"G\u00fc\u00e7 ve G\u00fc\u00e7lendirme"},"content":{"rendered":"<p>Tam huzura erdi\u011finizi d\u00fc\u015f\u00fcnd\u00fc\u011f\u00fcn\u00fcz bir an gelir ve en yak\u0131n arkada\u015f\u0131n\u0131z bir \u015fey yaparak o an\u0131 mahveder ya hani&#8230; \u0130\u015fte benim en yak\u0131n arkada\u015f\u0131m -kod ad\u0131 K\u00fcf\u00fcrbaz Haydo, ger\u00e7ek ismi Ayg\u00fcl\u2019d\u00fcr- soylu bir a\u015firetin biricik o\u011fluyla ka\u00e7m\u0131\u015ft\u0131 ve ard\u0131nda hi\u00e7bir iz b\u0131rakmadan kay\u0131plara kar\u0131\u015fm\u0131\u015ft\u0131. Bana ve di\u011ferlerine ise ne mi b\u0131rakm\u0131\u015ft\u0131? Durdurulmas\u0131 gereken bir d\u00fc\u011f\u00fcn, ka\u00e7\u0131r\u0131lmas\u0131 gereken bir gelin ve pa\u00e7ay\u0131 kurtarmam\u0131z gereken belal\u0131 bir olay! Anlayaca\u011f\u0131n\u0131z macera o bitti diyene kadar bitmiyor, kald\u0131\u011f\u0131 yerden devam ediyordu! <\/p>\n","protected":false},"excerpt":{"rendered":"<p>Tam huzura erdi\u011finizi d\u00fc\u015f\u00fcnd\u00fc\u011f\u00fcn\u00fcz bir an gelir ve en yak\u0131n arkada\u015f\u0131n\u0131z bir \u015fey yaparak o an\u0131 mahveder ya hani&#8230; \u0130\u015fte benim en yak\u0131n arkada\u015f\u0131m -kod ad\u0131<span class=\"excerpt-hellip\"> [\u2026]<\/span><\/p>\n","protected":false},"featured_media":0,"template":"","meta":{"_monsterinsights_skip_tracking":false,"_monsterinsights_sitenote_active":false,"_monsterinsights_sitenote_note":"","_monsterinsights_sitenote_category":0},"product_brand":[],"product_cat":[12291,12711],"product_tag":[],"class_list":{"0":"post-706314","1":"product","2":"type-product","3":"status-publish","5":"product_cat-edebiyat","6":"product_cat-roman-oyku","7":"pa_cilt-ciltsiz","8":"pa_tur-kitap","9":"pa_yayinevi-nika-yayinevi","10":"pa_yazar-neil-thompson","12":"first","13":"instock","14":"sale","15":"shipping-taxable","16":"purchasable","17":"product-type-simple"},"_links":{"self":[{"href":"https:\/\/roveyayinevi.com.tr\/index.php\/wp-json\/wp\/v2\/product\/706314","targetHints":{"allow":["GET"]}}],"collection":[{"href":"https:\/\/roveyayinevi.com.tr\/index.php\/wp-json\/wp\/v2\/product"}],"about":[{"href":"https:\/\/roveyayinevi.com.tr\/index.php\/wp-json\/wp\/v2\/types\/product"}],"wp:attachment":[{"href":"https:\/\/roveyayinevi.com.tr\/index.php\/wp-json\/wp\/v2\/media?parent=706314"}],"wp:term":[{"taxonomy":"product_brand","embeddable":true,"href":"https:\/\/roveyayinevi.com.tr\/index.php\/wp-json\/wp\/v2\/product_brand?post=706314"},{"taxonomy":"product_cat","embeddable":true,"href":"https:\/\/roveyayinevi.com.tr\/index.php\/wp-json\/wp\/v2\/product_cat?post=706314"},{"taxonomy":"product_tag","embeddable":true,"href":"https:\/\/roveyayinevi.com.tr\/index.php\/wp-json\/wp\/v2\/product_tag?post=706314"}],"curies":[{"name":"wp","href":"https:\/\/api.w.org\/{rel}","templated":true}]}}