{"id":706313,"date":"2025-08-27T15:54:49","date_gmt":"2025-08-27T12:54:49","guid":{"rendered":"https:\/\/roveyayinevi.com.tr\/index.php\/urun\/ideoloji-ve-utopya\/"},"modified":"2026-04-16T02:14:57","modified_gmt":"2026-04-15T23:14:57","slug":"ideoloji-ve-utopya","status":"publish","type":"product","link":"https:\/\/roveyayinevi.com.tr\/index.php\/urun\/ideoloji-ve-utopya\/","title":{"rendered":"\u0130deoloji ve \u00dctopya"},"content":{"rendered":"<p>Karl Mannheim, bilgi sosyolojisine giri\u015f olarak tasarlad\u0131\u011f\u0131 \u0130deoloji ve \u00dctopya\u2019da, sosyologlar\u0131n as\u0131l g\u00f6revlerini ikiye ay\u0131r\u0131r: k\u0131smi ideolojilerin ele\u015ftirel incelenmesi ve (bilgi sosyolojisinin \u00f6zel misyonu olan) toplumun b\u00fct\u00fcnl\u00fck\u00e7\u00fc ideolojisinin ara\u015ft\u0131r\u0131lmas\u0131. Somut olarak ele ald\u0131\u011f\u0131 \u015fey, insanlar\u0131n belli tarihsel-toplumsal ko\u015fullarda sahip olduklar\u0131 d\u00fc\u015f\u00fcnce ve bilgi bi\u00e7imleridir. Mannheim, buna ba\u011fl\u0131 olarak \u015fu sorular\u0131 sorar: bilgi olarak adland\u0131r\u0131lan \u015feyin \u00f6z\u00fc nedir? Buna kim karar vermi\u015ftir? Hakikat ile yan\u0131lg\u0131, \u00f6nyarg\u0131 ile nesnellik, ki\u015fisel inan\u00e7 ile kolektif \u00e7\u0131kar konular\u0131nda s\u00fcregelen tart\u0131\u015fmalar\u0131, ne t\u00fcrden y\u00f6ntemleri kullanarak\u00e7\u00f6z\u00fcme ula\u015ft\u0131rabiliriz?\u201cBu kitap, ku\u015fkusuz, entelekt\u00fcel tart\u0131\u015fman\u0131n rotas\u0131n\u0131 y\u0131llar boyunca etkileyen nadir kitaplardan biri.\u201d Harold J. Laski\u201cB\u00fcy\u00fck ve kal\u0131c\u0131 de\u011ferlere dair bir belge&#8230; Mannheim\u2019\u0131n kitab\u0131, klasikler aras\u0131nda yer almay\u0131 hak ediyor.\u201d Max Ascoli\u201cToplumsal sorunlar\u0131, derin bir fikriyatla tart\u0131\u015fmak isteyen herkesin okumas\u0131 gereken bir kitap.\u201d Charles A. Beard <\/p>\n","protected":false},"excerpt":{"rendered":"<p>Karl Mannheim, bilgi sosyolojisine giri\u015f olarak tasarlad\u0131\u011f\u0131 \u0130deoloji ve \u00dctopya\u2019da, sosyologlar\u0131n as\u0131l g\u00f6revlerini ikiye ay\u0131r\u0131r: k\u0131smi ideolojilerin ele\u015ftirel incelenmesi ve (bilgi sosyolojisinin \u00f6zel misyonu olan) toplumun<span class=\"excerpt-hellip\"> [\u2026]<\/span><\/p>\n","protected":false},"featured_media":0,"template":"","meta":{"_monsterinsights_skip_tracking":false,"_monsterinsights_sitenote_active":false,"_monsterinsights_sitenote_note":"","_monsterinsights_sitenote_category":0},"product_brand":[],"product_cat":[12835,12324],"product_tag":[],"class_list":{"0":"post-706313","1":"product","2":"type-product","3":"status-publish","5":"product_cat-genel-sosyoloji","6":"product_cat-sosyoloji","7":"pa_cilt-ciltsiz","8":"pa_tur-kitap","9":"pa_yayinevi-nika-yayinevi","10":"pa_yazar-karl-mannheim","12":"first","13":"instock","14":"sale","15":"shipping-taxable","16":"purchasable","17":"product-type-simple"},"_links":{"self":[{"href":"https:\/\/roveyayinevi.com.tr\/index.php\/wp-json\/wp\/v2\/product\/706313","targetHints":{"allow":["GET"]}}],"collection":[{"href":"https:\/\/roveyayinevi.com.tr\/index.php\/wp-json\/wp\/v2\/product"}],"about":[{"href":"https:\/\/roveyayinevi.com.tr\/index.php\/wp-json\/wp\/v2\/types\/product"}],"wp:attachment":[{"href":"https:\/\/roveyayinevi.com.tr\/index.php\/wp-json\/wp\/v2\/media?parent=706313"}],"wp:term":[{"taxonomy":"product_brand","embeddable":true,"href":"https:\/\/roveyayinevi.com.tr\/index.php\/wp-json\/wp\/v2\/product_brand?post=706313"},{"taxonomy":"product_cat","embeddable":true,"href":"https:\/\/roveyayinevi.com.tr\/index.php\/wp-json\/wp\/v2\/product_cat?post=706313"},{"taxonomy":"product_tag","embeddable":true,"href":"https:\/\/roveyayinevi.com.tr\/index.php\/wp-json\/wp\/v2\/product_tag?post=706313"}],"curies":[{"name":"wp","href":"https:\/\/api.w.org\/{rel}","templated":true}]}}