{"id":706307,"date":"2025-08-27T15:54:47","date_gmt":"2025-08-27T12:54:47","guid":{"rendered":"https:\/\/roveyayinevi.com.tr\/index.php\/urun\/karaduygun\/"},"modified":"2026-02-03T02:24:55","modified_gmt":"2026-02-02T23:24:55","slug":"karaduygun","status":"publish","type":"product","link":"https:\/\/roveyayinevi.com.tr\/index.php\/urun\/karaduygun\/","title":{"rendered":"Karaduygun"},"content":{"rendered":"<p>Karaduygun, kendi kafas\u0131na s\u0131\u011famayand\u0131r. d\u00fc\u015f\u00fcncenin y\u00fczy\u0131llar i\u00e7inde tamamland\u0131\u011f\u0131n\u0131n bilinciyle zaman\u0131n k\u00f6r kuyular\u0131na dalmay\u0131 g\u00f6ze al\u0131r. D\u00fcnyaya al\u0131\u015famaz, tahamm\u00fcl edemez, d\u00fcnyevile\u015femez. \u00d6\u00e7 duygusu olmadan deh\u015fete kap\u0131l\u0131r, i\u011frenmeden yad\u0131rgar, hamasete kanmaz, i\u00e7in i\u00e7in ba\u011f\u0131\u015flasa da ayn\u0131 d\u00f6ng\u00fc tekrarlanmas\u0131n diye affedemez, s\u00fcrekli an\u0131msar, an\u0131msad\u0131\u011f\u0131 i\u00e7in uyuyamaz, uykusuzluk y\u00fcz\u00fcnden unutamaz. G\u00fczelli\u011fi bir l\u00fctuf gibi \u015f\u00fckranla kabul eder, k\u00f6t\u00fcl\u00fck kar\u015f\u0131s\u0131nda afallar, dengesini kaybeder, \u00e7\u00fcnk\u00fc sevdi\u011fi her varl\u0131\u011f\u0131 \u00e7ok ama \u00e7ok sever. Onunkisi kozmik bir kederdir. Hi\u00e7bir tap\u0131na\u011f\u0131 yoktur ki canl\u0131l\u0131k kadar kutsal olsun.  \u2014 Sema Kaygusuz <\/p>\n","protected":false},"excerpt":{"rendered":"<p>Karaduygun, kendi kafas\u0131na s\u0131\u011famayand\u0131r. d\u00fc\u015f\u00fcncenin y\u00fczy\u0131llar i\u00e7inde tamamland\u0131\u011f\u0131n\u0131n bilinciyle zaman\u0131n k\u00f6r kuyular\u0131na dalmay\u0131 g\u00f6ze al\u0131r. D\u00fcnyaya al\u0131\u015famaz, tahamm\u00fcl edemez, d\u00fcnyevile\u015femez. \u00d6\u00e7 duygusu olmadan deh\u015fete kap\u0131l\u0131r, i\u011frenmeden<span class=\"excerpt-hellip\"> [\u2026]<\/span><\/p>\n","protected":false},"featured_media":0,"template":"","meta":{"_monsterinsights_skip_tracking":false,"_monsterinsights_sitenote_active":false,"_monsterinsights_sitenote_note":"","_monsterinsights_sitenote_category":0},"product_brand":[],"product_cat":[18545,12291],"product_tag":[],"class_list":{"0":"post-706307","1":"product","2":"type-product","3":"status-publish","5":"product_cat-anlati","6":"product_cat-edebiyat","7":"pa_cilt-ciltsiz","8":"pa_tur-kitap","9":"pa_yayinevi-metis-yayinlari","10":"pa_yazar-sema-kaygusuz","12":"first","13":"instock","14":"sale","15":"shipping-taxable","16":"purchasable","17":"product-type-simple"},"_links":{"self":[{"href":"https:\/\/roveyayinevi.com.tr\/index.php\/wp-json\/wp\/v2\/product\/706307","targetHints":{"allow":["GET"]}}],"collection":[{"href":"https:\/\/roveyayinevi.com.tr\/index.php\/wp-json\/wp\/v2\/product"}],"about":[{"href":"https:\/\/roveyayinevi.com.tr\/index.php\/wp-json\/wp\/v2\/types\/product"}],"wp:attachment":[{"href":"https:\/\/roveyayinevi.com.tr\/index.php\/wp-json\/wp\/v2\/media?parent=706307"}],"wp:term":[{"taxonomy":"product_brand","embeddable":true,"href":"https:\/\/roveyayinevi.com.tr\/index.php\/wp-json\/wp\/v2\/product_brand?post=706307"},{"taxonomy":"product_cat","embeddable":true,"href":"https:\/\/roveyayinevi.com.tr\/index.php\/wp-json\/wp\/v2\/product_cat?post=706307"},{"taxonomy":"product_tag","embeddable":true,"href":"https:\/\/roveyayinevi.com.tr\/index.php\/wp-json\/wp\/v2\/product_tag?post=706307"}],"curies":[{"name":"wp","href":"https:\/\/api.w.org\/{rel}","templated":true}]}}