{"id":706302,"date":"2025-08-27T15:54:45","date_gmt":"2025-08-27T12:54:45","guid":{"rendered":"https:\/\/roveyayinevi.com.tr\/index.php\/urun\/malloryon-serisi-1-batinin-muhafizlari\/"},"modified":"2026-02-03T02:24:55","modified_gmt":"2026-02-02T23:24:55","slug":"malloryon-serisi-1-batinin-muhafizlari","status":"publish","type":"product","link":"https:\/\/roveyayinevi.com.tr\/index.php\/urun\/malloryon-serisi-1-batinin-muhafizlari\/","title":{"rendered":"Malloryon Serisi 1 &#8211; Bat\u0131n\u0131n Muhaf\u0131zlar\u0131"},"content":{"rendered":"<p>&#8220;Garion, Ejderha Tanr\u0131 Torak\u2019\u0131 \u00f6ld\u00fcrd\u00fckten sonra t\u00fcm Bat\u0131 Krall\u0131klar\u0131 bar\u0131\u015f ve huzur i\u00e7inde ya\u015famaya ba\u015flam\u0131\u015flard\u0131. Ta ki Karanl\u0131\u011f\u0131n \u00c7ocu\u011fu ile I\u015f\u0131\u011f\u0131n \u00c7ocu\u011fu aras\u0131ndaki yeni bir kar\u015f\u0131la\u015fman\u0131n alametleri g\u00f6r\u00fcnmeye ba\u015flayana kadar. \u00dcstelik bu kar\u015f\u0131la\u015fmada kahramanlar\u0131n kim olaca\u011f\u0131 ve bunun nihai kar\u015f\u0131la\u015fma olup olmayaca\u011f\u0131 bile belli de\u011fildi. Bilinen iki isim vard\u0131 sadece: Zandramas ve Cthrag Sardius. Bir insan ve bir ta\u015f. Garion, Polgara ve Belgarath, bu kez yeni yol arkada\u015flar\u0131yla, &#8220;art\u0131k olmayan yere&#8221; do\u011fru yola \u00e7\u0131kacaklard\u0131.Malloryon Be\u015flisinin bu ilk kitab\u0131nda Garion\u2019un iyi bir kral olmay\u0131 \u00f6\u011frenmeye \u00e7al\u0131\u015fmas\u0131, Polgara\u2019n\u0131n Durnik ile Vadi\u2019ye yerle\u015fip Emanet\u2019i b\u00fcy\u00fctmeleri, Ay\u0131 Mezhebi\u2019nin Alorya\u2019y\u0131 alt \u00fcst etmeye ba\u015flamas\u0131, Kal Zakath\u2019\u0131n Murgolara a\u00e7t\u0131\u011f\u0131 imha sava\u015f\u0131 ve Garion\u2019un yollara d\u00fc\u015fmesine neden olan korkun\u00e7 olay anlat\u0131l\u0131yor. <\/p>\n","protected":false},"excerpt":{"rendered":"<p>&#8220;Garion, Ejderha Tanr\u0131 Torak\u2019\u0131 \u00f6ld\u00fcrd\u00fckten sonra t\u00fcm Bat\u0131 Krall\u0131klar\u0131 bar\u0131\u015f ve huzur i\u00e7inde ya\u015famaya ba\u015flam\u0131\u015flard\u0131. Ta ki Karanl\u0131\u011f\u0131n \u00c7ocu\u011fu ile I\u015f\u0131\u011f\u0131n \u00c7ocu\u011fu aras\u0131ndaki yeni bir kar\u015f\u0131la\u015fman\u0131n<span class=\"excerpt-hellip\"> [\u2026]<\/span><\/p>\n","protected":false},"featured_media":0,"template":"","meta":{"_monsterinsights_skip_tracking":false,"_monsterinsights_sitenote_active":false,"_monsterinsights_sitenote_note":"","_monsterinsights_sitenote_category":0},"product_brand":[],"product_cat":[12891,12291],"product_tag":[],"class_list":{"0":"post-706302","1":"product","2":"type-product","3":"status-publish","5":"product_cat-amerikan-edebiyati","6":"product_cat-edebiyat","7":"pa_cilt-ciltsiz","8":"pa_tur-kitap","9":"pa_yayinevi-metis-yayinlari","10":"pa_yazar-david-eddings","12":"first","13":"instock","14":"sale","15":"shipping-taxable","16":"purchasable","17":"product-type-simple"},"_links":{"self":[{"href":"https:\/\/roveyayinevi.com.tr\/index.php\/wp-json\/wp\/v2\/product\/706302","targetHints":{"allow":["GET"]}}],"collection":[{"href":"https:\/\/roveyayinevi.com.tr\/index.php\/wp-json\/wp\/v2\/product"}],"about":[{"href":"https:\/\/roveyayinevi.com.tr\/index.php\/wp-json\/wp\/v2\/types\/product"}],"wp:attachment":[{"href":"https:\/\/roveyayinevi.com.tr\/index.php\/wp-json\/wp\/v2\/media?parent=706302"}],"wp:term":[{"taxonomy":"product_brand","embeddable":true,"href":"https:\/\/roveyayinevi.com.tr\/index.php\/wp-json\/wp\/v2\/product_brand?post=706302"},{"taxonomy":"product_cat","embeddable":true,"href":"https:\/\/roveyayinevi.com.tr\/index.php\/wp-json\/wp\/v2\/product_cat?post=706302"},{"taxonomy":"product_tag","embeddable":true,"href":"https:\/\/roveyayinevi.com.tr\/index.php\/wp-json\/wp\/v2\/product_tag?post=706302"}],"curies":[{"name":"wp","href":"https:\/\/api.w.org\/{rel}","templated":true}]}}