{"id":706301,"date":"2025-08-27T15:54:44","date_gmt":"2025-08-27T12:54:44","guid":{"rendered":"https:\/\/roveyayinevi.com.tr\/index.php\/urun\/organik-kimya-solomons\/"},"modified":"2026-04-16T02:14:57","modified_gmt":"2026-04-15T23:14:57","slug":"organik-kimya-solomons","status":"publish","type":"product","link":"https:\/\/roveyayinevi.com.tr\/index.php\/urun\/organik-kimya-solomons\/","title":{"rendered":"Organik Kimya (Solomons)"},"content":{"rendered":"<p>Daha \u00e7ok Solomons\u2019un Organik Kimya kitab\u0131 diye bilinen bu eser, d\u00fcnyada en \u00e7ok kabul g\u00f6ren ve yayg\u0131n bir \u015fekilde kullan\u0131lan alan\u0131nda en \u00e7ok okutulan kitaplardan bir tanesidir. 10\u2019un \u00fczerinde di\u011fer dillere \u00e7evrilmi\u015f bulunmaktad\u0131r. \u00dclkemizde de Organik Kimyan\u0131n kolayca anla\u015f\u0131lmas\u0131na ve ya\u015fam\u0131m\u0131za yapt\u0131\u011f\u0131 katk\u0131lar\u0131n yak\u0131ndan tan\u0131nmas\u0131na katk\u0131 yapacakt\u0131r. \u00d6\u011frenciler bu kitab\u0131 ba\u015ftan sona i\u015fledikten sonra kitab\u0131n \u00f6n s\u00f6z\u00fcnde de yer ald\u0131\u011f\u0131 gibi \u2018\u2018 \u0130yi ki Organik Kimya var!\u2019\u2019 diye hayk\u0131racaklard\u0131r. Kitab\u0131n ba\u015fta Kimya B\u00f6l\u00fcmlerinin yan\u0131 s\u0131ra, Kimya \u00d6\u011fretmenli\u011fi, Biyokimya ve Biyoloji B\u00f6l\u00fcmleri; T\u0131p, Veteriner ve Eczac\u0131l\u0131k Fak\u00fclteleri; M\u00fchendislik Fak\u00fcltelerinin Kimya, Malzeme, \u00c7evre, G\u0131da B\u00f6l\u00fcmlerindeki ve Meslek Y\u00fcksek Okullar\u0131n\u0131n Kimya ile ilgili alanlar\u0131ndaki \u00d6\u011fretim Elemanlar\u0131m\u0131za ve \u00d6\u011frencilerimize yararl\u0131 olaca\u011f\u0131na inan\u0131yoruz.\u201c\u0130yi ki Organik Kimya Var!\u201dDaha \u00e7ok Solomons\u2019un Organik Kimyakitab\u0131 diye bilinen bu eser, d\u00fcnyada en \u00e7ok kabul g\u00f6ren ve yayg\u0131n bir \u015fekilde kullan\u0131lan alan\u0131nda en \u00e7ok okutulan kitaplardan bir tanesidir. 10\u2019un \u00fczerinde di\u011fer dillere \u00e7evrilmi\u015f bulunmaktad\u0131r. \u00dclkemizde de Organik Kimyan\u0131n kolayca anla\u015f\u0131lmas\u0131na ve ya\u015fam\u0131m\u0131za yapt\u0131\u011f\u0131 katk\u0131lar\u0131n yak\u0131ndan tan\u0131nmas\u0131na katk\u0131 yapacakt\u0131r. \u00d6\u011frenciler bu kitab\u0131 ba\u015ftan sona i\u015fledikten sonra kitab\u0131n \u00f6n s\u00f6z\u00fcnde de yer ald\u0131\u011f\u0131 gibi \u2018\u2018 \u0130yi ki Organik Kimya var!\u2019\u2019 diye hayk\u0131racaklard\u0131r. Kitab\u0131n ba\u015fta Kimya B\u00f6l\u00fcmlerinin yan\u0131 s\u0131ra, Kimya \u00d6\u011fretmenli\u011fi, Biyokimya ve Biyoloji B\u00f6l\u00fcmleri; T\u0131p, Veteriner ve Eczac\u0131l\u0131k Fak\u00fclteleri; M\u00fchendislik Fak\u00fcltelerinin Kimya, Malzeme, \u00c7evre, G\u0131da B\u00f6l\u00fcmlerindeki ve Meslek Y\u00fcksek Okullar\u0131n\u0131n Kimya ile ilgili alanlar\u0131ndaki \u00d6\u011fretim Elemanlar\u0131m\u0131za ve \u00d6\u011frencilerimize yararl\u0131 olaca\u011f\u0131na inan\u0131yoruz. \u201c\u0130Y\u0130 K\u0130 ORGAN\u0130K K\u0130MYA VAR!\u201dYani, \u00f6\u011frencilerin konular\u0131m\u0131zla tan\u0131\u015ft\u0131ktan sonra hayk\u0131rmalar\u0131n\u0131 iste\u011fimiz \u015fey bu. Fark\u0131nda olal\u0131m ya da olmayal\u0131m, ya\u015fam\u0131m\u0131z organik kimya etraf\u0131nda d\u00f6ner. Organik kimyay\u0131 anlad\u0131\u011f\u0131m\u0131z zaman, ya\u015fam\u0131n kendisinin onsuz nas\u0131l imk\u00e2ns\u0131z olaca\u011f\u0131n\u0131, ya\u015fam kalitemizin ona nas\u0131l ba\u011fl\u0131 oldu\u011funu ve organik kimya \u00f6rneklerinin her y\u00f6nden nas\u0131l g\u00f6z\u00fcm\u00fcze \u00e7arpar oldu\u011funu g\u00f6r\u00fcr\u00fcz.\u0130\u015fte, \u00f6\u011frencilerin, belki bir olas\u0131l\u0131k, arkada\u015flar\u0131na veya aile \u00fcyelerine ana tema-organik kimyan\u0131n varl\u0131\u011f\u0131m\u0131z\u0131 nas\u0131l ku\u015fatt\u0131\u011f\u0131n\u0131 a\u00e7\u0131klad\u0131klar\u0131nda, onlar\u0131n co\u015fkuyla \u201c\u0130yi ki organik kimya var!\u201d diye hayk\u0131rmalar\u0131n\u0131 istememizin nedeni budur. \u00d6\u011frencilerin organik kimya penceresinden d\u00fcnyay\u0131 tan\u0131ma heyecan\u0131n\u0131 ya\u015famalar\u0131na ve organik kimyan\u0131n birle\u015ftirici ve basitle\u015ftirici do\u011fas\u0131n\u0131n pek \u00e7ok \u015feyin do\u011fada nas\u0131l meydana geldi\u011finin anla\u015f\u0131labilir olmas\u0131na yard\u0131mc\u0131 olmak istiyoruz. Bu kitap, \u00f6\u011frencilerin organik kimyay\u0131 iyi \u00f6\u011frenmelerini ve organik kimyan\u0131n g\u00fcnl\u00fck bazda ya\u015fam\u0131m\u0131za muhte\u015fem \u015fekilde dokunu\u015flar\u0131n\u0131 g\u00f6rmelerini m\u00fcmk\u00fcn k\u0131lar. Bu kitap, hangi kariyer yolunu se\u00e7erse se\u00e7sinler, \u00f6\u011frencilerin bug\u00fcn\u00fcn d\u00fcnyas\u0131nda \u00e7ok \u00f6nemli olan ele\u015ftirel d\u00fc\u015f\u00fcnme, problem \u00e7\u00f6zme ve analiz becerilerini geli\u015ftirmelerine yard\u0131m eder. Organik kimyan\u0131n zenginli\u011fi, g\u00fcn\u00fcm\u00fczde sa\u011fl\u0131k alanlar\u0131ndan, enerjiye, s\u00fcrd\u00fcr\u00fclebilirli\u011fe ve \u00e7evreye \u00e7\u00f6z\u00fcmler \u00fcretmede katk\u0131da bulunur. Sonu\u00e7ta, iyi ki organik kimya var! \u0130\u00c7\u0130NDEK\u0130LERKarbon Bile\u015fikleri Toplulu\u011fuAsitler ve BazlarAlkanlar\u0131n ve Sikloalkanlar\u0131n Adland\u0131r\u0131lmas\u0131 ve Konformasyonlar\u0131Stereokimya\u0130yonik TepkimelerAlkenler ve Alkinler IAlkenler ve Alkinler IIN\u00fckleer Manyetik Rezonans ve K\u00fctle SpektrometriRadikal TepkimelerAlkoller ve EterlerAlkollerin Karbonil Bile\u015fiklerinden Elde EdilmesiKonjuge Doymam\u0131\u015f SistemlerAromatik Bile\u015fiklerAromatik Bile\u015fiklerin TepkimeleriAldehitler ve KetonlarKarboksilik Asitler ve T\u00fcrevleriKarbonil Bile\u015fiklerinin a-Karbonundaki TepkimelerKarbonil Bile\u015fiklerinin Kondensasyon ve Konjuge Kat\u0131lma TepkimeleriAminlerFenoller ve Aril Halojen\u00fcrlerKarbohidratlarLipitlerAmino Asitler ve ProteinlerN\u00fckleik Asitler ve Protein Sentezi\u00c7EV\u0130RMENAhmet AkarLevent ArtokFeray Aydo\u011fanOrhan Bilgi\u00e7Sevim Bilgi\u00e7Ayd\u0131n DemircanFatma Sevin D\u00fczMustafa G\u00fcll\u00fcAlaettin G\u00fcvenMehmet Nebio\u011fluN\u00fcket \u00d6cal Sunguro\u011fluMetin T\u00fcl\u00fcCavit Uyan\u0131kAy\u015fe Yusufo\u011fluED\u0130T\u00d6RProf. Dr. Cavit Uyan\u0131k <\/p>\n","protected":false},"excerpt":{"rendered":"<p>Daha \u00e7ok Solomons\u2019un Organik Kimya kitab\u0131 diye bilinen bu eser, d\u00fcnyada en \u00e7ok kabul g\u00f6ren ve yayg\u0131n bir \u015fekilde kullan\u0131lan alan\u0131nda en \u00e7ok okutulan kitaplardan bir<span class=\"excerpt-hellip\"> [\u2026]<\/span><\/p>\n","protected":false},"featured_media":0,"template":"","meta":{"_monsterinsights_skip_tracking":false,"_monsterinsights_sitenote_active":false,"_monsterinsights_sitenote_note":"","_monsterinsights_sitenote_category":0},"product_brand":[],"product_cat":[12573,12566],"product_tag":[],"class_list":{"0":"post-706301","1":"product","2":"type-product","3":"status-publish","5":"product_cat-akademik-kitaplar","6":"product_cat-egitim","7":"pa_cilt-ciltli","8":"pa_tur-kitap","9":"pa_yayinevi-literatur-yayinevi-akademik","10":"pa_yazar-graham-solomons-craig-b-fryhle-scott-snyder","12":"first","13":"instock","14":"sale","15":"shipping-taxable","16":"purchasable","17":"product-type-simple"},"_links":{"self":[{"href":"https:\/\/roveyayinevi.com.tr\/index.php\/wp-json\/wp\/v2\/product\/706301","targetHints":{"allow":["GET"]}}],"collection":[{"href":"https:\/\/roveyayinevi.com.tr\/index.php\/wp-json\/wp\/v2\/product"}],"about":[{"href":"https:\/\/roveyayinevi.com.tr\/index.php\/wp-json\/wp\/v2\/types\/product"}],"wp:attachment":[{"href":"https:\/\/roveyayinevi.com.tr\/index.php\/wp-json\/wp\/v2\/media?parent=706301"}],"wp:term":[{"taxonomy":"product_brand","embeddable":true,"href":"https:\/\/roveyayinevi.com.tr\/index.php\/wp-json\/wp\/v2\/product_brand?post=706301"},{"taxonomy":"product_cat","embeddable":true,"href":"https:\/\/roveyayinevi.com.tr\/index.php\/wp-json\/wp\/v2\/product_cat?post=706301"},{"taxonomy":"product_tag","embeddable":true,"href":"https:\/\/roveyayinevi.com.tr\/index.php\/wp-json\/wp\/v2\/product_tag?post=706301"}],"curies":[{"name":"wp","href":"https:\/\/api.w.org\/{rel}","templated":true}]}}