{"id":706300,"date":"2025-08-27T15:54:44","date_gmt":"2025-08-27T12:54:44","guid":{"rendered":"https:\/\/roveyayinevi.com.tr\/index.php\/urun\/muhendislik-mekanigi-dinamik\/"},"modified":"2026-04-16T02:14:57","modified_gmt":"2026-04-15T23:14:57","slug":"muhendislik-mekanigi-dinamik","status":"publish","type":"product","link":"https:\/\/roveyayinevi.com.tr\/index.php\/urun\/muhendislik-mekanigi-dinamik\/","title":{"rendered":"M\u00fchendislik Mekani\u011fi &#8211; Dinamik"},"content":{"rendered":"<p>Literat\u00fcr Yay\u0131nc\u0131l\u0131k olarak, d\u00fcnyan\u0131n her yerinde \u00fcniversiteler ve e\u011fitim kurumlar\u0131nda yayg\u0131n bir \u015fekilde kullan\u0131lan kitab\u0131n 14. bas\u0131mdan \u00e7evirisini sunuyoruz.   Bu kitab\u0131n temel amac\u0131, \u00f6\u011frencilere m\u00fchendislik mekani\u011finin teori ve uygulamalar\u0131n\u0131 a\u00e7\u0131k ve ayr\u0131nt\u0131l\u0131 bir \u015fekilde sunmakt\u0131r. Orijinal kitab\u0131n yay\u0131n ekibi, bu bask\u0131y\u0131 haz\u0131rlarken t\u00fcm d\u00fcnyadan e\u011fitimcilerle birlikte \u00e7al\u0131\u015f\u0131p, \u00e7ok \u00e7e\u015fitli konular\u0131 ele alarak, de\u011fi\u015fik ihtiya\u00e7lara cevap vermeye ve \u00f6\u011frenciye en iyi \u00f6\u011frenim ara\u00e7lar\u0131n\u0131 sunmaya \u00f6zen g\u00f6stermi\u015ftir. Metrik bask\u0131 uyarlamas\u0131yla kitaptaki modern yakla\u015f\u0131m ve e\u011fitime uygunluk korunmu\u015f ancak de\u011fi\u015fiklik ve uyarlama da yap\u0131lm\u0131\u015f, yerellik g\u00f6zetilmi\u015ftir. \u0130\u00e7indekiler; Par\u00e7ac\u0131k Kinemati\u011fi Par\u00e7ac\u0131k Kineti\u011fi Kuvvet ve \u0130vme Par\u00e7ac\u0131k Kineti\u011fi \u0130\u015f ve Enerji Par\u00e7ac\u0131k Kineti\u011fi Kuvvet ve \u0130vme Par\u00e7ac\u0131k Kineti\u011fi: \u0130mpuls ve Momentum Rijit Cismin D\u00fczlemsel Kinemati\u011fi Rijit Cismin D\u00fczlemsel Kineti\u011fi: Kuvvet ve \u0130vme Rijit Cismin D\u00fczlemsel Kineti\u011fi: \u0130\u015f ve Enerji Rijit Cismin D\u00fczlemsel Kineti\u011fi: \u0130mpuls ve Momentum Rijit Cisimlerin \u00dc\u00e7 Boyutlu Kinemati\u011fi Rijit Cisimlerin \u00dc\u00e7 Boyutlu Kineti\u011fi Titre\u015fimler <\/p>\n","protected":false},"excerpt":{"rendered":"<p>Literat\u00fcr Yay\u0131nc\u0131l\u0131k olarak, d\u00fcnyan\u0131n her yerinde \u00fcniversiteler ve e\u011fitim kurumlar\u0131nda yayg\u0131n bir \u015fekilde kullan\u0131lan kitab\u0131n 14. bas\u0131mdan \u00e7evirisini sunuyoruz. Bu kitab\u0131n temel amac\u0131, \u00f6\u011frencilere m\u00fchendislik mekani\u011finin<span class=\"excerpt-hellip\"> [\u2026]<\/span><\/p>\n","protected":false},"featured_media":0,"template":"","meta":{"_monsterinsights_skip_tracking":false,"_monsterinsights_sitenote_active":false,"_monsterinsights_sitenote_note":"","_monsterinsights_sitenote_category":0},"product_brand":[],"product_cat":[12573,12566],"product_tag":[],"class_list":{"0":"post-706300","1":"product","2":"type-product","3":"status-publish","5":"product_cat-akademik-kitaplar","6":"product_cat-egitim","7":"pa_cilt-ciltsiz","8":"pa_tur-kitap","9":"pa_yayinevi-literatur-yayinevi-akademik","10":"pa_yazar-r-c-hibbeler","12":"first","13":"instock","14":"sale","15":"shipping-taxable","16":"purchasable","17":"product-type-simple"},"_links":{"self":[{"href":"https:\/\/roveyayinevi.com.tr\/index.php\/wp-json\/wp\/v2\/product\/706300","targetHints":{"allow":["GET"]}}],"collection":[{"href":"https:\/\/roveyayinevi.com.tr\/index.php\/wp-json\/wp\/v2\/product"}],"about":[{"href":"https:\/\/roveyayinevi.com.tr\/index.php\/wp-json\/wp\/v2\/types\/product"}],"wp:attachment":[{"href":"https:\/\/roveyayinevi.com.tr\/index.php\/wp-json\/wp\/v2\/media?parent=706300"}],"wp:term":[{"taxonomy":"product_brand","embeddable":true,"href":"https:\/\/roveyayinevi.com.tr\/index.php\/wp-json\/wp\/v2\/product_brand?post=706300"},{"taxonomy":"product_cat","embeddable":true,"href":"https:\/\/roveyayinevi.com.tr\/index.php\/wp-json\/wp\/v2\/product_cat?post=706300"},{"taxonomy":"product_tag","embeddable":true,"href":"https:\/\/roveyayinevi.com.tr\/index.php\/wp-json\/wp\/v2\/product_tag?post=706300"}],"curies":[{"name":"wp","href":"https:\/\/api.w.org\/{rel}","templated":true}]}}