{"id":706299,"date":"2025-08-27T15:54:44","date_gmt":"2025-08-27T12:54:44","guid":{"rendered":"https:\/\/roveyayinevi.com.tr\/index.php\/urun\/matematiksel-iktisadin-temel-yontemleri\/"},"modified":"2026-04-16T02:14:57","modified_gmt":"2026-04-15T23:14:57","slug":"matematiksel-iktisadin-temel-yontemleri","status":"publish","type":"product","link":"https:\/\/roveyayinevi.com.tr\/index.php\/urun\/matematiksel-iktisadin-temel-yontemleri\/","title":{"rendered":"Matematiksel \u0130ktisad\u0131n Temel Y\u00f6ntemleri"},"content":{"rendered":"<p>Bu kitap g\u00fcn\u00fcm\u00fcz iktisat yaz\u0131n\u0131n\u0131n hakk\u0131nca anla\u015f\u0131lmas\u0131 i\u00e7in ka\u00e7\u0131n\u0131lmaz hale gelen temel matematiksel y\u00f6ntemleri, iktisat \u00f6\u011frenimi g\u00f6ren \u00f6\u011frenciler taraf\u0131ndan kapsaml\u0131 olarak \u00f6\u011frenilmesi i\u00e7in yaz\u0131ld\u0131. Ne yaz\u0131k ki, \u00e7ok kimse i\u00e7in matematik \u00f6\u011frenme ac\u0131 ila\u00e7 alma gibidir &#8211; mutlaka gerekli ama son derece tats\u0131z bir i\u015f. &#8220;Matematik korkusu&#8221; olarak da adland\u0131r\u0131lan b\u00f6ylesi bir tutumun k\u00f6keni -inan\u0131yoruz ki- b\u00fcy\u00fck \u00f6l\u00e7\u00fcde matemati\u011fin \u00f6\u011frencilere sunulmas\u0131nda s\u0131kl\u0131kla izlenen o u\u011fursuz tav\u0131rda yatmaktad\u0131r. K\u0131sa ve \u00f6z olman\u0131n zarafet oldu\u011fu inanc\u0131yla, a\u00e7\u0131klamalar \u00e7o\u011fu zaman a\u00e7\u0131kl\u0131k sa\u011flamayacak \u00f6l\u00e7\u00fcde k\u0131sa tutulmakta ve bu da \u00f6\u011frencilerin kafas\u0131n\u0131 kar\u0131\u015ft\u0131rarak hak etmedikleri bir entelekt\u00fcel yetersizlik duygusuna yol a\u00e7maktad\u0131r. A\u015f\u0131r\u0131 formal bir sunu\u015f tarz\u0131, sezgisel a\u00e7\u0131klamalar ve &#8220;ge\u00e7erlili\u011fi&#8221; konusunda \u00f6rneklerle desteklenmedi\u011finde motivasyonu ortadan kald\u0131rabilir. \u0130\u015flenen konularda dengesiz bir ilerleme, belli baz\u0131 matematiksel konular\u0131n ger\u00e7ekte olduklar\u0131ndan daha zor g\u00f6r\u00fcnmelerine yol a\u00e7abilir. Son olarak, al\u0131\u015ft\u0131rma problemlerinin m\u00fcnhas\u0131ran karma\u015f\u0131k ve zor tutulmas\u0131, arzu edildi\u011fi gibi d\u00fc\u015f\u00fcnmeyi te\u015fvik etmek yerine \u00f6\u011frencinin kendine g\u00fcvenini yerle bir edebilir. Kitab\u0131n yazarlar\u0131 kitapla ilgili yazd\u0131klar\u0131 \u00f6ns\u00f6zde yukar\u0131da s\u0131ralanan olgular\u0131 dikkate alarak kitab\u0131n yaz\u0131 s\u00fcrecini \u015f\u00f6yle \u00f6zetlemi\u015fler: \u201cB\u00fct\u00fcn bunlar\u0131 dikkate alarak, korku yaratan \u00f6zellikleri en aza indirmek i\u00e7in \u00e7ok ciddi bir gayret sarf ettik. \u00dcst\u00fc kapal\u0131 a\u00e7\u0131klamalar yerine, olabildi\u011fince sab\u0131rl\u0131 a\u00e7\u0131klamalar verdik. \u00dcslubu bilerek resmiyetten uzak ve &#8220;okuyucu dostu&#8221; olarak se\u00e7tik. Rutin olarak, kitab\u0131 okurken \u00f6\u011frencilerin kafas\u0131nda olu\u015fabilece\u011fini d\u00fc\u015f\u00fcnd\u00fc\u011f\u00fcm\u00fcz sorular\u0131 \u00f6ng\u00f6rmeye ve cevaplamaya \u00e7al\u0131\u015ft\u0131k. Matemati\u011fin iktisat i\u00e7in ge\u00e7erlili\u011fini vurgulamak i\u00e7in \u00f6ncelikle iktisat\u00e7\u0131n\u0131n analitik gereksinimlerinin ilgili matematiksel tekniklerin incelenmesini gerektirdi\u011fini g\u00f6rd\u00fckten hemen sonra, bu teknikleri uygun iktisadi modeller ile \u00f6rneklendirerek sunduk. Yine, matematiksel aletler \u00e7antas\u0131n\u0131, temel nitelikteki aletler daha sonra ele al\u0131nacak daha ileri aletler i\u00e7in bir atlama ta\u015f\u0131 hizmetini g\u00f6recek \u015fekilde \u00e7ok dikkatlice geli\u015ftirilmi\u015f bir program \u00fczerine in\u015fa ettik. Uygun olan her yerde, grafiksel g\u00f6sterimlerle cebirsel sonu\u00e7lar g\u00f6rsel olarak desteklendi. Ve al\u0131\u015ft\u0131rma problemlerini, yeni ba\u015flayanlar\u0131 fark\u0131nda olmaks\u0131z\u0131n hayal k\u0131r\u0131kl\u0131\u011f\u0131na u\u011fratacak ve g\u00f6z\u00fcn\u00fc korkutacak keskin meydan okumalar olarak de\u011fil de kavramalar\u0131n\u0131 kolayla\u015ft\u0131racak ve kendine g\u00fcvenlerini peki\u015ftirecek al\u0131\u015ft\u0131rmalar olarak tasarlad\u0131k.\u201d \u0130\u00e7indekiler:   Matematiksel \u0130ktisad\u0131n Do\u011fas\u0131 \u0130ktisadi Modeller \u0130ktisatta Denge \u00c7\u00f6z\u00fcmlemesi Do\u011frusal Modeller ve Matris Cebri Do\u011frusal Modeller ve Matris Cebiri (Devam\u0131) Kar\u015f\u0131la\u015ft\u0131rmal\u0131 Dura\u011fanl\u0131klar ve T\u00fcrev Kavram\u0131 T\u00fcrev Alma Kurallar\u0131 ve Kar\u015f\u0131la\u015ft\u0131rmal\u0131 Dura\u011fanl\u0131klarda Kullan\u0131\u015flar\u0131 Genel Fonksiyon Modellerinde Kar\u015f\u0131la\u015ft\u0131rmal\u0131 Dura\u011fanl\u0131k \u00c7\u00f6z\u00fcmlemesi Optimizasyon: Denge \u00c7\u00f6z\u00fcmlemesinin \u00d6zel Bir \u00c7e\u015fidi \u00dcstel ve Logaritmik Fonksiyonlar\u0131 Birden \u00c7ok Se\u00e7im De\u011fi\u015fkeni Durumu E\u015fitlik K\u0131s\u0131tlamalar\u0131 Alt\u0131nda Optimizasyon \u0130leri Optimizasyon Konular\u0131 \u0130ktisadi Dinamiklik ve \u0130ntegral Kalk\u00fcl\u00fcs\u00fc S\u00fcrekli Zaman: Birinci-Mertebe T\u00fcrevsel Denklemler Y\u00fcksek Mertebe T\u00fcrevsel Denklemler Kesikli Zaman: Birinci-Mertebe Fark Denklemleri Y\u00fcksek Mertebeden Fark Denklemleri E\u015fanl\u0131 T\u00fcrevsel Denklemler ve Fark Denklemleri Optimal Kontrol Teorisi <\/p>\n","protected":false},"excerpt":{"rendered":"<p>Bu kitap g\u00fcn\u00fcm\u00fcz iktisat yaz\u0131n\u0131n\u0131n hakk\u0131nca anla\u015f\u0131lmas\u0131 i\u00e7in ka\u00e7\u0131n\u0131lmaz hale gelen temel matematiksel y\u00f6ntemleri, iktisat \u00f6\u011frenimi g\u00f6ren \u00f6\u011frenciler taraf\u0131ndan kapsaml\u0131 olarak \u00f6\u011frenilmesi i\u00e7in yaz\u0131ld\u0131. Ne yaz\u0131k<span class=\"excerpt-hellip\"> [\u2026]<\/span><\/p>\n","protected":false},"featured_media":0,"template":"","meta":{"_monsterinsights_skip_tracking":false,"_monsterinsights_sitenote_active":false,"_monsterinsights_sitenote_note":"","_monsterinsights_sitenote_category":0},"product_brand":[],"product_cat":[12573,12566],"product_tag":[],"class_list":{"0":"post-706299","1":"product","2":"type-product","3":"status-publish","5":"product_cat-akademik-kitaplar","6":"product_cat-egitim","7":"pa_cilt-ciltsiz","8":"pa_tur-kitap","9":"pa_yayinevi-literatur-yayinevi-akademik","10":"pa_yazar-alpha-c-chiang","11":"pa_yazar-kevin-wainwright","13":"first","14":"instock","15":"sale","16":"shipping-taxable","17":"purchasable","18":"product-type-simple"},"_links":{"self":[{"href":"https:\/\/roveyayinevi.com.tr\/index.php\/wp-json\/wp\/v2\/product\/706299","targetHints":{"allow":["GET"]}}],"collection":[{"href":"https:\/\/roveyayinevi.com.tr\/index.php\/wp-json\/wp\/v2\/product"}],"about":[{"href":"https:\/\/roveyayinevi.com.tr\/index.php\/wp-json\/wp\/v2\/types\/product"}],"wp:attachment":[{"href":"https:\/\/roveyayinevi.com.tr\/index.php\/wp-json\/wp\/v2\/media?parent=706299"}],"wp:term":[{"taxonomy":"product_brand","embeddable":true,"href":"https:\/\/roveyayinevi.com.tr\/index.php\/wp-json\/wp\/v2\/product_brand?post=706299"},{"taxonomy":"product_cat","embeddable":true,"href":"https:\/\/roveyayinevi.com.tr\/index.php\/wp-json\/wp\/v2\/product_cat?post=706299"},{"taxonomy":"product_tag","embeddable":true,"href":"https:\/\/roveyayinevi.com.tr\/index.php\/wp-json\/wp\/v2\/product_tag?post=706299"}],"curies":[{"name":"wp","href":"https:\/\/api.w.org\/{rel}","templated":true}]}}