{"id":706298,"date":"2025-08-27T15:54:43","date_gmt":"2025-08-27T12:54:43","guid":{"rendered":"https:\/\/roveyayinevi.com.tr\/index.php\/urun\/travma-ve-iyilesme-siddetin-sonuclari-ev-ici-istismardan-siyasi-terore\/"},"modified":"2026-04-16T02:14:57","modified_gmt":"2026-04-15T23:14:57","slug":"travma-ve-iyilesme-siddetin-sonuclari-ev-ici-istismardan-siyasi-terore","status":"publish","type":"product","link":"https:\/\/roveyayinevi.com.tr\/index.php\/urun\/travma-ve-iyilesme-siddetin-sonuclari-ev-ici-istismardan-siyasi-terore\/","title":{"rendered":"Travma ve \u0130yile\u015fme &#8211; \u015eiddetin Sonu\u00e7lar\u0131 Ev \u0130\u00e7i \u0130stismardan Siyasi Ter\u00f6re"},"content":{"rendered":"<p>Yay\u0131mland\u0131\u011f\u0131ndan bu yana d\u00fcnyada 400.000 satm\u0131\u015f alan\u0131n\u0131n bestselleri   \u201cVah\u015fete verilen ola\u011fan tepki, onu ak\u0131ldan \u00e7\u0131kar\u0131p atmakt\u0131r. Sosyal anla\u015fman\u0131n belli ihlalleri, y\u00fcksek sesle s\u00f6ylemek i\u00e7in fazlas\u0131yla korkun\u00e7tur; bunun kelime kar\u015f\u0131l\u0131\u011f\u0131, \u2018dile getirilemez\u2019 dir.\u201d   Sava\u015f gazileri, ev i\u00e7i \u015fiddet ve tecav\u00fcz ma\u011fdurlar\u0131, \u00e7ocukluk istismar\u0131 ve ensest kurbanlar\u0131&#8230; \u201cDile getirilmeyen\u201d in, vah\u015fetin tan\u0131klar\u0131&#8230; Ve taraf tutmak zorunda olan seyirciler&#8230; Failin taraf\u0131n\u0131 tutmak caziptir \u00e7\u00fcnk\u00fc her fail, seyircinin hi\u00e7bir \u015fey yapmamas\u0131n\u0131 ister. K\u00f6t\u00fc olan\u0131 g\u00f6rmemenin, duymaman\u0131n, konu\u015fmaman\u0131n evrensel arzusuna ba\u015fvurur. Ve kuvvetli bir insan haklar\u0131 hareketinin yoklu\u011funda, aktif tan\u0131kl\u0131k s\u00fcreci ka\u00e7\u0131n\u0131lmaz olarak unutman\u0131n aktif s\u00fcrecine teslim olur. Bast\u0131rma, \u00e7\u00f6z\u00fclme ve ink\u00e2r, bireysel bilin\u00e7 fenomeni oldu\u011fu kadar sosyal bir fenomendir de.   Judith Lewis Herman, travmay\u0131 t\u0131p literat\u00fcr\u00fcnde bir hastal\u0131k olarak kabul ettiren ve bu bak\u0131mdan t\u0131p tarihine ge\u00e7en Travma ve \u0130yile\u015fme adl\u0131 bu \u00e7al\u0131\u015fmas\u0131nda, \u00f6zellikle ev i\u00e7i ve cinsel \u015fiddet konular\u0131na e\u011filirken, hi\u00e7 kimsenin travmaya tek ba\u015f\u0131na g\u00f6\u011f\u00fcs geremeyece\u011fini vurguluyor. Hastal\u0131\u011f\u0131n do\u011fru te\u015fhis edilmesi, hastan\u0131n g\u00fcvenli\u011finin sa\u011flanmas\u0131 ve hastayla terapist aras\u0131ndaki ili\u015fkinin, iyile\u015fmeye giden yolun temel basamaklar\u0131 oldu\u011funu belirten Herman, ge\u00e7mi\u015fte ve g\u00fcn\u00fcm\u00fczde gerek psikiyatri alan\u0131nda gerekse toplumsal ya\u015fam ve hukuk d\u00fczleminde h\u00e2kim olan patriarkal anlay\u0131\u015f\u0131n kad\u0131n sorunlar\u0131na, \u00f6zellikle de kad\u0131na y\u00f6nelik \u015fiddet ve tecav\u00fcz sorunlar\u0131na e\u011filmede yetersiz kald\u0131\u011f\u0131n\u0131, hatta yanl\u0131\u015f sonu\u00e7lara vard\u0131\u011f\u0131n\u0131 ileri s\u00fcr\u00fcyor. Travma ve \u0130yile\u015fme, ma\u011fdurlar\u0131n tan\u0131kl\u0131\u011f\u0131na ba\u015fvurarak yap\u0131lm\u0131\u015f; bu alandaki b\u00fcy\u00fck bo\u015flu\u011fu dolduracak hem doktorlar\u0131n hem de konuyla ilgili herkesin okumadan ge\u00e7emeyece\u011fi kapsaml\u0131 bir \u00e7al\u0131\u015fma.   Travma ve \u0130yile\u015fme psikoloji alan\u0131nda b\u00fct\u00fcn d\u00fcnyada bir klasik olarak kabul edilmektedir.   Judith Lewis Herman, yazd\u0131\u011f\u0131 yeni \u00f6ns\u00f6z\u00fcnde eserin yaratt\u0131\u011f\u0131 tart\u0131\u015fmalardan, bu alandaki yeni yakla\u015f\u0131mlardan ve bu kitab\u0131n d\u00fcnyada travma vakalar\u0131 a\u00e7\u0131s\u0131ndan uzun vadedeki etkilerinden bahsediyor.     \u0130\u00e7indekiler:   Travmatik Bozukluklar Unutulmu\u015f Bir Tarih Ter\u00f6r Kopukluk Tutsakl\u0131k \u00c7ocuk \u0130stismar\u0131 <\/p>\n","protected":false},"excerpt":{"rendered":"<p>Yay\u0131mland\u0131\u011f\u0131ndan bu yana d\u00fcnyada 400.000 satm\u0131\u015f alan\u0131n\u0131n bestselleri \u201cVah\u015fete verilen ola\u011fan tepki, onu ak\u0131ldan \u00e7\u0131kar\u0131p atmakt\u0131r. Sosyal anla\u015fman\u0131n belli ihlalleri, y\u00fcksek sesle s\u00f6ylemek i\u00e7in fazlas\u0131yla korkun\u00e7tur;<span class=\"excerpt-hellip\"> [\u2026]<\/span><\/p>\n","protected":false},"featured_media":0,"template":"","meta":{"_monsterinsights_skip_tracking":false,"_monsterinsights_sitenote_active":false,"_monsterinsights_sitenote_note":"","_monsterinsights_sitenote_category":0},"product_brand":[],"product_cat":[12358,12357],"product_tag":[],"class_list":{"0":"post-706298","1":"product","2":"type-product","3":"status-publish","5":"product_cat-genel-psikoloji","6":"product_cat-psikoloji","7":"pa_cilt-ciltsiz","8":"pa_tur-kitap","9":"pa_yayinevi-literatur-yayinevi","10":"pa_yazar-judith-herman","12":"first","13":"instock","14":"sale","15":"shipping-taxable","16":"purchasable","17":"product-type-simple"},"_links":{"self":[{"href":"https:\/\/roveyayinevi.com.tr\/index.php\/wp-json\/wp\/v2\/product\/706298","targetHints":{"allow":["GET"]}}],"collection":[{"href":"https:\/\/roveyayinevi.com.tr\/index.php\/wp-json\/wp\/v2\/product"}],"about":[{"href":"https:\/\/roveyayinevi.com.tr\/index.php\/wp-json\/wp\/v2\/types\/product"}],"wp:attachment":[{"href":"https:\/\/roveyayinevi.com.tr\/index.php\/wp-json\/wp\/v2\/media?parent=706298"}],"wp:term":[{"taxonomy":"product_brand","embeddable":true,"href":"https:\/\/roveyayinevi.com.tr\/index.php\/wp-json\/wp\/v2\/product_brand?post=706298"},{"taxonomy":"product_cat","embeddable":true,"href":"https:\/\/roveyayinevi.com.tr\/index.php\/wp-json\/wp\/v2\/product_cat?post=706298"},{"taxonomy":"product_tag","embeddable":true,"href":"https:\/\/roveyayinevi.com.tr\/index.php\/wp-json\/wp\/v2\/product_tag?post=706298"}],"curies":[{"name":"wp","href":"https:\/\/api.w.org\/{rel}","templated":true}]}}