{"id":706295,"date":"2025-08-27T15:54:42","date_gmt":"2025-08-27T12:54:42","guid":{"rendered":"https:\/\/roveyayinevi.com.tr\/index.php\/urun\/koyluler-3\/"},"modified":"2026-04-16T02:14:57","modified_gmt":"2026-04-15T23:14:57","slug":"koyluler-3","status":"publish","type":"product","link":"https:\/\/roveyayinevi.com.tr\/index.php\/urun\/koyluler-3\/","title":{"rendered":"K\u00f6yl\u00fcler 3"},"content":{"rendered":"<p>Apayd\u0131n, k\u00f6yden gelen bir yazar olarak T\u00fcrk Kurtulu\u015f Sava\u015f\u0131\u2019n\u0131 konu edinen Toz Duman \u0130\u00e7inde ve Vatan Dediler\u2019le birlikte 1920\u2019li y\u0131llar T\u00fcrkiyesi\u2019ni de\u011fi\u015fik bir a\u00e7\u0131dan irdeleyen K\u00f6yl\u00fcler\u2019de sava\u015f \u00f6ncesi ve sonras\u0131 Anadolu k\u00f6yl\u00fcs\u00fcn\u00fcn dram\u0131n\u0131 ve devletle ili\u015fkilerini roman ger\u00e7e\u011fi i\u00e7inde yal\u0131n bir dille anlat\u0131yor.K\u00f6yden gelen bir yazar olarak Toz Duman \u0130\u00e7inde \/ Vatan Dediler \/ K\u00f6yl\u00fcler adl\u0131 roman \u00fc\u00e7lemesinin yaz\u0131lmas\u0131n\u0131 boynuma bor\u00e7 bildim ve yirmi y\u0131l bu a\u011f\u0131rl\u0131\u011f\u0131 i\u00e7imde ta\u015f\u0131d\u0131m. Yazmadan bu bor\u00e7tan kurtulamayaca\u011f\u0131m\u0131 anlad\u0131m. 1918\u2019lerden g\u00fcn\u00fcm\u00fcze kadar T\u00fcrk k\u00f6yl\u00fcs\u00fcn\u00fcn devlet i\u00e7indeki ve temeldeki yerini, geli\u015fimini \u00e7e\u015fitli kahramanlarla ili\u015fkisini irdelemeyi ama\u00e7lad\u0131m. Belki bir hesapla\u015fma bu; s\u00f6m\u00fcr\u00fcc\u00fc s\u0131n\u0131flarla, ayd\u0131nlarla ve y\u00f6neticilerle\u2026K\u00f6yl\u00fcm\u00fcz\u00fcn yaln\u0131zl\u0131\u011f\u0131n\u0131, umars\u0131zl\u0131\u011f\u0131n\u0131 \u00e7ocuklu\u011fumda bizzat kendim ya\u015fad\u0131m.On alt\u0131 y\u0131l askerlik yapan, Birinci D\u00fcnya Sava\u015f\u0131\u2019n\u0131n, Kurtulu\u015f Sava\u015f\u0131\u2019n\u0131n t\u00fcm cephelerinde tetik \u00e7eken ve yaral\u0131 olarak k\u00f6ye d\u00f6n\u00fcnce topraks\u0131z, i\u015fsiz, ekmeksiz kalan bir k\u00f6yl\u00fcn\u00fcn o\u011fluyum. \u00c7ocuklu\u011fum onu dinleyerek ge\u00e7ti. 1938\u2019de K\u00f6y \u00d6\u011fretmen Okulu (sonradan K\u00f6y Enstit\u00fcs\u00fc) \u00f6\u011frencisi oldu\u011fum g\u00fcn \u201cBu devlet seni okutuyor ya, t\u00fcm \u00e7ektiklerim, t\u00fcm ak\u0131tt\u0131\u011f\u0131m kan ve ter helal olsun\u201d dedi\u011fini unutamam.Ne kadar isterdi, kendisi s\u00f6ylesin ben yazay\u0131m ve ondan do\u011frudan yararlanay\u0131m. Ama o ya\u015flarda bunun \u00f6nemini yeterince kavrayamad\u0131m; sonradan anlayabildim ancak. Gene de onun an\u0131lar\u0131ndan \u00e7ok \u015feyler katt\u0131m roman\u0131ma.Bu romanlar\u0131m\u0131 T\u00fcrkiye Cumhuriyeti Devleti\u2019nin temelinde kemikleri, kan\u0131 ve teri bulunan, bug\u00fcn \u00e7o\u011funun ad\u0131 bile bilinmeyen o unutulmu\u015f insanlar\u0131n an\u0131s\u0131na sunuyorum. Onlardan birisiydi benim babam.Talip Apayd\u0131n <\/p>\n","protected":false},"excerpt":{"rendered":"<p>Apayd\u0131n, k\u00f6yden gelen bir yazar olarak T\u00fcrk Kurtulu\u015f Sava\u015f\u0131\u2019n\u0131 konu edinen Toz Duman \u0130\u00e7inde ve Vatan Dediler\u2019le birlikte 1920\u2019li y\u0131llar T\u00fcrkiyesi\u2019ni de\u011fi\u015fik bir a\u00e7\u0131dan irdeleyen K\u00f6yl\u00fcler\u2019de<span class=\"excerpt-hellip\"> [\u2026]<\/span><\/p>\n","protected":false},"featured_media":0,"template":"","meta":{"_monsterinsights_skip_tracking":false,"_monsterinsights_sitenote_active":false,"_monsterinsights_sitenote_note":"","_monsterinsights_sitenote_category":0},"product_brand":[],"product_cat":[12291,12745],"product_tag":[],"class_list":{"0":"post-706295","1":"product","2":"type-product","3":"status-publish","5":"product_cat-edebiyat","6":"product_cat-tarihi-roman","7":"pa_cilt-ciltsiz","8":"pa_tur-kitap","9":"pa_yayinevi-literatur-yayinevi","10":"pa_yazar-talip-apaydin","12":"first","13":"instock","14":"sale","15":"shipping-taxable","16":"purchasable","17":"product-type-simple"},"_links":{"self":[{"href":"https:\/\/roveyayinevi.com.tr\/index.php\/wp-json\/wp\/v2\/product\/706295","targetHints":{"allow":["GET"]}}],"collection":[{"href":"https:\/\/roveyayinevi.com.tr\/index.php\/wp-json\/wp\/v2\/product"}],"about":[{"href":"https:\/\/roveyayinevi.com.tr\/index.php\/wp-json\/wp\/v2\/types\/product"}],"wp:attachment":[{"href":"https:\/\/roveyayinevi.com.tr\/index.php\/wp-json\/wp\/v2\/media?parent=706295"}],"wp:term":[{"taxonomy":"product_brand","embeddable":true,"href":"https:\/\/roveyayinevi.com.tr\/index.php\/wp-json\/wp\/v2\/product_brand?post=706295"},{"taxonomy":"product_cat","embeddable":true,"href":"https:\/\/roveyayinevi.com.tr\/index.php\/wp-json\/wp\/v2\/product_cat?post=706295"},{"taxonomy":"product_tag","embeddable":true,"href":"https:\/\/roveyayinevi.com.tr\/index.php\/wp-json\/wp\/v2\/product_tag?post=706295"}],"curies":[{"name":"wp","href":"https:\/\/api.w.org\/{rel}","templated":true}]}}