{"id":706291,"date":"2025-08-27T15:54:40","date_gmt":"2025-08-27T12:54:40","guid":{"rendered":"https:\/\/roveyayinevi.com.tr\/index.php\/urun\/amerikan-sargisi\/"},"modified":"2026-04-16T02:14:56","modified_gmt":"2026-04-15T23:14:56","slug":"amerikan-sargisi","status":"publish","type":"product","link":"https:\/\/roveyayinevi.com.tr\/index.php\/urun\/amerikan-sargisi\/","title":{"rendered":"Amerikan Sarg\u0131s\u0131"},"content":{"rendered":"<p>Amerikan yard\u0131mlar\u0131n\u0131n kendini \u201cs\u00fcttozu ve bal\u0131kya\u011f\u0131\u201dyla g\u00f6sterdi\u011fi y\u0131llarda, Amerika\u2019yla i\u015f yapan baz\u0131 T\u00fcrk giri\u015fimcilerle bir grup Amerikal\u0131, Ankara\u2019ya yak\u0131n bir k\u00f6yde, bir pilot proje uygulamaya karar verir. Uzun tart\u0131\u015fmalar sonucunda, K\u0131z\u0131l\u00f6z k\u00f6y\u00fcnde karar k\u0131l\u0131n\u0131r. G\u00fcmrah ye\u015fillikleri, bereketli topraklar\u0131, \u015f\u0131r\u0131l \u015f\u0131r\u0131l akan sular\u0131yla, hem g\u00fczel hem de kimseye muhta\u00e7 olmadan ge\u00e7inip giden bir k\u00f6yd\u00fcr K\u0131z\u0131l\u00f6z. Okulu yetersizdir her k\u00f6y gibi ama \u00f6\u011fretmeni yamand\u0131r. Her k\u00f6y gibi eksikleri ganidir k\u00f6y\u00fcn ama k\u00f6yl\u00fcn\u00fcn umutlar\u0131 tamd\u0131r: \u201cBir g\u00fcn h\u00fck\u00fcmet buraya da mutlaka el atacakt\u0131r.\u201d Proje sahipleri k\u00f6ye gelip anlat\u0131rlar d\u00fc\u015f\u00fcnd\u00fcklerini ama k\u00f6yl\u00fcler anlamaz pek; yard\u0131m iste\u011fine de s\u0131cak bakmazlar. Ne var ki, Amerikal\u0131lar \u0131srarc\u0131d\u0131r bu konuda. Sonunda k\u00f6y\u00fcn k\u0131r bek\u00e7isi Temelo\u015f bir fikir at\u0131verir ortaya \u00f6ylesine. \u201cK\u00f6y\u00fcn r\u00fczg\u00e2r\u0131n\u0131 kesen \u015fu tepeyi kald\u0131r\u0131n\u201d deyiverir. Amerikal\u0131lar be\u011fenir bu fikri! Ba\u015flarlar \u00e7al\u0131\u015fmaya. Tepe yerle yeksan edilir; yerini geni\u015f bir ovaya b\u0131rak\u0131r. Buraya k\u00f6yl\u00fclerin deyi\u015fiyle \u201cFaynap\u0131l\u201d a\u011fa\u00e7lar\u0131 diker Amerikal\u0131lar. Ayr\u0131ca Amerika\u2019dan tavuk, dana getirip k\u00f6yde cins hayvan yeti\u015ftirmeye kalk\u0131\u015f\u0131rlar. K\u00f6ye bir gazino a\u00e7arlar, e\u011fitime de el atarlar. Ama i\u015fler pek umduklar\u0131 gibi gitmez. A\u011fa\u00e7lar koftur, meyve vermezler; hayvanlar da birer birer telef olurlar. Velhas\u0131l, \u00f6rnek proje k\u00f6yl\u00fcy\u00fc s\u0131kan, yoran bir boyunduru\u011fa d\u00f6n\u00fc\u015fm\u00fc\u015f, yard\u0131m eziyet olup \u00e7\u0131km\u0131\u015ft\u0131r. T\u00fcm bunlardan kurtulmak gerekmektedir ama nas\u0131l? \u00c7\u00f6z\u00fcm\u00fc yine k\u00f6y\u00fcn ak\u0131ll\u0131s\u0131, g\u00fcn g\u00f6rm\u00fc\u015f Temelo\u015f bulacakt\u0131r\u2026 Fakir Baykurt bu roman\u0131nda, di\u011fer romanlar\u0131ndan farkl\u0131 bir anlat\u0131m tekni\u011fi kullanm\u0131\u015f ve daha h\u0131zl\u0131 bir tempo yakalayarak, g\u00f6zlemleriyle memleket s\u0131n\u0131rlar\u0131n\u0131n d\u0131\u015f\u0131na uzanm\u0131\u015ft\u0131r. <\/p>\n","protected":false},"excerpt":{"rendered":"<p>Amerikan yard\u0131mlar\u0131n\u0131n kendini \u201cs\u00fcttozu ve bal\u0131kya\u011f\u0131\u201dyla g\u00f6sterdi\u011fi y\u0131llarda, Amerika\u2019yla i\u015f yapan baz\u0131 T\u00fcrk giri\u015fimcilerle bir grup Amerikal\u0131, Ankara\u2019ya yak\u0131n bir k\u00f6yde, bir pilot proje uygulamaya karar<span class=\"excerpt-hellip\"> [\u2026]<\/span><\/p>\n","protected":false},"featured_media":0,"template":"","meta":{"_monsterinsights_skip_tracking":false,"_monsterinsights_sitenote_active":false,"_monsterinsights_sitenote_note":"","_monsterinsights_sitenote_category":0},"product_brand":[],"product_cat":[12291,12292],"product_tag":[],"class_list":{"0":"post-706291","1":"product","2":"type-product","3":"status-publish","5":"product_cat-edebiyat","6":"product_cat-turk-edebiyati","7":"pa_cilt-ciltsiz","8":"pa_tur-kitap","9":"pa_yayinevi-literatur-yayinevi","10":"pa_yazar-fakir-baykurt","12":"first","13":"instock","14":"sale","15":"shipping-taxable","16":"purchasable","17":"product-type-simple"},"_links":{"self":[{"href":"https:\/\/roveyayinevi.com.tr\/index.php\/wp-json\/wp\/v2\/product\/706291","targetHints":{"allow":["GET"]}}],"collection":[{"href":"https:\/\/roveyayinevi.com.tr\/index.php\/wp-json\/wp\/v2\/product"}],"about":[{"href":"https:\/\/roveyayinevi.com.tr\/index.php\/wp-json\/wp\/v2\/types\/product"}],"wp:attachment":[{"href":"https:\/\/roveyayinevi.com.tr\/index.php\/wp-json\/wp\/v2\/media?parent=706291"}],"wp:term":[{"taxonomy":"product_brand","embeddable":true,"href":"https:\/\/roveyayinevi.com.tr\/index.php\/wp-json\/wp\/v2\/product_brand?post=706291"},{"taxonomy":"product_cat","embeddable":true,"href":"https:\/\/roveyayinevi.com.tr\/index.php\/wp-json\/wp\/v2\/product_cat?post=706291"},{"taxonomy":"product_tag","embeddable":true,"href":"https:\/\/roveyayinevi.com.tr\/index.php\/wp-json\/wp\/v2\/product_tag?post=706291"}],"curies":[{"name":"wp","href":"https:\/\/api.w.org\/{rel}","templated":true}]}}