{"id":706287,"date":"2025-08-27T15:54:38","date_gmt":"2025-08-27T12:54:38","guid":{"rendered":"https:\/\/roveyayinevi.com.tr\/index.php\/urun\/bas-belasi-yan-komsum\/"},"modified":"2026-04-16T02:14:56","modified_gmt":"2026-04-15T23:14:56","slug":"bas-belasi-yan-komsum","status":"publish","type":"product","link":"https:\/\/roveyayinevi.com.tr\/index.php\/urun\/bas-belasi-yan-komsum\/","title":{"rendered":"Ba\u015f Belas\u0131 Yan Kom\u015fum"},"content":{"rendered":"<p>Jason\u2019\u0131n, Haley\u2019nin hayallerinin i\u015fini ve hayallerinin evini k\u00e2busa \u00e7evirmesi uzun s\u00fcrmemi\u015fti. Adam tam bir barbard\u0131. \u0130\u015fte s\u00fcrekli onun kendisinden k\u00e2\u011f\u0131t, kalem, kitap gibi \u015feyleri, hatta masas\u0131n\u0131 \u201c\u00f6d\u00fcn\u00e7\u201d almas\u0131yla u\u011fra\u015fmak zorunda kal\u0131yordu. Fakat evde i\u015fler \u00e7ok daha k\u00f6t\u00fcyd\u00fc. Haley son be\u015f y\u0131ld\u0131r, d\u0131\u015far\u0131da as\u0131l\u0131 \u00e7ama\u015f\u0131rlar\u0131na tak\u0131lan ve evinin etraf\u0131na sa\u00e7\u0131lan paint ball toplar\u0131yla, g\u00fcr\u00fclt\u00fcl\u00fc m\u00fczikler ve partilerle, iki kez \u00e7iti t\u0131rman\u0131p Haley\u2019nin havuzunda y\u00fczmeye \u00e7al\u0131\u015fan \u00e7\u0131plak insanlarla, gecenin \u00fc\u00e7\u00fcnde sarho\u015f bir halde oynanan basketbol oyunlar\u0131yla, kad\u0131nlar\u0131n Jason\u2019\u0131n \u00f6n bah\u00e7esinde sinir krizi ge\u00e7irmesine ve bazen pislik herif \u00e7\u0131k\u0131p onlarla ilgilenmeyi reddetti\u011finde onun bah\u00e7esinde kriz ge\u00e7irmelerine katlanm\u0131\u015ft\u0131. S\u00fcrekli itilip kak\u0131lan taraf olmaktan b\u0131kan Haley de\u011fi\u015fecekti ve i\u015fe kom\u015fusundan ba\u015flamaya karar verdi\u011finde h\u0131zla Jason\u2019\u0131n d\u00fcnyas\u0131na \u00e7ekilece\u011fini hi\u00e7 hesaba katmam\u0131\u015ft\u0131. Fakat onun bir plan\u0131 vard\u0131 ve ba\u015f belas\u0131 yan kom\u015fusunun cazibesine kap\u0131l\u0131p oyununa gelmeye hi\u00e7 niyeti yoktu.Jason\u2019\u0131n bekledi\u011fi son \u015fey ise bah\u00e7esinden s\u00f6kt\u00fc\u011f\u00fc alelade \u00e7i\u00e7ekler y\u00fcz\u00fcnden utanga\u00e7 yan kom\u015fusunun kendini kaybetmesiydi. K\u0131sa s\u00fcre i\u00e7inde onu kanatlar\u0131 alt\u0131na almaya karar verdi\u011findeyse hayat\u0131na ne kadar rahat\u00e7a uydu\u011funu fark etmeye ba\u015flam\u0131\u015ft\u0131. Art\u0131k tek yapmas\u0131 gereken t\u00fcm bunlar\u0131n bir oyun olmad\u0131\u011f\u0131na onu ikna etmesiydi. <\/p>\n","protected":false},"excerpt":{"rendered":"<p>Jason\u2019\u0131n, Haley\u2019nin hayallerinin i\u015fini ve hayallerinin evini k\u00e2busa \u00e7evirmesi uzun s\u00fcrmemi\u015fti. Adam tam bir barbard\u0131. \u0130\u015fte s\u00fcrekli onun kendisinden k\u00e2\u011f\u0131t, kalem, kitap gibi \u015feyleri, hatta masas\u0131n\u0131<span class=\"excerpt-hellip\"> [\u2026]<\/span><\/p>\n","protected":false},"featured_media":0,"template":"","meta":{"_monsterinsights_skip_tracking":false,"_monsterinsights_sitenote_active":false,"_monsterinsights_sitenote_note":"","_monsterinsights_sitenote_category":0},"product_brand":[],"product_cat":[12291,12711],"product_tag":[],"class_list":{"0":"post-706287","1":"product","2":"type-product","3":"status-publish","5":"product_cat-edebiyat","6":"product_cat-roman-oyku","7":"pa_cilt-ciltsiz","8":"pa_tur-kitap","9":"pa_yayinevi-yabanci-yayinevi","10":"pa_yazar-r-l-mathewson","12":"first","13":"instock","14":"sale","15":"shipping-taxable","16":"purchasable","17":"product-type-simple"},"_links":{"self":[{"href":"https:\/\/roveyayinevi.com.tr\/index.php\/wp-json\/wp\/v2\/product\/706287","targetHints":{"allow":["GET"]}}],"collection":[{"href":"https:\/\/roveyayinevi.com.tr\/index.php\/wp-json\/wp\/v2\/product"}],"about":[{"href":"https:\/\/roveyayinevi.com.tr\/index.php\/wp-json\/wp\/v2\/types\/product"}],"wp:attachment":[{"href":"https:\/\/roveyayinevi.com.tr\/index.php\/wp-json\/wp\/v2\/media?parent=706287"}],"wp:term":[{"taxonomy":"product_brand","embeddable":true,"href":"https:\/\/roveyayinevi.com.tr\/index.php\/wp-json\/wp\/v2\/product_brand?post=706287"},{"taxonomy":"product_cat","embeddable":true,"href":"https:\/\/roveyayinevi.com.tr\/index.php\/wp-json\/wp\/v2\/product_cat?post=706287"},{"taxonomy":"product_tag","embeddable":true,"href":"https:\/\/roveyayinevi.com.tr\/index.php\/wp-json\/wp\/v2\/product_tag?post=706287"}],"curies":[{"name":"wp","href":"https:\/\/api.w.org\/{rel}","templated":true}]}}