{"id":706286,"date":"2025-08-27T15:54:38","date_gmt":"2025-08-27T12:54:38","guid":{"rendered":"https:\/\/roveyayinevi.com.tr\/index.php\/urun\/biz-olumluler\/"},"modified":"2026-04-16T02:14:56","modified_gmt":"2026-04-15T23:14:56","slug":"biz-olumluler","status":"publish","type":"product","link":"https:\/\/roveyayinevi.com.tr\/index.php\/urun\/biz-olumluler\/","title":{"rendered":"Biz, \u00d6l\u00fcml\u00fcler"},"content":{"rendered":"<p>Ya Se\u00e7ilmi\u015f Ki\u015fi de\u011filseniz?Ya zombilerle, ruh emici hayaletlerle ya da o mavi parlak g\u00f6zl\u00fc, \u00f6l\u00fcm getiren, yeni \u00e7\u0131kan \u015fey her ne ise onunla sava\u015fmas\u0131 gereken ki\u015fi de\u011filseniz?Ya sadece liseden mezun olmak, baloya gitmek ve birileri okulu tekrar havaya u\u00e7urmadan Henna\u2019ya \u00e7\u0131kma teklifi etmek isteyen Mickey gibiyseniz?\u00c7\u00fcnk\u00fc bazen her hafta bir yenisi ya\u015fanan krizlerden daha b\u00fcy\u00fck sorunlar da vard\u0131r ve bazen s\u0131radan hayat\u0131n\u0131zdaki s\u0131rad\u0131\u015f\u0131 \u015feyleri ke\u015ffetmeniz gerekir.Da\u011f aslanlar\u0131 en yak\u0131n arkada\u015f\u0131n\u0131za tap\u0131yor olsa bile.\u00d6d\u00fcll\u00fc yazar Patrick Ness\u2019in bu cesur roman\u0131 bize, ola\u011fand\u0131\u015f\u0131l\u0131\u011f\u0131n farkl\u0131 \u015fekillerde kar\u015f\u0131m\u0131za \u00e7\u0131kabilece\u011fini hat\u0131rlat\u0131yor.\u201cFarkl\u0131, komik ve sevgi dolu bir hikaye. Kesinlikle ka\u00e7\u0131r\u0131lmamal\u0131.\u201dKirkus Reviews\u201cNess\u2019in bilimkurgu roman\u0131, u\u00e7ar\u0131 f\u00fct\u00fcrist fantezilerle dalga ge\u00e7erken ayn\u0131 zamanda sadece hayatta olman\u0131n bile ne kadar \u00f6nemli bir zafer oldu\u011funu vurguluyor. Bu ak\u0131llarda kal\u0131c\u0131, duygusal ve okuru s\u0131k s\u0131k g\u00fcld\u00fcren kitap kesinlikle ba\u015far\u0131l\u0131 olacak.\u201dBooklist\u201cZ\u0131p\u0131r esprileri sevenler ve al\u0131\u015f\u0131lagelmi\u015f hikayeler yerine insan\u0131 d\u00fc\u015f\u00fcnd\u00fcren hik\u00e2yeleri tercih edenler, bu e\u015fsiz ve zekice ele al\u0131nm\u0131\u015f kurguyu takdir edecektir.\u201dSchool Library Journa<\/p>\n","protected":false},"excerpt":{"rendered":"<p>Ya Se\u00e7ilmi\u015f Ki\u015fi de\u011filseniz?Ya zombilerle, ruh emici hayaletlerle ya da o mavi parlak g\u00f6zl\u00fc, \u00f6l\u00fcm getiren, yeni \u00e7\u0131kan \u015fey her ne ise onunla sava\u015fmas\u0131 gereken ki\u015fi<span class=\"excerpt-hellip\"> [\u2026]<\/span><\/p>\n","protected":false},"featured_media":0,"template":"","meta":{"_monsterinsights_skip_tracking":false,"_monsterinsights_sitenote_active":false,"_monsterinsights_sitenote_note":"","_monsterinsights_sitenote_category":0},"product_brand":[],"product_cat":[12718,18102,12719],"product_tag":[],"class_list":{"0":"post-706286","1":"product","2":"type-product","3":"status-publish","5":"product_cat-din","6":"product_cat-edebiyat-roman","7":"product_cat-islam","8":"pa_cilt-ciltsiz","9":"pa_tur-kitap","10":"pa_yayinevi-yabanci-yayinevi","11":"pa_yazar-patrick-ness","13":"first","14":"instock","15":"sale","16":"shipping-taxable","17":"purchasable","18":"product-type-simple"},"_links":{"self":[{"href":"https:\/\/roveyayinevi.com.tr\/index.php\/wp-json\/wp\/v2\/product\/706286","targetHints":{"allow":["GET"]}}],"collection":[{"href":"https:\/\/roveyayinevi.com.tr\/index.php\/wp-json\/wp\/v2\/product"}],"about":[{"href":"https:\/\/roveyayinevi.com.tr\/index.php\/wp-json\/wp\/v2\/types\/product"}],"wp:attachment":[{"href":"https:\/\/roveyayinevi.com.tr\/index.php\/wp-json\/wp\/v2\/media?parent=706286"}],"wp:term":[{"taxonomy":"product_brand","embeddable":true,"href":"https:\/\/roveyayinevi.com.tr\/index.php\/wp-json\/wp\/v2\/product_brand?post=706286"},{"taxonomy":"product_cat","embeddable":true,"href":"https:\/\/roveyayinevi.com.tr\/index.php\/wp-json\/wp\/v2\/product_cat?post=706286"},{"taxonomy":"product_tag","embeddable":true,"href":"https:\/\/roveyayinevi.com.tr\/index.php\/wp-json\/wp\/v2\/product_tag?post=706286"}],"curies":[{"name":"wp","href":"https:\/\/api.w.org\/{rel}","templated":true}]}}