{"id":706285,"date":"2025-08-27T15:54:38","date_gmt":"2025-08-27T12:54:38","guid":{"rendered":"https:\/\/roveyayinevi.com.tr\/index.php\/urun\/ada-serisi-3-yaniyor\/"},"modified":"2026-04-16T02:14:56","modified_gmt":"2026-04-15T23:14:56","slug":"ada-serisi-3-yaniyor","status":"publish","type":"product","link":"https:\/\/roveyayinevi.com.tr\/index.php\/urun\/ada-serisi-3-yaniyor\/","title":{"rendered":"Ada Serisi 3 &#8211; Yan\u0131yor"},"content":{"rendered":"<p>\u201cKo\u015fun, diye d\u00fc\u015f\u00fcnd\u00fc Ada. Ate\u015finizi yak\u0131n. Direnin!Ada, insanlar\u0131n yan\u0131\u015f\u0131n\u0131 izlemekten zevk duyacakt\u0131. Yanmak en beter ac\u0131lar\u0131 getiriyordu. Ada hat\u0131rlay\u0131nca i\u00e7i bir tuhaf oldu, ard\u0131ndan o hat\u0131ras\u0131ndaki ac\u0131yla k\u00fckredi, nefretle k\u00f6p\u00fcrd\u00fc, g\u00f6z\u00fcn\u00fc kan b\u00fcr\u00fcd\u00fc ve asla dinmeyecek bir intikam h\u0131rs\u0131yla tutu\u015ftu. Ama bu gece ba\u015flang\u0131\u00e7 olacakt\u0131.\u201d\u201cGerilim dolu, g\u00fc\u00e7l\u00fc bir \u00e7\u0131k\u0131\u015f roman\u0131. Ada\u2019n\u0131n sinematografik anlat\u0131m\u0131 ve tehlikelerle dolu do\u011fas\u0131, Lost dizisi hayranlar\u0131na yepyeni bir b\u00f6l\u00fcm gibi gelecek.\u201d \u2013Publishers Weekly\u201cNil Adas\u0131\u2019na geri d\u00f6nmek i\u00e7in sab\u0131rs\u0131zlanan okurlar i\u00e7in s\u00fcr\u00fckleyici, gerilim dolu bir hik\u00e2ye.\u201d \u2013Kirkus ReviewKaybetmek se\u00e7enek de\u011fildi fakat kazanmak Skye\u2019\u0131n her \u015feyine mal olabilirdi&#8230;Skye\u2019\u0131n ve Rives\u2019\u0131n aday\u0131 yok etmek i\u00e7in g\u00f6stermi\u015f oldu\u011fu \u00e7abaya ra\u011fmen Nil Adas\u0131 hala varl\u0131\u011f\u0131n\u0131 s\u00fcrd\u00fcr\u00fcyordu. Ve Skye\u2019\u0131n pe\u015fini b\u0131rakmaya niyeti yok gibiydi. G\u00fcn ge\u00e7tik\u00e7e k\u00f6t\u00fcle\u015fen, inkar edemedi\u011fi bir karanl\u0131kla m\u00fccadele eden Skye giderek da\u011f\u0131lman\u0131n e\u015fi\u011fine do\u011fru s\u00fcr\u00fckleniyordu. Adan\u0131n g\u00fcc\u00fc giderek art\u0131yor ve Skye da kar\u015f\u0131 koymak i\u00e7in sava\u015f\u0131yordu. K\u0131sa s\u00fcre i\u00e7inde Skye, Nil Adas\u0131\u2019ndan ger\u00e7ekten kurtulabilmek i\u00e7in adan\u0131n ac\u0131mas\u0131z d\u00f6ng\u00fcs\u00fcn\u00fc k\u0131rmas\u0131 gerekti\u011fini ke\u015ffetti; ve bunu yaln\u0131z ba\u015f\u0131na yapmazd\u0131.Ada t\u00fcm g\u00fcc\u00fcn\u00fc serbest b\u0131rakt\u0131\u011f\u0131nda Skye hayal bir edemeyece\u011fi kadar ac\u0131mas\u0131z, imkans\u0131z bir se\u00e7im yapmak zorunda kalacakt\u0131. Ada saati ilerledik\u00e7e sadece ac\u0131 dolu tek bir ger\u00e7ek ortaya \u00e7\u0131km\u0131\u015ft\u0131: Yaln\u0131zca bir taraf kazanabilirdi.Kimler Nil Adas\u0131\u2019na geri d\u00f6necek ve kimler hayatta kalmay\u0131 ba\u015faracakt\u0131? <\/p>\n","protected":false},"excerpt":{"rendered":"<p>\u201cKo\u015fun, diye d\u00fc\u015f\u00fcnd\u00fc Ada. Ate\u015finizi yak\u0131n. Direnin!Ada, insanlar\u0131n yan\u0131\u015f\u0131n\u0131 izlemekten zevk duyacakt\u0131. Yanmak en beter ac\u0131lar\u0131 getiriyordu. Ada hat\u0131rlay\u0131nca i\u00e7i bir tuhaf oldu, ard\u0131ndan o hat\u0131ras\u0131ndaki<span class=\"excerpt-hellip\"> [\u2026]<\/span><\/p>\n","protected":false},"featured_media":0,"template":"","meta":{"_monsterinsights_skip_tracking":false,"_monsterinsights_sitenote_active":false,"_monsterinsights_sitenote_note":"","_monsterinsights_sitenote_category":0},"product_brand":[],"product_cat":[12291,14777],"product_tag":[],"class_list":{"0":"post-706285","1":"product","2":"type-product","3":"status-publish","5":"product_cat-edebiyat","6":"product_cat-fantastik","7":"pa_cilt-ciltli","8":"pa_tur-kitap","9":"pa_yayinevi-yabanci-yayinevi","10":"pa_yazar-lynne-matson","12":"first","13":"instock","14":"sale","15":"shipping-taxable","16":"purchasable","17":"product-type-simple"},"_links":{"self":[{"href":"https:\/\/roveyayinevi.com.tr\/index.php\/wp-json\/wp\/v2\/product\/706285","targetHints":{"allow":["GET"]}}],"collection":[{"href":"https:\/\/roveyayinevi.com.tr\/index.php\/wp-json\/wp\/v2\/product"}],"about":[{"href":"https:\/\/roveyayinevi.com.tr\/index.php\/wp-json\/wp\/v2\/types\/product"}],"wp:attachment":[{"href":"https:\/\/roveyayinevi.com.tr\/index.php\/wp-json\/wp\/v2\/media?parent=706285"}],"wp:term":[{"taxonomy":"product_brand","embeddable":true,"href":"https:\/\/roveyayinevi.com.tr\/index.php\/wp-json\/wp\/v2\/product_brand?post=706285"},{"taxonomy":"product_cat","embeddable":true,"href":"https:\/\/roveyayinevi.com.tr\/index.php\/wp-json\/wp\/v2\/product_cat?post=706285"},{"taxonomy":"product_tag","embeddable":true,"href":"https:\/\/roveyayinevi.com.tr\/index.php\/wp-json\/wp\/v2\/product_tag?post=706285"}],"curies":[{"name":"wp","href":"https:\/\/api.w.org\/{rel}","templated":true}]}}