{"id":706282,"date":"2025-08-27T15:54:36","date_gmt":"2025-08-27T12:54:36","guid":{"rendered":"https:\/\/roveyayinevi.com.tr\/index.php\/urun\/hata\/"},"modified":"2026-04-16T02:14:56","modified_gmt":"2026-04-15T23:14:56","slug":"hata","status":"publish","type":"product","link":"https:\/\/roveyayinevi.com.tr\/index.php\/urun\/hata\/","title":{"rendered":"Hata"},"content":{"rendered":"<p>Pek \u00e7ok y\u00f6nden tam bir oyuncuydu&#8230; Ama bu defa onu bekleyen \u00e7ok s\u0131k\u0131 bir oyundu\u2026John Logan istedi\u011fi her k\u0131z\u0131 tavlayabilirdi. Bu hokey y\u0131ld\u0131z\u0131 i\u00e7in hayat partiler ve tek gecelik ili\u015fkilerden ibaret gibiydi ama ba\u015ftan \u00e7\u0131kar\u0131c\u0131 g\u00fcl\u00fc\u015f\u00fcn\u00fcn ve rahat tav\u0131rlar\u0131n\u0131n alt\u0131nda, mezuniyetten sonraki y\u00fck\u00fcml\u00fcl\u00fckleriyle ilgili giderek artan bir umutsuzluk yat\u0131yordu.Grace Ivers, Logan\u2019la tesad\u00fcfen tan\u0131\u015ft\u0131\u011f\u0131nda hen\u00fcz birinci s\u0131n\u0131ftayd\u0131 ve \u015fans\u0131na inanam\u0131yordu. Ancak her \u015feyin g\u00f6r\u00fcnd\u00fc\u011f\u00fc kadar g\u00fczel olamayaca\u011f\u0131 ortaya \u00e7\u0131kacakt\u0131. Logan\u2019\u0131n d\u00fc\u015f\u00fcncesizce yapt\u0131\u011f\u0131 bir hata, Grace\u2019i ikinci s\u0131n\u0131fa daha olgun ve daha ak\u0131ll\u0131 d\u00f6nmesi i\u00e7in ate\u015flemi\u015fti. Kendisini k\u00fc\u00e7\u00fck d\u00fc\u015f\u00fcren kibirli hokey oyuncusunu unutmu\u015ftu ve kimsenin ac\u0131mas\u0131na ihtiyac\u0131 yoktu.\u015eimdi Logan ikinci bir \u015fans\u0131 hak etti\u011fine Grace\u2019i ikna etmeliydi. E\u011fer onu geri istiyorsa gururunu bir kenara b\u0131rak\u0131p bunun i\u00e7in u\u011fra\u015fmas\u0131 gerekecekti. Bu defa ipler Grace\u2019in elindeydi ve Grace onun s\u0131n\u0131rlar\u0131n\u0131 zorlamaya kararl\u0131yd\u0131.\u201cHata\u2019y\u0131 \u00f6yle \u00e7ok sevdim ki bitirir bitirmez yeniden ba\u015flad\u0131m. Serinin devam\u0131n\u0131 d\u00f6rt g\u00f6zle bekliyorum.\u201d \u2014Sophie Jordan\u201cY\u00fcrek \u0131s\u0131tan, komik, e\u011flenceli ve fazlas\u0131yla romantik. Hata, nefesimi kesti ve beni kendine tamam\u0131yla \u00e2\u015f\u0131k etti.\u201d \u2014Katy Evans\u201cElle Kennedy\u2019den a\u011fz\u0131m\u0131z\u0131 suland\u0131racak daha fazla hokey oyuncusu mu? Evet, l\u00fctfen! Hata, zekice yaz\u0131lm\u0131\u015f, ate\u015fli ve ba\u015f\u0131n\u0131z\u0131 d\u00f6nd\u00fcrecek bir roman. Hayranlar\u0131, kalplerini buz pistinde b\u0131rakacak.\u201d \u2014Sarina Bowen\u201cM\u00fckemmel bir yaz\u0131m tarz\u0131, kendimi g\u00f6rd\u00fc\u011f\u00fcm bir kad\u0131n kahraman ve minik kar\u0131n a\u011fr\u0131lar\u0131 ya\u015fatacak miktarda heyecan. \u00d6yle komikti ki!\u201d \u2014Maryse\u2019s Book Blog\u201cHata\u2019da arad\u0131\u011f\u0131n\u0131z her \u015fey var: arkada\u015fl\u0131k, a\u015fk, sadakat, mizah ve tutku.\u201d \u2014Totally Booked Blog\u201cElle Kennedy, okurlar\u0131na daha en ba\u015ftan kalplerini \u00e7alan iki karakter bah\u015fediyor. Sadakati ve fedak\u00e2rl\u0131\u011f\u0131yla kendine hayran b\u0131rakmamas\u0131 imk\u00e2ns\u0131z eski \u00e7apk\u0131n, pop\u00fcler bir sporcu. Ve a\u015fk\u0131n\u0131 yo\u011fun bir \u015fekilde ya\u015fayan ancak kendine de ayn\u0131 derecede sayg\u0131 duyan, g\u00fc\u00e7l\u00fc, ba\u011f\u0131ms\u0131z ve kibar bir kad\u0131n.\u201d \u2014Natasha is a Book Junkie\u201cKennedy e\u011flenceli, seksi ve oyunbaz romantizmiyle beni kitab\u0131n i\u00e7ine \u00e7ekerek onun hik\u00e2yelerini neden bu kadar \u00e7ok sevdi\u011fimi hat\u0131rlatt\u0131.\u201d \u2014Smexybooks\u201cHata bir romansta bay\u0131ld\u0131\u011f\u0131m her \u015feyi bar\u0131nd\u0131r\u0131yor: espriler, derinlik, a\u015fk ve a\u015fk\u0131n b\u00fcy\u00fck hareketlerle g\u00f6sterilmesi.\u201d \u2014Book Binge<\/p>\n","protected":false},"excerpt":{"rendered":"<p>Pek \u00e7ok y\u00f6nden tam bir oyuncuydu&#8230; Ama bu defa onu bekleyen \u00e7ok s\u0131k\u0131 bir oyundu\u2026John Logan istedi\u011fi her k\u0131z\u0131 tavlayabilirdi. Bu hokey y\u0131ld\u0131z\u0131 i\u00e7in hayat partiler<span class=\"excerpt-hellip\"> [\u2026]<\/span><\/p>\n","protected":false},"featured_media":0,"template":"","meta":{"_monsterinsights_skip_tracking":false,"_monsterinsights_sitenote_active":false,"_monsterinsights_sitenote_note":"","_monsterinsights_sitenote_category":0},"product_brand":[],"product_cat":[12291,12711],"product_tag":[],"class_list":{"0":"post-706282","1":"product","2":"type-product","3":"status-publish","5":"product_cat-edebiyat","6":"product_cat-roman-oyku","7":"pa_cilt-ciltsiz","8":"pa_tur-kitap","9":"pa_yayinevi-yabanci-yayinevi","10":"pa_yazar-elle-kennedy","12":"first","13":"instock","14":"sale","15":"shipping-taxable","16":"purchasable","17":"product-type-simple"},"_links":{"self":[{"href":"https:\/\/roveyayinevi.com.tr\/index.php\/wp-json\/wp\/v2\/product\/706282","targetHints":{"allow":["GET"]}}],"collection":[{"href":"https:\/\/roveyayinevi.com.tr\/index.php\/wp-json\/wp\/v2\/product"}],"about":[{"href":"https:\/\/roveyayinevi.com.tr\/index.php\/wp-json\/wp\/v2\/types\/product"}],"wp:attachment":[{"href":"https:\/\/roveyayinevi.com.tr\/index.php\/wp-json\/wp\/v2\/media?parent=706282"}],"wp:term":[{"taxonomy":"product_brand","embeddable":true,"href":"https:\/\/roveyayinevi.com.tr\/index.php\/wp-json\/wp\/v2\/product_brand?post=706282"},{"taxonomy":"product_cat","embeddable":true,"href":"https:\/\/roveyayinevi.com.tr\/index.php\/wp-json\/wp\/v2\/product_cat?post=706282"},{"taxonomy":"product_tag","embeddable":true,"href":"https:\/\/roveyayinevi.com.tr\/index.php\/wp-json\/wp\/v2\/product_tag?post=706282"}],"curies":[{"name":"wp","href":"https:\/\/api.w.org\/{rel}","templated":true}]}}