{"id":706281,"date":"2025-08-27T15:54:36","date_gmt":"2025-08-27T12:54:36","guid":{"rendered":"https:\/\/roveyayinevi.com.tr\/index.php\/urun\/hava-uyaniyor-1-kitap\/"},"modified":"2026-04-16T02:14:56","modified_gmt":"2026-04-15T23:14:56","slug":"hava-uyaniyor-1-kitap","status":"publish","type":"product","link":"https:\/\/roveyayinevi.com.tr\/index.php\/urun\/hava-uyaniyor-1-kitap\/","title":{"rendered":"Hava Uyan\u0131yor 1.Kitap"},"content":{"rendered":"<p>Solaris \u0130mparatorlu\u011fu, ba\u015fkenti birle\u015ftirmeye bir zafer uza\u011f\u0131ndayd\u0131 ve nadir g\u00f6r\u00fclen b\u00fcy\u00fcsel bir yak\u0131nl\u0131\u011f\u0131n sahibi, on yedi ya\u015f\u0131ndaki k\u00fct\u00fcphaneci \u00e7\u0131ra\u011f\u0131 Vhalla Yarl sava\u015f\u0131n seyrini de\u011fi\u015ftirebilirdi.Vhalla, B\u00fcy\u00fcc\u00fcler Kulesi\u2019ndeki gizemli b\u00fcy\u00fc toplulu\u011fundan uzak durmas\u0131 gerekti\u011fini bilerek b\u00fcy\u00fcm\u00fc\u015ft\u00fc ve kitaplar\u0131n sessiz d\u00fcnyas\u0131nda olduk\u00e7a mutluydu. Ancak fark\u0131na varmadan, gelmi\u015f ge\u00e7mi\u015f en b\u00fcy\u00fck b\u00fcy\u00fcc\u00fclerden biri olan Prens Aldrik\u2019in hayat\u0131n\u0131 kurtard\u0131ktan sonra, yava\u015f yava\u015f onun d\u00fcnyas\u0131na do\u011fru \u00e7ekildi\u011fini hissediyordu. \u015eimdi \u00f6n\u00fcnde vermesi gereken zor bir karar vard\u0131: Ya b\u00fcy\u00fcs\u00fcn\u00fc kabul edip bildi\u011fi hayat\u0131 terk edecek ya da b\u00fcy\u00fcc\u00fcl\u00fckten defedilip eski haline d\u00f6necekti. G\u00f6lgelerde dolanan kudretli g\u00fc\u00e7lerle birlikte, Vhalla\u2019n\u0131n karars\u0131zl\u0131\u011f\u0131 ona sand\u0131\u011f\u0131ndan \u00e7ok daha fazlas\u0131na mal olacakt\u0131.\u201cHava Uyan\u0131yor\u2019a bay\u0131ld\u0131m! Bu romanda Operadaki Hayalet ve K\u00fclkedisi, Elise Kova\u2019n\u0131n m\u00fckemmel bir \u015fekilde yaratt\u0131\u011f\u0131 d\u00fcnyada bir araya gelmi\u015f.\u201d\u2013 Michelle Madow, Elementals Serisi\u2019nin yazar\u0131\u201cBu kitab\u0131 elimden b\u0131rakamad\u0131m. Ne yapt\u0131\u011f\u0131m\u0131 bile fark etmeden sayfalar\u0131 birbiri ard\u0131na \u00e7evirmi\u015ftim bile.\u201d\u2013 The Fandom.net\u201cSevgili kitap tanr\u0131lar\u0131, te\u015fekk\u00fcrler. Bu harika eser i\u00e7in te\u015fekk\u00fcrler.\u201d\u2013 Rachel E. Carter, The Black Mage Serisi\u2019nin yazar\u0131\ufffcTan\u0131t\u0131m Metni<\/p>\n","protected":false},"excerpt":{"rendered":"<p>Solaris \u0130mparatorlu\u011fu, ba\u015fkenti birle\u015ftirmeye bir zafer uza\u011f\u0131ndayd\u0131 ve nadir g\u00f6r\u00fclen b\u00fcy\u00fcsel bir yak\u0131nl\u0131\u011f\u0131n sahibi, on yedi ya\u015f\u0131ndaki k\u00fct\u00fcphaneci \u00e7\u0131ra\u011f\u0131 Vhalla Yarl sava\u015f\u0131n seyrini de\u011fi\u015ftirebilirdi.Vhalla, B\u00fcy\u00fcc\u00fcler Kulesi\u2019ndeki<span class=\"excerpt-hellip\"> [\u2026]<\/span><\/p>\n","protected":false},"featured_media":0,"template":"","meta":{"_monsterinsights_skip_tracking":false,"_monsterinsights_sitenote_active":false,"_monsterinsights_sitenote_note":"","_monsterinsights_sitenote_category":0},"product_brand":[],"product_cat":[12291,12711],"product_tag":[],"class_list":{"0":"post-706281","1":"product","2":"type-product","3":"status-publish","5":"product_cat-edebiyat","6":"product_cat-roman-oyku","7":"pa_cilt-ciltsiz","8":"pa_tur-kitap","9":"pa_yayinevi-yabanci-yayinevi","10":"pa_yazar-elise-kova","12":"first","13":"instock","14":"sale","15":"shipping-taxable","16":"purchasable","17":"product-type-simple"},"_links":{"self":[{"href":"https:\/\/roveyayinevi.com.tr\/index.php\/wp-json\/wp\/v2\/product\/706281","targetHints":{"allow":["GET"]}}],"collection":[{"href":"https:\/\/roveyayinevi.com.tr\/index.php\/wp-json\/wp\/v2\/product"}],"about":[{"href":"https:\/\/roveyayinevi.com.tr\/index.php\/wp-json\/wp\/v2\/types\/product"}],"wp:attachment":[{"href":"https:\/\/roveyayinevi.com.tr\/index.php\/wp-json\/wp\/v2\/media?parent=706281"}],"wp:term":[{"taxonomy":"product_brand","embeddable":true,"href":"https:\/\/roveyayinevi.com.tr\/index.php\/wp-json\/wp\/v2\/product_brand?post=706281"},{"taxonomy":"product_cat","embeddable":true,"href":"https:\/\/roveyayinevi.com.tr\/index.php\/wp-json\/wp\/v2\/product_cat?post=706281"},{"taxonomy":"product_tag","embeddable":true,"href":"https:\/\/roveyayinevi.com.tr\/index.php\/wp-json\/wp\/v2\/product_tag?post=706281"}],"curies":[{"name":"wp","href":"https:\/\/api.w.org\/{rel}","templated":true}]}}