{"id":706280,"date":"2025-08-27T15:54:35","date_gmt":"2025-08-27T12:54:35","guid":{"rendered":"https:\/\/roveyayinevi.com.tr\/index.php\/urun\/onu-ozgur-birak\/"},"modified":"2026-04-16T02:14:56","modified_gmt":"2026-04-15T23:14:56","slug":"onu-ozgur-birak","status":"publish","type":"product","link":"https:\/\/roveyayinevi.com.tr\/index.php\/urun\/onu-ozgur-birak\/","title":{"rendered":"Onu \u00d6zg\u00fcr B\u0131rak"},"content":{"rendered":"<p>K\u0131r\u0131k D\u00f6k\u00fck\u2019\u00fcn yazar\u0131ndan aile, annelik ve vazge\u00e7mek \u00fczerine g\u00fc\u00e7l\u00fc ve ak\u0131llardan \u00e7\u0131kmayacak yeni bir roman.\u00c7aresiz ve kafas\u0131 kar\u0131\u015f\u0131k Zoe, k\u0131\u015f\u0131n ortas\u0131nda g\u00f6\u011fs\u00fcne bast\u0131rd\u0131\u011f\u0131 k\u00fc\u00e7\u00fcc\u00fck bir bebekle Rottnest Adas\u0131\u2019na giden bir feribota binmi\u015fti. Kocas\u0131n\u0131n onu bulaca\u011f\u0131ndan ya da k\u0131z karde\u015finin polisleri arayaca\u011f\u0131ndan delicesine korkuyordu.Y\u0131llar sonra ayn\u0131 adada, Louise ad\u0131nda bayg\u0131n ve yaln\u0131z bir gen\u00e7 k\u0131z bulundu. Acil m\u00fcdahaleden sonra iyile\u015fip evine d\u00f6nen gen\u00e7 k\u0131z, anne ve babas\u0131n\u0131n ge\u00e7mi\u015f ve yapt\u0131klar\u0131 se\u00e7imler hakk\u0131ndaki konu\u015fmalar\u0131na kulak misafiri oldu. Yava\u015f yava\u015f g\u00fcn y\u00fcz\u00fcne \u00e7\u0131kan s\u0131rlar\u0131ndan zarar g\u00f6recek tek aile onunki de\u011fildi ve Louise, bir daha asla eskisi gibi olmayacakt\u0131.Onu \u00d6zg\u00fcr B\u0131rak, aile, s\u0131rlar  ve sevginin do\u011furdu\u011fu zorluklar \u00fczerine duygu y\u00fckl\u00fc bir hik\u00e2ye. Okumay\u0131 bitirdikten sonra bile, \u2018Ben olsam ne yapard\u0131m?\u2019 diye d\u00fc\u015f\u00fcnmeye devam edeceksiniz.\u201cSon sat\u0131r\u0131na kadar sizi etkisi alt\u0131nda tutacak bir aile dramas\u0131.\u201d Adelaide Advertiser\u201cBarker\u2019\u0131n ikinci roman\u0131, annelik, s\u0131rlar ve yalanlar \u00fczerine g\u00fc\u00e7l\u00fc bir ke\u015fif.\u201d Who Weekly\u201cBarker, sempati duyulacak z\u0131t karakterler yaratm\u0131\u015f ve olaylara hangi a\u00e7\u0131dan bakacaklar\u0131 karar\u0131n\u0131 okura b\u0131rakm\u0131\u015f.\u201d Good Reading\u201cOnu \u00d6zg\u00fcr B\u0131rak, ta\u015f\u0131y\u0131c\u0131 annelik deneyiminde bir araya gelmi\u015f iki ailenin dinamikleri \u00fczerine yaz\u0131lm\u0131\u015f y\u00fcrek burkan bir hik\u00e2ye.\u201d West Austrilian\ufffcTan\u0131t\u0131m Metni<\/p>\n","protected":false},"excerpt":{"rendered":"<p>K\u0131r\u0131k D\u00f6k\u00fck\u2019\u00fcn yazar\u0131ndan aile, annelik ve vazge\u00e7mek \u00fczerine g\u00fc\u00e7l\u00fc ve ak\u0131llardan \u00e7\u0131kmayacak yeni bir roman.\u00c7aresiz ve kafas\u0131 kar\u0131\u015f\u0131k Zoe, k\u0131\u015f\u0131n ortas\u0131nda g\u00f6\u011fs\u00fcne bast\u0131rd\u0131\u011f\u0131 k\u00fc\u00e7\u00fcc\u00fck bir bebekle<span class=\"excerpt-hellip\"> [\u2026]<\/span><\/p>\n","protected":false},"featured_media":0,"template":"","meta":{"_monsterinsights_skip_tracking":false,"_monsterinsights_sitenote_active":false,"_monsterinsights_sitenote_note":"","_monsterinsights_sitenote_category":0},"product_brand":[],"product_cat":[12291,17033],"product_tag":[],"class_list":{"0":"post-706280","1":"product","2":"type-product","3":"status-publish","5":"product_cat-edebiyat","6":"product_cat-korku-gerilim","7":"pa_cilt-ciltsiz","8":"pa_tur-kitap","9":"pa_yayinevi-yabanci-yayinevi","10":"pa_yazar-dawn-barker","12":"first","13":"instock","14":"sale","15":"shipping-taxable","16":"purchasable","17":"product-type-simple"},"_links":{"self":[{"href":"https:\/\/roveyayinevi.com.tr\/index.php\/wp-json\/wp\/v2\/product\/706280","targetHints":{"allow":["GET"]}}],"collection":[{"href":"https:\/\/roveyayinevi.com.tr\/index.php\/wp-json\/wp\/v2\/product"}],"about":[{"href":"https:\/\/roveyayinevi.com.tr\/index.php\/wp-json\/wp\/v2\/types\/product"}],"wp:attachment":[{"href":"https:\/\/roveyayinevi.com.tr\/index.php\/wp-json\/wp\/v2\/media?parent=706280"}],"wp:term":[{"taxonomy":"product_brand","embeddable":true,"href":"https:\/\/roveyayinevi.com.tr\/index.php\/wp-json\/wp\/v2\/product_brand?post=706280"},{"taxonomy":"product_cat","embeddable":true,"href":"https:\/\/roveyayinevi.com.tr\/index.php\/wp-json\/wp\/v2\/product_cat?post=706280"},{"taxonomy":"product_tag","embeddable":true,"href":"https:\/\/roveyayinevi.com.tr\/index.php\/wp-json\/wp\/v2\/product_tag?post=706280"}],"curies":[{"name":"wp","href":"https:\/\/api.w.org\/{rel}","templated":true}]}}