{"id":706279,"date":"2025-08-27T15:54:35","date_gmt":"2025-08-27T12:54:35","guid":{"rendered":"https:\/\/roveyayinevi.com.tr\/index.php\/urun\/yolun-basi\/"},"modified":"2026-04-16T02:14:56","modified_gmt":"2026-04-15T23:14:56","slug":"yolun-basi","status":"publish","type":"product","link":"https:\/\/roveyayinevi.com.tr\/index.php\/urun\/yolun-basi\/","title":{"rendered":"Yolun Ba\u015f\u0131"},"content":{"rendered":"<p>\u201caraziler dolusu susuzluktun ku\u015flarla payla\u015ft\u0131\u011f\u0131matlar kusuyordu b\u00f6\u011fr\u00fcme ben mavi deyip duruyordumiyiydik peri\u015fanl\u0131\u011fa ra\u011fmen olabildi\u011fince ma\u011frurdukniye k\u0131\u015fk\u0131rtt\u0131n tabiat\u0131 \u0131rmaklar\u0131 ba\u015ftan \u00e7\u0131kartt\u0131ngel anlat \u015fimdi k\u00f6lelikten kurtulman\u0131n asaletini!omurlar\u0131m a\u011fr\u0131yor bak d\u00fc\u015f\u00fcn omur a\u011fr\u0131s\u0131 ne demekomurlar\u0131n a\u011fr\u0131mas\u0131 bu y\u00fck\u00fc ta\u015f\u0131yam\u0131yorum demekkedilerine trip yap art\u0131k derdini ev arkada\u015flar\u0131na anlatu\u011furlarken beni sak\u0131n d\u00f6nme diyordun ya geriunuttu\u011fun bir \u015fey vard\u0131 ge\u00e7mi\u015fti d\u00f6nmeler mevsimi!\u201dAli Lidar zaman\u0131 geriye sar\u0131p ge\u00e7mi\u015fe bir selam \u00e7ak\u0131yor. Unuttuklar\u0131m\u0131z\u0131 hat\u0131rlat\u0131yor, \u00f6zlediklerimizi, ya\u015fl\u0131 evimizin avlusunu, eski sevgilinin kokusunu&#8230;G\u00f6ky\u00fcz\u00fcndeki melek yere inerken annemiz \u00e7ay demliyor.\u00c7ocuklu\u011fumuz, kaybettiklerimiz, dertlerimiz yan\u0131 ba\u015f\u0131m\u0131zda. Hayat\u0131m\u0131z pamuk ipli\u011fine ba\u011fl\u0131 olsa da yolun ba\u015f\u0131nday\u0131z, Yolun Ba\u015f\u0131\u2019nda&#8230; <\/p>\n","protected":false},"excerpt":{"rendered":"<p>\u201caraziler dolusu susuzluktun ku\u015flarla payla\u015ft\u0131\u011f\u0131matlar kusuyordu b\u00f6\u011fr\u00fcme ben mavi deyip duruyordumiyiydik peri\u015fanl\u0131\u011fa ra\u011fmen olabildi\u011fince ma\u011frurdukniye k\u0131\u015fk\u0131rtt\u0131n tabiat\u0131 \u0131rmaklar\u0131 ba\u015ftan \u00e7\u0131kartt\u0131ngel anlat \u015fimdi k\u00f6lelikten kurtulman\u0131n asaletini!omurlar\u0131m a\u011fr\u0131yor<span class=\"excerpt-hellip\"> [\u2026]<\/span><\/p>\n","protected":false},"featured_media":0,"template":"","meta":{"_monsterinsights_skip_tracking":false,"_monsterinsights_sitenote_active":false,"_monsterinsights_sitenote_note":"","_monsterinsights_sitenote_category":0},"product_brand":[],"product_cat":[12291,12509],"product_tag":[],"class_list":{"0":"post-706279","1":"product","2":"type-product","3":"status-publish","5":"product_cat-edebiyat","6":"product_cat-siir","7":"pa_cilt-ciltsiz","8":"pa_tur-kitap","9":"pa_yayinevi-ithaki-yayinlari","10":"pa_yazar-ali-lidar","12":"first","13":"instock","14":"sale","15":"shipping-taxable","16":"purchasable","17":"product-type-simple"},"_links":{"self":[{"href":"https:\/\/roveyayinevi.com.tr\/index.php\/wp-json\/wp\/v2\/product\/706279","targetHints":{"allow":["GET"]}}],"collection":[{"href":"https:\/\/roveyayinevi.com.tr\/index.php\/wp-json\/wp\/v2\/product"}],"about":[{"href":"https:\/\/roveyayinevi.com.tr\/index.php\/wp-json\/wp\/v2\/types\/product"}],"wp:attachment":[{"href":"https:\/\/roveyayinevi.com.tr\/index.php\/wp-json\/wp\/v2\/media?parent=706279"}],"wp:term":[{"taxonomy":"product_brand","embeddable":true,"href":"https:\/\/roveyayinevi.com.tr\/index.php\/wp-json\/wp\/v2\/product_brand?post=706279"},{"taxonomy":"product_cat","embeddable":true,"href":"https:\/\/roveyayinevi.com.tr\/index.php\/wp-json\/wp\/v2\/product_cat?post=706279"},{"taxonomy":"product_tag","embeddable":true,"href":"https:\/\/roveyayinevi.com.tr\/index.php\/wp-json\/wp\/v2\/product_tag?post=706279"}],"curies":[{"name":"wp","href":"https:\/\/api.w.org\/{rel}","templated":true}]}}