{"id":706278,"date":"2025-08-27T15:54:35","date_gmt":"2025-08-27T12:54:35","guid":{"rendered":"https:\/\/roveyayinevi.com.tr\/index.php\/urun\/sandman-2-bebek-evi\/"},"modified":"2026-04-16T02:14:56","modified_gmt":"2026-04-15T23:14:56","slug":"sandman-2-bebek-evi","status":"publish","type":"product","link":"https:\/\/roveyayinevi.com.tr\/index.php\/urun\/sandman-2-bebek-evi\/","title":{"rendered":"Sandman 2: Bebek Evi"},"content":{"rendered":"<p>T\u00fcm zamanlar\u0131n hem en pop\u00fcler, hem de ele\u015ftirmenlerce en \u00e7ok be\u011fenilen grafik romanlar\u0131ndan biri olan Sandman, \u00e7izgi roman d\u00fcnyas\u0131nda olgun ve lirik fantazinin d\u00f6n\u00fcm noktas\u0131 oldu. Mecran\u0131n en aranan sanat\u00e7\u0131lar\u0131n\u0131n resimlendirdi\u011fi seri, modern ve antik mitolojilerin \u00e7a\u011fda\u015f kurgularla, tarihi dramalarla ve efsanelerle beraber dokundu\u011fu zengin bir kar\u0131\u015f\u0131m olan Sandman maceras\u0131n\u0131n ikinci cildi, uzun zamand\u0131r kay\u0131p akrabalar\u0131n\u0131, bir kongrede bulu\u015fan seri katilleri ve nihayetinde ger\u00e7ek kimli\u011fini k\u0131sacas\u0131 bekledi\u011finden \u00e7ok daha fazlas\u0131n\u0131 bulan Rose Walker\u2019\u0131n pe\u015finden gidiyor. \u0130plerin kendisine \u00e7ok daha yak\u0131n birinin elinde oldu\u011fundan habersiz R\u00fcyalar Efendisi\u2019yse gizemi \u00e7\u00f6zmeye \u00e7al\u0131\u015f\u0131yor.Clive Barker\u2019\u0131n sunumuyla\u201c\u00c7izgi roman tarihindeki en m\u00fcthi\u015f destan.\u201d\u2013The Los Angeles Times Magazine\u201cNeil Gaiman hik\u00e2yelerle dolu bir hazine sand\u0131\u011f\u0131 ve elini hangi i\u015fe atsa biz karl\u0131 \u00e7\u0131k\u0131yoruz.\u201d\u2013Stephen King\u201c\u00c7izgi roman okuyup okumaman\u0131z umurumda bile de\u011fil ama bu seriyi kesinlikle okumal\u0131s\u0131n\u0131z.\u201d\u2013Patrick Rothfuss\u201cGaiman, zengin bir hayal g\u00fcc\u00fcne ve b\u00fcy\u00fck konular\u0131 ustal\u0131kla anlatma yetene\u011fine sahip.\u201d\u2013Philip Pullman <\/p>\n","protected":false},"excerpt":{"rendered":"<p>T\u00fcm zamanlar\u0131n hem en pop\u00fcler, hem de ele\u015ftirmenlerce en \u00e7ok be\u011fenilen grafik romanlar\u0131ndan biri olan Sandman, \u00e7izgi roman d\u00fcnyas\u0131nda olgun ve lirik fantazinin d\u00f6n\u00fcm noktas\u0131 oldu.<span class=\"excerpt-hellip\"> [\u2026]<\/span><\/p>\n","protected":false},"featured_media":0,"template":"","meta":{"_monsterinsights_skip_tracking":false,"_monsterinsights_sitenote_active":false,"_monsterinsights_sitenote_note":"","_monsterinsights_sitenote_category":0},"product_brand":[],"product_cat":[12689,12274],"product_tag":[],"class_list":{"0":"post-706278","1":"product","2":"type-product","3":"status-publish","5":"product_cat-cizgi-roman-cocuk-ve-genclik-kitaplari","6":"product_cat-cocuk-ve-genclik-kitaplari","7":"pa_cilt-ciltsiz","8":"pa_tur-kitap","9":"pa_yayinevi-ithaki-yayinlari","10":"pa_yazar-neil-gaiman","12":"first","13":"instock","14":"sale","15":"shipping-taxable","16":"purchasable","17":"product-type-simple"},"_links":{"self":[{"href":"https:\/\/roveyayinevi.com.tr\/index.php\/wp-json\/wp\/v2\/product\/706278","targetHints":{"allow":["GET"]}}],"collection":[{"href":"https:\/\/roveyayinevi.com.tr\/index.php\/wp-json\/wp\/v2\/product"}],"about":[{"href":"https:\/\/roveyayinevi.com.tr\/index.php\/wp-json\/wp\/v2\/types\/product"}],"wp:attachment":[{"href":"https:\/\/roveyayinevi.com.tr\/index.php\/wp-json\/wp\/v2\/media?parent=706278"}],"wp:term":[{"taxonomy":"product_brand","embeddable":true,"href":"https:\/\/roveyayinevi.com.tr\/index.php\/wp-json\/wp\/v2\/product_brand?post=706278"},{"taxonomy":"product_cat","embeddable":true,"href":"https:\/\/roveyayinevi.com.tr\/index.php\/wp-json\/wp\/v2\/product_cat?post=706278"},{"taxonomy":"product_tag","embeddable":true,"href":"https:\/\/roveyayinevi.com.tr\/index.php\/wp-json\/wp\/v2\/product_tag?post=706278"}],"curies":[{"name":"wp","href":"https:\/\/api.w.org\/{rel}","templated":true}]}}