{"id":706277,"date":"2025-08-27T15:54:34","date_gmt":"2025-08-27T12:54:34","guid":{"rendered":"https:\/\/roveyayinevi.com.tr\/index.php\/urun\/sandman-1-preludler-nokturnler\/"},"modified":"2026-04-16T02:14:56","modified_gmt":"2026-04-15T23:14:56","slug":"sandman-1-preludler-nokturnler","status":"publish","type":"product","link":"https:\/\/roveyayinevi.com.tr\/index.php\/urun\/sandman-1-preludler-nokturnler\/","title":{"rendered":"Sandman 1: Prel\u00fcdler   Nokt\u00fcrnler"},"content":{"rendered":"<p>T\u00fcm zamanlar\u0131n en iyi grafik roman\u0131 yepyeni ve yetkin \u00e7evirisi ile hak etti\u011fi yerde!Sandman maceras\u0131n\u0131n bu ilk cildi grafik edebiyatta e\u015fi benzeri g\u00f6r\u00fclmemi\u015f bir efsanenin temelini at\u0131p okurlar\u0131 r\u00fcyalarla k\u00e2buslar\u0131n karanl\u0131k ve b\u00fcy\u00fcleyici d\u00fcnyas\u0131na, R\u00fcyalar Kral\u0131 Morpheus ve di\u011fer Sonsuzlar\u0131n mek\u00e2n\u0131na g\u00f6t\u00fcr\u00fcyor.T\u00fcm zamanlar\u0131n hem en pop\u00fcler, hem de ele\u015ftirmenlerce en \u00e7ok be\u011fenilen grafik romanlar\u0131ndan biri olan Sandman, \u00e7izgi roman d\u00fcnyas\u0131nda olgun ve lirik fantezinin d\u00f6n\u00fcm noktas\u0131 oldu. Mecran\u0131n en aranan sanat\u00e7\u0131lar\u0131n\u0131n birlikte resimlendirdikleri seri, modern ve antik mitolojilerin, \u00e7a\u011fda\u015f kurgularla, tarihi dramalarla ve efsanelerle beraber dokundu\u011fu zengin bir kar\u0131\u015f\u0131m.\u201c\u00c7izgi roman tarihindeki en m\u00fcthi\u015f destan.\u201d\u2013The Los Angeles Times Magazine\u201cNeil Gaiman hik\u00e2yelerle dolu bir hazine sand\u0131\u011f\u0131 ve elini hangi i\u015fe atsa biz karl\u0131 \u00e7\u0131k\u0131yoruz.\u201d\u2013Stephen King\u201c\u00c7izgi roman okuyup okumaman\u0131z umurumda bile de\u011fil ama bu seriyi kesinlikle okumal\u0131s\u0131n\u0131z.\u201d\u2013Patrick Rothfuss\u201cGaiman, zengin bir hayal g\u00fcc\u00fcne ve b\u00fcy\u00fck konular\u0131 ustal\u0131kla anlatma yetene\u011fine sahip.\u201d\u2013Philip Pullman <\/p>\n","protected":false},"excerpt":{"rendered":"<p>T\u00fcm zamanlar\u0131n en iyi grafik roman\u0131 yepyeni ve yetkin \u00e7evirisi ile hak etti\u011fi yerde!Sandman maceras\u0131n\u0131n bu ilk cildi grafik edebiyatta e\u015fi benzeri g\u00f6r\u00fclmemi\u015f bir efsanenin temelini<span class=\"excerpt-hellip\"> [\u2026]<\/span><\/p>\n","protected":false},"featured_media":0,"template":"","meta":{"_monsterinsights_skip_tracking":false,"_monsterinsights_sitenote_active":false,"_monsterinsights_sitenote_note":"","_monsterinsights_sitenote_category":0},"product_brand":[],"product_cat":[12291,12866],"product_tag":[],"class_list":{"0":"post-706277","1":"product","2":"type-product","3":"status-publish","5":"product_cat-edebiyat","6":"product_cat-ingiliz-edebiyati","7":"pa_cilt-ciltsiz","8":"pa_tur-kitap","9":"pa_yayinevi-ithaki-yayinlari","10":"pa_yazar-neil-gaiman","12":"first","13":"instock","14":"sale","15":"shipping-taxable","16":"purchasable","17":"product-type-simple"},"_links":{"self":[{"href":"https:\/\/roveyayinevi.com.tr\/index.php\/wp-json\/wp\/v2\/product\/706277","targetHints":{"allow":["GET"]}}],"collection":[{"href":"https:\/\/roveyayinevi.com.tr\/index.php\/wp-json\/wp\/v2\/product"}],"about":[{"href":"https:\/\/roveyayinevi.com.tr\/index.php\/wp-json\/wp\/v2\/types\/product"}],"wp:attachment":[{"href":"https:\/\/roveyayinevi.com.tr\/index.php\/wp-json\/wp\/v2\/media?parent=706277"}],"wp:term":[{"taxonomy":"product_brand","embeddable":true,"href":"https:\/\/roveyayinevi.com.tr\/index.php\/wp-json\/wp\/v2\/product_brand?post=706277"},{"taxonomy":"product_cat","embeddable":true,"href":"https:\/\/roveyayinevi.com.tr\/index.php\/wp-json\/wp\/v2\/product_cat?post=706277"},{"taxonomy":"product_tag","embeddable":true,"href":"https:\/\/roveyayinevi.com.tr\/index.php\/wp-json\/wp\/v2\/product_tag?post=706277"}],"curies":[{"name":"wp","href":"https:\/\/api.w.org\/{rel}","templated":true}]}}