{"id":706274,"date":"2025-08-27T15:54:33","date_gmt":"2025-08-27T12:54:33","guid":{"rendered":"https:\/\/roveyayinevi.com.tr\/index.php\/urun\/dorian-garyin-portresi\/"},"modified":"2026-04-16T02:14:56","modified_gmt":"2026-04-15T23:14:56","slug":"dorian-garyin-portresi","status":"publish","type":"product","link":"https:\/\/roveyayinevi.com.tr\/index.php\/urun\/dorian-garyin-portresi\/","title":{"rendered":"Dorian Gary&#8217;in Portresi"},"content":{"rendered":"<p>\u201c\u0130nsanlar, Dorian Gray\u2019in Portresi\u2019ni okuduklar\u0131nda kendi g\u00fcnahlar\u0131n\u0131 g\u00f6r\u00fcyor. Ancak kitapta Dorian Gray\u2019in g\u00fcnah\u0131n\u0131n ne oldu\u011funu kimse bilmiyor. Bu g\u00fcnah\u0131, yaln\u0131zca g\u00fcnah\u0131 i\u015fleyenler fark ediyor.\u201dJames Joyce\u201cOrta s\u0131n\u0131f i\u00e7in hi\u00e7bir sanat\u00e7\u0131, Oscar Wilde kadar \u00e7aba g\u00f6stermemi\u015ftir.\u201dG.K. ChestertonOscar Wilde\u2019\u0131n tek roman\u0131 ve en bilinen eseri olan Dorian Gray\u2019in Portresi, g\u00fczelli\u011fiyle herkesi etkileyen ama yozla\u015fm\u0131\u015f bir adam\u0131n k\u00f6t\u00fcl\u00fck, aldatmaca ve skandallarla \u00f6r\u00fcl\u00fc hikayesini g\u00f6zler \u00f6n\u00fcne seriyor.Kendisi yerine portresinin ya\u015flanmas\u0131n\u0131 isteyen Dorian\u2019\u0131n bu dile\u011finin ger\u00e7ekle\u015fmesi \u00fczerine t\u00fcm hayat\u0131 de\u011fi\u015fir. Bu s\u0131rr\u0131n a\u011f\u0131rl\u0131\u011f\u0131 g\u00fcn ge\u00e7tik\u00e7e artt\u0131\u011f\u0131ndan, Dorian\u2019\u0131n zul\u00fcmleri ve ahl\u00e2ks\u0131zl\u0131\u011f\u0131 da ayn\u0131 derecede artar.Yaz\u0131ld\u0131\u011f\u0131 andan itibaren pek \u00e7ok tart\u0131\u015fmaya sebep olan ve Wilde\u2019\u0131n \u00f6z sans\u00fcr uygulad\u0131\u011f\u0131 bu sansasyonel roman, insan k\u00f6t\u00fcl\u00fc\u011f\u00fcn\u00fc estetikle birle\u015ftiren, sanat\u0131n k\u00f6klerini irdeleyen, Wilde\u2019a bir sanat\u00e7\u0131 olarak hak etti\u011fi de\u011feri kazand\u0131ran bir ba\u015fyap\u0131t. Ancak Oscar Wilde\u2019\u0131n da dedi\u011fi gibi \u201cSanatk\u00e2r g\u00fczel \u015feylerin yarat\u0131c\u0131s\u0131d\u0131r\u2026 T\u00fcm sanatlar olduk\u00e7a beyhudedir.\u201d\u0130thaki Yay\u0131nlar\u0131 bu eseri, yazar G.K. Chesterton\u2019\u0131n \u00f6ns\u00f6z\u00fc ve akademisyen James Gifford\u2019\u0131n sons\u00f6z\u00fcyle okurlara sunuyor. <\/p>\n","protected":false},"excerpt":{"rendered":"<p>\u201c\u0130nsanlar, Dorian Gray\u2019in Portresi\u2019ni okuduklar\u0131nda kendi g\u00fcnahlar\u0131n\u0131 g\u00f6r\u00fcyor. Ancak kitapta Dorian Gray\u2019in g\u00fcnah\u0131n\u0131n ne oldu\u011funu kimse bilmiyor. Bu g\u00fcnah\u0131, yaln\u0131zca g\u00fcnah\u0131 i\u015fleyenler fark ediyor.\u201dJames Joyce\u201cOrta s\u0131n\u0131f<span class=\"excerpt-hellip\"> [\u2026]<\/span><\/p>\n","protected":false},"featured_media":0,"template":"","meta":{"_monsterinsights_skip_tracking":false,"_monsterinsights_sitenote_active":false,"_monsterinsights_sitenote_note":"","_monsterinsights_sitenote_category":0},"product_brand":[],"product_cat":[12291,13872],"product_tag":[],"class_list":{"0":"post-706274","1":"product","2":"type-product","3":"status-publish","5":"product_cat-edebiyat","6":"product_cat-klasikler","7":"pa_cilt-ciltsiz","8":"pa_tur-kitap","9":"pa_yayinevi-ithaki-yayinlari","10":"pa_yazar-oscar-wilde","12":"first","13":"instock","14":"sale","15":"shipping-taxable","16":"purchasable","17":"product-type-simple"},"_links":{"self":[{"href":"https:\/\/roveyayinevi.com.tr\/index.php\/wp-json\/wp\/v2\/product\/706274","targetHints":{"allow":["GET"]}}],"collection":[{"href":"https:\/\/roveyayinevi.com.tr\/index.php\/wp-json\/wp\/v2\/product"}],"about":[{"href":"https:\/\/roveyayinevi.com.tr\/index.php\/wp-json\/wp\/v2\/types\/product"}],"wp:attachment":[{"href":"https:\/\/roveyayinevi.com.tr\/index.php\/wp-json\/wp\/v2\/media?parent=706274"}],"wp:term":[{"taxonomy":"product_brand","embeddable":true,"href":"https:\/\/roveyayinevi.com.tr\/index.php\/wp-json\/wp\/v2\/product_brand?post=706274"},{"taxonomy":"product_cat","embeddable":true,"href":"https:\/\/roveyayinevi.com.tr\/index.php\/wp-json\/wp\/v2\/product_cat?post=706274"},{"taxonomy":"product_tag","embeddable":true,"href":"https:\/\/roveyayinevi.com.tr\/index.php\/wp-json\/wp\/v2\/product_tag?post=706274"}],"curies":[{"name":"wp","href":"https:\/\/api.w.org\/{rel}","templated":true}]}}