{"id":706273,"date":"2025-08-27T15:54:32","date_gmt":"2025-08-27T12:54:32","guid":{"rendered":"https:\/\/roveyayinevi.com.tr\/index.php\/urun\/faust-5\/"},"modified":"2026-04-16T02:14:56","modified_gmt":"2026-04-15T23:14:56","slug":"faust-5","status":"publish","type":"product","link":"https:\/\/roveyayinevi.com.tr\/index.php\/urun\/faust-5\/","title":{"rendered":"Faust"},"content":{"rendered":"<p>Goethe\u2019yi neredeyse b\u00fct\u00fcn hayat\u0131 boyunca me\u015fgul eden Faust, hemen her okura cazip gelecek olaylar ve kahramanlar kadar, ele\u015ftirmenleri ve yorumcular\u0131 u\u011fra\u015ft\u0131racak muammalarla da dolu bir yap\u0131t.\u0130ster \u015eeytan\u2019la anla\u015fma imzalayan kahraman\u0131n\u0131n \u015fa\u015f\u0131rt\u0131c\u0131 \u00f6yk\u00fcs\u00fc olarak okunsun, ister b\u00fcy\u00fck bir sanat\u00e7\u0131n\u0131n k\u00f6kl\u00fc bir edebiyat gelene\u011findeki say\u0131s\u0131z temay\u0131 ve motifi bir potada eritmeyi ba\u015fard\u0131\u011f\u0131 bir ba\u015fyap\u0131t g\u00f6z\u00fcyle ele al\u0131ns\u0131n, Faust\u2019un s\u0131rr\u0131n\u0131 korumas\u0131n\u0131n ard\u0131nda belki de Heine\u2019nin \u015fu g\u00f6zlemi yatmaktad\u0131r: \u201cHerkes kendi Faust\u2019unu yazmak isterdi\u2026\u201d\u201cGoethe ger\u00e7ekten de Dante\u2019nin ba\u015flatt\u0131\u011f\u0131 \u00e7a\u011f\u0131n en son b\u00fcy\u00fck yazar\u0131d\u0131r.\u201dHarold BloomFaust I ve II\u2019yi Gen\u00e7 Osman Yava\u015f\u2019\u0131n \u00e7evirisiyle sundu\u011fumuz bu ciltte, B.W. Wells\u2019in ayd\u0131nlat\u0131c\u0131 yorumlar\u0131n\u0131 i\u00e7eren bir \u00f6ns\u00f6z\u00fc de bulabilirsiniz. <\/p>\n","protected":false},"excerpt":{"rendered":"<p>Goethe\u2019yi neredeyse b\u00fct\u00fcn hayat\u0131 boyunca me\u015fgul eden Faust, hemen her okura cazip gelecek olaylar ve kahramanlar kadar, ele\u015ftirmenleri ve yorumcular\u0131 u\u011fra\u015ft\u0131racak muammalarla da dolu bir yap\u0131t.\u0130ster<span class=\"excerpt-hellip\"> [\u2026]<\/span><\/p>\n","protected":false},"featured_media":0,"template":"","meta":{"_monsterinsights_skip_tracking":false,"_monsterinsights_sitenote_active":false,"_monsterinsights_sitenote_note":"","_monsterinsights_sitenote_category":0},"product_brand":[],"product_cat":[12782,12291],"product_tag":[],"class_list":{"0":"post-706273","1":"product","2":"type-product","3":"status-publish","5":"product_cat-alman-edebiyati","6":"product_cat-edebiyat","7":"pa_cilt-ciltsiz","8":"pa_tur-kitap","9":"pa_yayinevi-ithaki-yayinlari","10":"pa_yazar-goethe","12":"first","13":"instock","14":"sale","15":"shipping-taxable","16":"purchasable","17":"product-type-simple"},"_links":{"self":[{"href":"https:\/\/roveyayinevi.com.tr\/index.php\/wp-json\/wp\/v2\/product\/706273","targetHints":{"allow":["GET"]}}],"collection":[{"href":"https:\/\/roveyayinevi.com.tr\/index.php\/wp-json\/wp\/v2\/product"}],"about":[{"href":"https:\/\/roveyayinevi.com.tr\/index.php\/wp-json\/wp\/v2\/types\/product"}],"wp:attachment":[{"href":"https:\/\/roveyayinevi.com.tr\/index.php\/wp-json\/wp\/v2\/media?parent=706273"}],"wp:term":[{"taxonomy":"product_brand","embeddable":true,"href":"https:\/\/roveyayinevi.com.tr\/index.php\/wp-json\/wp\/v2\/product_brand?post=706273"},{"taxonomy":"product_cat","embeddable":true,"href":"https:\/\/roveyayinevi.com.tr\/index.php\/wp-json\/wp\/v2\/product_cat?post=706273"},{"taxonomy":"product_tag","embeddable":true,"href":"https:\/\/roveyayinevi.com.tr\/index.php\/wp-json\/wp\/v2\/product_tag?post=706273"}],"curies":[{"name":"wp","href":"https:\/\/api.w.org\/{rel}","templated":true}]}}